{"id":54888,"date":"2025-03-14T14:30:24","date_gmt":"2025-03-14T18:30:24","guid":{"rendered":"https:\/\/hypertension.ca\/?page_id=54888"},"modified":"2025-03-14T14:30:24","modified_gmt":"2025-03-14T18:30:24","slug":"gagnants-du-concours-mmm","status":"publish","type":"page","link":"https:\/\/hypertension.idlwebclients.com\/fr\/awards\/gagnants-du-concours-mmm\/","title":{"rendered":"Gagnants du concours MMM"},"content":{"rendered":"<div id=\"modal-ready\"><section class=\"l-section wpb_row height_medium\"><div class=\"l-section-h i-cf\"><div class=\"g-cols vc_row via_flex valign_top type_default stacking_default\"><div class=\"vc_col-sm-12 wpb_column vc_column_container\"><div class=\"vc_column-inner\"><div class=\"wpb_wrapper\">[vc_custom_heading text=\u00a0\u00bb2021 May Measurement Month<br \/>\nContest Winners\u00a0\u00bb font_container=\u00a0\u00bbtag:h1|text_align:center\u00a0\u00bb google_fonts=\u00a0\u00bbfont_family:Open%20Sans%3A300%2C300italic%2Cregular%2Citalic%2C600%2C600italic%2C700%2C700italic%2C800%2C800italic|font_style:600%20bold%20regular%3A600%3Anormal\u00a0\u00bb el_class=\u00a0\u00bbtitle-underline small-underline\u00a0\u00bb css=\u00a0\u00bb%7B%22default%22%3A%7B%22color%22%3A%22_header_middle_text_hover%22%2C%22font-family%22%3A%22h1%22%2C%22font-weight%22%3A%22600%22%7D%7D\u00a0\u00bb]<div class=\"g-cols wpb_row us_custom_2ca7329d via_flex valign_top type_default stacking_default\"><div class=\"vc_col-sm-3 wpb_column vc_column_container\"><div class=\"vc_column-inner\"><div class=\"wpb_wrapper\"><div class=\"w-image award-winner-img align_none\"><div class=\"w-image-h\"><img fetchpriority=\"high\" decoding=\"async\" width=\"768\" height=\"1024\" src=\"https:\/\/hypertension.idlwebclients.com\/wp-content\/uploads\/2025\/01\/Timothy-Smith-1-768x1024.jpg\" class=\"attachment-large size-large\" alt=\"\" srcset=\"https:\/\/hypertension.idlwebclients.com\/wp-content\/uploads\/2025\/01\/Timothy-Smith-1-768x1024.jpg 768w, https:\/\/hypertension.idlwebclients.com\/wp-content\/uploads\/2025\/01\/Timothy-Smith-1-225x300.jpg 225w, https:\/\/hypertension.idlwebclients.com\/wp-content\/uploads\/2025\/01\/Timothy-Smith-1-150x200.jpg 150w, https:\/\/hypertension.idlwebclients.com\/wp-content\/uploads\/2025\/01\/Timothy-Smith-1-300x400.jpg 300w, https:\/\/hypertension.idlwebclients.com\/wp-content\/uploads\/2025\/01\/Timothy-Smith-1-375x500.jpg 375w, https:\/\/hypertension.idlwebclients.com\/wp-content\/uploads\/2025\/01\/Timothy-Smith-1-75x100.jpg 75w, https:\/\/hypertension.idlwebclients.com\/wp-content\/uploads\/2025\/01\/Timothy-Smith-1-500x667.jpg 500w, https:\/\/hypertension.idlwebclients.com\/wp-content\/uploads\/2025\/01\/Timothy-Smith-1-700x934.jpg 700w, https:\/\/hypertension.idlwebclients.com\/wp-content\/uploads\/2025\/01\/Timothy-Smith-1.jpg 979w\" sizes=\"(max-width: 768px) 100vw, 768px\" \/><\/div><\/div><div class=\"wpb_text_column\"><div class=\"wpb_wrapper\"><h3 style=\"text-align: center;\"><strong>Tim Smith<\/strong><\/h3>\n<p style=\"text-align: center;\">\u00ab\u00a0Ce qui est mesur\u00e9 est g\u00e9r\u00e9.\u00a0\u00bb<\/p>\n<\/div><\/div><\/div><\/div><\/div><div class=\"vc_col-sm-3 wpb_column vc_column_container\"><div class=\"vc_column-inner\"><div class=\"wpb_wrapper\"><div class=\"w-image award-winner-img align_none\"><div class=\"w-image-h\"><img decoding=\"async\" width=\"768\" height=\"1024\" src=\"https:\/\/hypertension.idlwebclients.com\/wp-content\/uploads\/2025\/01\/Twyla-Lapointe-1-768x1024.jpg\" class=\"attachment-large size-large\" alt=\"\" srcset=\"https:\/\/hypertension.idlwebclients.com\/wp-content\/uploads\/2025\/01\/Twyla-Lapointe-1-768x1024.jpg 768w, https:\/\/hypertension.idlwebclients.com\/wp-content\/uploads\/2025\/01\/Twyla-Lapointe-1-225x300.jpg 225w, https:\/\/hypertension.idlwebclients.com\/wp-content\/uploads\/2025\/01\/Twyla-Lapointe-1-150x200.jpg 150w, https:\/\/hypertension.idlwebclients.com\/wp-content\/uploads\/2025\/01\/Twyla-Lapointe-1-300x400.jpg 300w, https:\/\/hypertension.idlwebclients.com\/wp-content\/uploads\/2025\/01\/Twyla-Lapointe-1-375x500.jpg 375w, https:\/\/hypertension.idlwebclients.com\/wp-content\/uploads\/2025\/01\/Twyla-Lapointe-1-75x100.jpg 75w, https:\/\/hypertension.idlwebclients.com\/wp-content\/uploads\/2025\/01\/Twyla-Lapointe-1-500x667.jpg 500w, https:\/\/hypertension.idlwebclients.com\/wp-content\/uploads\/2025\/01\/Twyla-Lapointe-1-700x934.jpg 700w, https:\/\/hypertension.idlwebclients.com\/wp-content\/uploads\/2025\/01\/Twyla-Lapointe-1.jpg 926w\" sizes=\"(max-width: 768px) 100vw, 768px\" \/><\/div><\/div><div class=\"wpb_text_column\"><div class=\"wpb_wrapper\"><h3 style=\"text-align: center;\"><strong>Twyla Lapointe<\/strong><\/h3>\n<p style=\"text-align: center;\">\u00ab\u00a0Prendre soin de votre tension art\u00e9rielle vous aide \u00e0 apprendre \u00e0 g\u00e9rer votre niveau de stress, qui contribue \u00e0 tous les domaines de la sant\u00e9 et du bien-\u00eatre. \u00catre attentif \u00e0 votre tension art\u00e9rielle vous aide \u00e0 g\u00e9rer votre sant\u00e9 globale.\u00a0\u00bb<\/p>\n<\/div><\/div><\/div><\/div><\/div><div class=\"vc_col-sm-3 wpb_column vc_column_container\"><div class=\"vc_column-inner\"><div class=\"wpb_wrapper\"><div class=\"w-image award-winner-img align_none\"><div class=\"w-image-h\"><img decoding=\"async\" width=\"1024\" height=\"768\" src=\"https:\/\/hypertension.idlwebclients.com\/wp-content\/uploads\/2025\/01\/Craig-MacAlpine-1-1024x768.jpg\" class=\"attachment-large size-large\" alt=\"\" srcset=\"https:\/\/hypertension.idlwebclients.com\/wp-content\/uploads\/2025\/01\/Craig-MacAlpine-1-1024x768.jpg 1024w, https:\/\/hypertension.idlwebclients.com\/wp-content\/uploads\/2025\/01\/Craig-MacAlpine-1-300x225.jpg 300w, https:\/\/hypertension.idlwebclients.com\/wp-content\/uploads\/2025\/01\/Craig-MacAlpine-1-200x150.jpg 200w, https:\/\/hypertension.idlwebclients.com\/wp-content\/uploads\/2025\/01\/Craig-MacAlpine-1-533x400.jpg 533w, https:\/\/hypertension.idlwebclients.com\/wp-content\/uploads\/2025\/01\/Craig-MacAlpine-1-667x500.jpg 667w, https:\/\/hypertension.idlwebclients.com\/wp-content\/uploads\/2025\/01\/Craig-MacAlpine-1-100x75.jpg 100w, https:\/\/hypertension.idlwebclients.com\/wp-content\/uploads\/2025\/01\/Craig-MacAlpine-1-500x375.jpg 500w, https:\/\/hypertension.idlwebclients.com\/wp-content\/uploads\/2025\/01\/Craig-MacAlpine-1-700x525.jpg 700w, https:\/\/hypertension.idlwebclients.com\/wp-content\/uploads\/2025\/01\/Craig-MacAlpine-1.jpg 1459w\" sizes=\"(max-width: 1024px) 100vw, 1024px\" \/><\/div><\/div><div class=\"wpb_text_column\"><div class=\"wpb_wrapper\"><h3 style=\"text-align: center;\"><strong>Craig MacAlpine<\/strong><\/h3>\n<p style=\"text-align: center;\">\u00ab\u00a0Le contr\u00f4le de la pression art\u00e9rielle est essentiel pour pr\u00e9venir les \u00e9v\u00e9nements CV. M\u00eame dans des conditions m\u00e9dicales telles que le diab\u00e8te, le contr\u00f4le de la pression art\u00e9rielle est tout aussi important que le contr\u00f4le de la glyc\u00e9mie. HBPM peut \u00eatre essentiel dans la surveillance de ce contr\u00f4le ainsi que des mesures AOBP en clinique.\u00a0\u00bb<\/p>\n<\/div><\/div><\/div><\/div><\/div><div class=\"vc_col-sm-3 wpb_column vc_column_container\"><div class=\"vc_column-inner\"><div class=\"wpb_wrapper\"><div class=\"w-image award-winner-img align_none\"><div class=\"w-image-h\"><img loading=\"lazy\" decoding=\"async\" width=\"484\" height=\"1024\" src=\"https:\/\/hypertension.idlwebclients.com\/wp-content\/uploads\/2025\/01\/Karissa-Javier-1-484x1024.jpg\" class=\"attachment-large size-large\" alt=\"\" srcset=\"https:\/\/hypertension.idlwebclients.com\/wp-content\/uploads\/2025\/01\/Karissa-Javier-1-484x1024.jpg 484w, https:\/\/hypertension.idlwebclients.com\/wp-content\/uploads\/2025\/01\/Karissa-Javier-1-142x300.jpg 142w, https:\/\/hypertension.idlwebclients.com\/wp-content\/uploads\/2025\/01\/Karissa-Javier-1-95x200.jpg 95w, https:\/\/hypertension.idlwebclients.com\/wp-content\/uploads\/2025\/01\/Karissa-Javier-1-189x400.jpg 189w, https:\/\/hypertension.idlwebclients.com\/wp-content\/uploads\/2025\/01\/Karissa-Javier-1-237x500.jpg 237w, https:\/\/hypertension.idlwebclients.com\/wp-content\/uploads\/2025\/01\/Karissa-Javier-1-47x100.jpg 47w, https:\/\/hypertension.idlwebclients.com\/wp-content\/uploads\/2025\/01\/Karissa-Javier-1-500x1057.jpg 500w, https:\/\/hypertension.idlwebclients.com\/wp-content\/uploads\/2025\/01\/Karissa-Javier-1-700x1480.jpg 700w, https:\/\/hypertension.idlwebclients.com\/wp-content\/uploads\/2025\/01\/Karissa-Javier-1.jpg 763w\" sizes=\"(max-width: 484px) 100vw, 484px\" \/><\/div><\/div><div class=\"wpb_text_column\"><div class=\"wpb_wrapper\"><h3 style=\"text-align: center;\"><strong>Karissa Javier<\/strong><\/h3>\n<p style=\"text-align: center;\">\u00ab\u00a0Les deux c\u00f4t\u00e9s de ma famille souffrent d&rsquo;hypertension, mon mari est hypertendu et j&rsquo;ai \u00e9t\u00e9 hospitalis\u00e9e pour pr\u00e9\u00e9clampsie apr\u00e8s avoir donn\u00e9 naissance \u00e0 ma fille. Je veux voir mes enfants grandir, obtenir leur dipl\u00f4me et avoir leurs propres enfants. Je dois donc prendre soin de ma tension art\u00e9rielle ainsi que de celle de mon mari.\u00a0\u00bb<\/p>\n<\/div><\/div><\/div><\/div><\/div><\/div><\/div><\/div><\/div><\/div><\/div><\/section>\n<\/div>","protected":false},"excerpt":{"rendered":"[vc_custom_heading text=\"2021 May Measurement Month Contest Winners\" font_container=\"tag:h1|text_align:center\" google_fonts=\"font_family:Open%20Sans%3A300%2C300italic%2Cregular%2Citalic%2C600%2C600italic%2C700%2C700italic%2C800%2C800italic|font_style:600%20bold%20regular%3A600%3Anormal\" el_class=\"title-underline small-underline\" css=\"%7B%22default%22%3A%7B%22color%22%3A%22_header_middle_text_hover%22%2C%22font-family%22%3A%22h1%22%2C%22font-weight%22%3A%22600%22%7D%7D\"]Tim Smith \u00ab\u00a0Ce qui est mesur\u00e9 est g\u00e9r\u00e9.\u00a0\u00bb Twyla Lapointe \u00ab\u00a0Prendre soin de votre tension art\u00e9rielle vous aide \u00e0 apprendre \u00e0 g\u00e9rer votre niveau de stress, qui contribue \u00e0 tous les domaines de la sant\u00e9 et du bien-\u00eatre. \u00catre attentif \u00e0 votre tension art\u00e9rielle...","protected":false},"author":4209,"featured_media":0,"parent":54293,"menu_order":0,"comment_status":"closed","ping_status":"closed","template":"","meta":{"_acf_changed":false,"footnotes":""},"class_list":["post-54888","page","type-page","status-publish","hentry"],"acf":[],"_links":{"self":[{"href":"https:\/\/hypertension.idlwebclients.com\/fr\/wp-json\/wp\/v2\/pages\/54888","targetHints":{"allow":["GET"]}}],"collection":[{"href":"https:\/\/hypertension.idlwebclients.com\/fr\/wp-json\/wp\/v2\/pages"}],"about":[{"href":"https:\/\/hypertension.idlwebclients.com\/fr\/wp-json\/wp\/v2\/types\/page"}],"author":[{"embeddable":true,"href":"https:\/\/hypertension.idlwebclients.com\/fr\/wp-json\/wp\/v2\/users\/4209"}],"replies":[{"embeddable":true,"href":"https:\/\/hypertension.idlwebclients.com\/fr\/wp-json\/wp\/v2\/comments?post=54888"}],"version-history":[{"count":1,"href":"https:\/\/hypertension.idlwebclients.com\/fr\/wp-json\/wp\/v2\/pages\/54888\/revisions"}],"predecessor-version":[{"id":54890,"href":"https:\/\/hypertension.idlwebclients.com\/fr\/wp-json\/wp\/v2\/pages\/54888\/revisions\/54890"}],"up":[{"embeddable":true,"href":"https:\/\/hypertension.idlwebclients.com\/fr\/wp-json\/wp\/v2\/pages\/54293"}],"wp:attachment":[{"href":"https:\/\/hypertension.idlwebclients.com\/fr\/wp-json\/wp\/v2\/media?parent=54888"}],"curies":[{"name":"wp","href":"https:\/\/api.w.org\/{rel}","templated":true}]}}