{"id":54572,"date":"2025-02-20T16:39:06","date_gmt":"2025-02-20T21:39:06","guid":{"rendered":"https:\/\/hypertension.ca\/?page_id=54572"},"modified":"2025-02-28T13:44:22","modified_gmt":"2025-02-28T18:44:22","slug":"webinaires","status":"publish","type":"page","link":"https:\/\/hypertension.idlwebclients.com\/fr\/evenements-en-vedette\/webinaire-de-mars\/","title":{"rendered":"Webinaire de mars"},"content":{"rendered":"<div id=\"modal-ready\"><section class=\"l-section wpb_row us_custom_ed3fbfb6 event-banner-section height_medium width_full\"><div class=\"l-section-h i-cf\"><div class=\"g-cols vc_row via_flex valign_middle type_default stacking_default\"><div class=\"vc_col-sm-12 wpb_column vc_column_container\"><div class=\"vc_column-inner us_custom_461a6918\"><div class=\"wpb_wrapper\"><div class=\"w-image img-w-100 has_ratio align_center\"><a target=\"_blank\" href=\"https:\/\/us06web.zoom.us\/webinar\/register\/WN_ee1-A45sSNOFdLIDbTxySA\" rel=\"noopener\" aria-label=\"Lien\" class=\"w-image-h\"><div style=\"padding-bottom:21.0526%\"><\/div><img fetchpriority=\"high\" decoding=\"async\" width=\"1920\" height=\"400\" src=\"https:\/\/hypertension.idlwebclients.com\/wp-content\/uploads\/2025\/02\/2-1.png\" class=\"attachment-full size-full\" alt=\"\" srcset=\"https:\/\/hypertension.idlwebclients.com\/wp-content\/uploads\/2025\/02\/2-1.png 1920w, https:\/\/hypertension.idlwebclients.com\/wp-content\/uploads\/2025\/02\/2-1-300x63.png 300w, https:\/\/hypertension.idlwebclients.com\/wp-content\/uploads\/2025\/02\/2-1-1024x213.png 1024w, https:\/\/hypertension.idlwebclients.com\/wp-content\/uploads\/2025\/02\/2-1-200x42.png 200w, https:\/\/hypertension.idlwebclients.com\/wp-content\/uploads\/2025\/02\/2-1-600x125.png 600w, https:\/\/hypertension.idlwebclients.com\/wp-content\/uploads\/2025\/02\/2-1-1000x208.png 1000w, https:\/\/hypertension.idlwebclients.com\/wp-content\/uploads\/2025\/02\/2-1-100x21.png 100w, https:\/\/hypertension.idlwebclients.com\/wp-content\/uploads\/2025\/02\/2-1-500x104.png 500w, https:\/\/hypertension.idlwebclients.com\/wp-content\/uploads\/2025\/02\/2-1-700x146.png 700w\" sizes=\"(max-width: 1920px) 100vw, 1920px\" \/><\/a><\/div><\/div><\/div><\/div><\/div><\/div><\/section><section class=\"l-section wpb_row us_custom_8535c5f4 height_medium\"><div class=\"l-section-h i-cf\"><div class=\"g-cols vc_row via_flex valign_top type_default stacking_default\"><div class=\"vc_col-sm-12 wpb_column vc_column_container\"><div class=\"vc_column-inner\"><div class=\"wpb_wrapper\"><div class=\"wpb_text_column us_custom_b2efcbda\"><div class=\"wpb_wrapper\"><h3>Objectifs d&rsquo;apprentissage\u00a0:<\/h3>\n<p>A la fin de cette activit\u00e9, les participants seront capables de :<\/p>\n<ul>\n<li>Rappelez-vous les raisons les plus courantes de l&rsquo;hypertension r\u00e9sistante dans le contexte des soins primaires.<\/li>\n<li>Aborder le bilan de l&rsquo;aldost\u00e9ronisme primaire, cause fr\u00e9quente d&rsquo;hypertension r\u00e9sistante.<\/li>\n<li>S\u00e9lectionner un traitement m\u00e9dical appropri\u00e9 pour les patients souffrant d&rsquo;hypertension r\u00e9sistante.<\/li>\n<\/ul>\n<\/div><\/div><\/div><\/div><\/div><\/div><\/div><\/section><section class=\"l-section wpb_row us_custom_8535c5f4 height_medium\"><div class=\"l-section-h i-cf\"><div class=\"g-cols vc_row via_flex valign_top type_default stacking_default\"><div class=\"vc_col-sm-3 wpb_column vc_column_container\"><div class=\"vc_column-inner\"><div class=\"wpb_wrapper\"><div class=\"w-image w-100 align_none\"><div class=\"w-image-h\"><img decoding=\"async\" width=\"230\" height=\"230\" src=\"https:\/\/hypertension.idlwebclients.com\/wp-content\/uploads\/2025\/02\/DrLisa.jpg\" class=\"attachment-full size-full\" alt=\"\" srcset=\"https:\/\/hypertension.idlwebclients.com\/wp-content\/uploads\/2025\/02\/DrLisa.jpg 230w, https:\/\/hypertension.idlwebclients.com\/wp-content\/uploads\/2025\/02\/DrLisa-150x150.jpg 150w, https:\/\/hypertension.idlwebclients.com\/wp-content\/uploads\/2025\/02\/DrLisa-200x200.jpg 200w, https:\/\/hypertension.idlwebclients.com\/wp-content\/uploads\/2025\/02\/DrLisa-100x100.jpg 100w\" sizes=\"(max-width: 230px) 100vw, 230px\" \/><\/div><\/div><\/div><\/div><\/div><div class=\"vc_col-sm-9 wpb_column vc_column_container\"><div class=\"vc_column-inner\"><div class=\"wpb_wrapper\"><div class=\"wpb_text_column\"><div class=\"wpb_wrapper\"><h3><strong>Dre. Lisa Dubrofsky (Pr\u00e9sident)<\/strong><\/h3>\n<p>Dre. Lisa Dubrofsky est professeure adjointe \u00e0 la Division de n\u00e9phrologie du D\u00e9partement de m\u00e9decine de l&rsquo;Universit\u00e9 de Toronto. Elle est sp\u00e9cialiste de l\u2019hypertension et n\u00e9phrologue au Women\u2019s College Hospital et au Sunnybrook Health Sciences Centre. Ses int\u00e9r\u00eats de recherche portent sur l&rsquo;am\u00e9lioration de la qualit\u00e9 de la gestion complexe de l&rsquo;hypertension, en mettant l&rsquo;accent sur la p\u00e9riode p\u00e9ripartum.<\/p>\n<\/div><\/div><\/div><\/div><\/div><\/div><\/div><\/section><section class=\"l-section wpb_row us_custom_8535c5f4 height_medium\"><div class=\"l-section-h i-cf\"><div class=\"g-cols vc_row via_flex valign_top type_default stacking_default\"><div class=\"vc_col-sm-3 wpb_column vc_column_container\"><div class=\"vc_column-inner\"><div class=\"wpb_wrapper\"><div class=\"w-image w-100 align_none\"><div class=\"w-image-h\"><img decoding=\"async\" width=\"230\" height=\"230\" src=\"https:\/\/hypertension.idlwebclients.com\/wp-content\/uploads\/2025\/02\/Dr.KarenTran.jpg\" class=\"attachment-full size-full\" alt=\"\" srcset=\"https:\/\/hypertension.idlwebclients.com\/wp-content\/uploads\/2025\/02\/Dr.KarenTran.jpg 230w, https:\/\/hypertension.idlwebclients.com\/wp-content\/uploads\/2025\/02\/Dr.KarenTran-150x150.jpg 150w, https:\/\/hypertension.idlwebclients.com\/wp-content\/uploads\/2025\/02\/Dr.KarenTran-200x200.jpg 200w, https:\/\/hypertension.idlwebclients.com\/wp-content\/uploads\/2025\/02\/Dr.KarenTran-100x100.jpg 100w\" sizes=\"(max-width: 230px) 100vw, 230px\" \/><\/div><\/div><\/div><\/div><\/div><div class=\"vc_col-sm-9 wpb_column vc_column_container\"><div class=\"vc_column-inner\"><div class=\"wpb_wrapper\"><div class=\"wpb_text_column\"><div class=\"wpb_wrapper\"><h3>Dre. Karen Tran (Conf\u00e9renci\u00e8re)<\/h3>\n<p>Dre. Karen Tran est professeure adjointe de clinique \u00e0 la Division de m\u00e9decine interne g\u00e9n\u00e9rale de l&rsquo;UBC. Elle travaille comme sp\u00e9cialiste en m\u00e9decine interne g\u00e9n\u00e9rale au Vancouver General Hospital et au BC Women&rsquo;s Hospital. Elle est codirectrice de la clinique sp\u00e9cialis\u00e9e en hypertension VGH et membre du comit\u00e9 de mesure de la pression art\u00e9rielle d&rsquo;Hypertension Canada. Elle est une chercheuse en d\u00e9but de carri\u00e8re et ses int\u00e9r\u00eats portent sur les outils num\u00e9riques permettant d&rsquo;am\u00e9liorer la gestion de l&rsquo;hypertension et la mesure de la pression art\u00e9rielle pendant la grossesse.<\/p>\n<\/div><\/div><\/div><\/div><\/div><\/div><\/div><\/section><section class=\"l-section wpb_row height_medium\"><div class=\"l-section-h i-cf\"><div class=\"g-cols vc_row via_flex valign_top type_default stacking_default\"><div class=\"vc_col-sm-3 wpb_column vc_column_container\"><div class=\"vc_column-inner\"><div class=\"wpb_wrapper\"><div class=\"w-image w-100 align_none\"><div class=\"w-image-h\"><img loading=\"lazy\" decoding=\"async\" width=\"230\" height=\"230\" src=\"https:\/\/hypertension.idlwebclients.com\/wp-content\/uploads\/2025\/02\/JesseBittman.jpg\" class=\"attachment-full size-full\" alt=\"\" srcset=\"https:\/\/hypertension.idlwebclients.com\/wp-content\/uploads\/2025\/02\/JesseBittman.jpg 230w, https:\/\/hypertension.idlwebclients.com\/wp-content\/uploads\/2025\/02\/JesseBittman-150x150.jpg 150w, https:\/\/hypertension.idlwebclients.com\/wp-content\/uploads\/2025\/02\/JesseBittman-200x200.jpg 200w, https:\/\/hypertension.idlwebclients.com\/wp-content\/uploads\/2025\/02\/JesseBittman-100x100.jpg 100w\" sizes=\"(max-width: 230px) 100vw, 230px\" \/><\/div><\/div><\/div><\/div><\/div><div class=\"vc_col-sm-9 wpb_column vc_column_container\"><div class=\"vc_column-inner\"><div class=\"wpb_wrapper\"><div class=\"wpb_text_column\"><div class=\"wpb_wrapper\"><h3>Dr. Jesse Bittman (Conf\u00e9rencier)<\/h3>\n<p>Dr. Bittman est un interniste g\u00e9n\u00e9raliste \u00e0 Vancouver qui se concentre sur la m\u00e9decine de l&rsquo;hypertension et de l&rsquo;ob\u00e9sit\u00e9. Il a suivi une formation en diagnostic et en gestion de l&rsquo;hypertension r\u00e9sistante \u00e0 l&rsquo;UBC et \u00e0 l&rsquo;Universit\u00e9 de Toronto et est membre du comit\u00e9 des lignes directrices d&rsquo;Hypertension Canada. Apr\u00e8s 5 ans \u00e0 la clinique d&rsquo;hypertension de l&rsquo;h\u00f4pital St Pauls, il a r\u00e9cemment quitt\u00e9 pour cr\u00e9er une clinique d&rsquo;hypertension multidisciplinaire \u00e0 la clinique Revolution Medical.<\/p>\n<\/div><\/div><\/div><\/div><\/div><\/div><\/div><\/section>\n<\/div>","protected":false},"excerpt":{"rendered":"Objectifs d&rsquo;apprentissage\u00a0: A la fin de cette activit\u00e9, les participants seront capables de : Rappelez-vous les raisons les plus courantes de l&rsquo;hypertension r\u00e9sistante dans le contexte des soins primaires. Aborder le bilan de l&rsquo;aldost\u00e9ronisme primaire, cause fr\u00e9quente d&rsquo;hypertension r\u00e9sistante. S\u00e9lectionner un traitement m\u00e9dical appropri\u00e9 pour les patients souffrant d&rsquo;hypertension r\u00e9sistante. Dre. Lisa Dubrofsky (Pr\u00e9sident) Dre....","protected":false},"author":4209,"featured_media":0,"parent":50680,"menu_order":0,"comment_status":"closed","ping_status":"closed","template":"","meta":{"_acf_changed":false,"footnotes":""},"class_list":["post-54572","page","type-page","status-publish","hentry"],"acf":[],"_links":{"self":[{"href":"https:\/\/hypertension.idlwebclients.com\/fr\/wp-json\/wp\/v2\/pages\/54572","targetHints":{"allow":["GET"]}}],"collection":[{"href":"https:\/\/hypertension.idlwebclients.com\/fr\/wp-json\/wp\/v2\/pages"}],"about":[{"href":"https:\/\/hypertension.idlwebclients.com\/fr\/wp-json\/wp\/v2\/types\/page"}],"author":[{"embeddable":true,"href":"https:\/\/hypertension.idlwebclients.com\/fr\/wp-json\/wp\/v2\/users\/4209"}],"replies":[{"embeddable":true,"href":"https:\/\/hypertension.idlwebclients.com\/fr\/wp-json\/wp\/v2\/comments?post=54572"}],"version-history":[{"count":24,"href":"https:\/\/hypertension.idlwebclients.com\/fr\/wp-json\/wp\/v2\/pages\/54572\/revisions"}],"predecessor-version":[{"id":54688,"href":"https:\/\/hypertension.idlwebclients.com\/fr\/wp-json\/wp\/v2\/pages\/54572\/revisions\/54688"}],"up":[{"embeddable":true,"href":"https:\/\/hypertension.idlwebclients.com\/fr\/wp-json\/wp\/v2\/pages\/50680"}],"wp:attachment":[{"href":"https:\/\/hypertension.idlwebclients.com\/fr\/wp-json\/wp\/v2\/media?parent=54572"}],"curies":[{"name":"wp","href":"https:\/\/api.w.org\/{rel}","templated":true}]}}