{"id":51380,"date":"2023-12-19T12:35:37","date_gmt":"2023-12-19T17:35:37","guid":{"rendered":"https:\/\/hypertension.ca\/?page_id=51380"},"modified":"2023-12-19T12:41:34","modified_gmt":"2023-12-19T17:41:34","slug":"ambulatory-measurement","status":"publish","type":"page","link":"https:\/\/hypertension.idlwebclients.com\/fr\/lignes-directrices\/diagnosis-assessment\/ambulatory-measurement\/","title":{"rendered":"\u00c9valuation du risque cardiovasculaire global chez les patients hypertendus"},"content":{"rendered":"<div id=\"modal-ready\"><section class=\"l-section wpb_row us_custom_5c31ec89 event-banner-section height_medium width_full\"><div class=\"l-section-h i-cf\"><div class=\"g-cols vc_row via_flex valign_top type_default stacking_default\"><div class=\"vc_col-sm-12 wpb_column vc_column_container\"><div class=\"vc_column-inner us_custom_461a6918\"><div class=\"wpb_wrapper\"><div class=\"w-image img-w-100 align_center\"><div class=\"w-image-h\"><img fetchpriority=\"high\" decoding=\"async\" width=\"1440\" height=\"252\" src=\"https:\/\/hypertension.idlwebclients.com\/wp-content\/uploads\/2023\/04\/HC-Guidelines-Credits-Page.jpg\" class=\"attachment-full size-full\" alt=\"\" srcset=\"https:\/\/hypertension.idlwebclients.com\/wp-content\/uploads\/2023\/04\/HC-Guidelines-Credits-Page.jpg 1440w, https:\/\/hypertension.idlwebclients.com\/wp-content\/uploads\/2023\/04\/HC-Guidelines-Credits-Page-300x53.jpg 300w, https:\/\/hypertension.idlwebclients.com\/wp-content\/uploads\/2023\/04\/HC-Guidelines-Credits-Page-1024x179.jpg 1024w, https:\/\/hypertension.idlwebclients.com\/wp-content\/uploads\/2023\/04\/HC-Guidelines-Credits-Page-200x35.jpg 200w, https:\/\/hypertension.idlwebclients.com\/wp-content\/uploads\/2023\/04\/HC-Guidelines-Credits-Page-600x105.jpg 600w, https:\/\/hypertension.idlwebclients.com\/wp-content\/uploads\/2023\/04\/HC-Guidelines-Credits-Page-1000x175.jpg 1000w, https:\/\/hypertension.idlwebclients.com\/wp-content\/uploads\/2023\/04\/HC-Guidelines-Credits-Page-500x88.jpg 500w, https:\/\/hypertension.idlwebclients.com\/wp-content\/uploads\/2023\/04\/HC-Guidelines-Credits-Page-700x123.jpg 700w\" sizes=\"(max-width: 1440px) 100vw, 1440px\" \/><\/div><\/div><\/div><\/div><\/div><\/div><\/div><\/section><section class=\"l-section wpb_row height_medium\"><div class=\"l-section-h i-cf\"><div class=\"g-cols vc_row via_flex valign_top type_default stacking_default\"><div class=\"vc_col-sm-12 wpb_column vc_column_container\"><div class=\"vc_column-inner\"><div class=\"wpb_wrapper\"><h1 class=\"w-post-elm post_title us_custom_83a03b96 title-underline small-underline has_text_color entry-title color_link_inherit\">\u00c9valuation du risque cardiovasculaire global chez les patients hypertendus<\/h1><\/div><\/div><\/div><\/div><\/div><\/section><section class=\"l-section wpb_row us_custom_887a049b height_medium\"><div class=\"l-section-h i-cf\"><div class=\"g-cols vc_row via_flex valign_top type_default stacking_default\"><div class=\"vc_col-sm-12 wpb_column vc_column_container\"><div class=\"vc_column-inner\"><div class=\"wpb_wrapper\"><div class=\"wpb_text_column sub-title\"><div class=\"wpb_wrapper\"><h2>Recommandations<\/h2>\n<\/div><\/div>[vc_empty_space height=\u00a0\u00bb20px\u00a0\u00bb]<div class=\"wpb_text_column\"><div class=\"wpb_wrapper\"><ul>\n<li>Le risque cardiovasculaire global doit \u00eatre \u00e9valu\u00e9. Des mod\u00e8les d&rsquo;\u00e9valuation du risque multifactoriel peuvent \u00eatre utilis\u00e9s pour :\n<ul>\n<li>Pr\u00e9dire avec plus de pr\u00e9cision le risque cardio-vasculaire global d&rsquo;un individu (grade A) ;<\/li>\n<li>Aider les individus \u00e0 s&rsquo;engager dans des conversations sur le changement de comportement en mati\u00e8re de sant\u00e9 afin d&rsquo;abaisser la tension art\u00e9rielle (grade D) ; et,<\/li>\n<li>Utiliser plus efficacement le traitement antihypertenseur (grade D).<\/li>\n<li>En l&rsquo;absence de donn\u00e9es canadiennes permettant de d\u00e9terminer l&rsquo;exactitude des calculs de risque, il convient d&rsquo;\u00e9viter d&rsquo;utiliser les niveaux absolus de risque pour \u00e9tayer les d\u00e9cisions de traitement (grade C).<\/li>\n<\/ul>\n<\/li>\n<li>Envisager d&rsquo;informer les patients de leur risque global afin d&rsquo;am\u00e9liorer l&rsquo;efficacit\u00e9 de la modification des facteurs de risque (grade B). Envisager \u00e9galement d&rsquo;utiliser des analogies d\u00e9crivant un risque comparatif, telles que \u00ab\u00a0\u00e2ge cardiovasculaire\u00a0\u00bb, \u00ab\u00a0\u00e2ge vasculaire\u00a0\u00bb ou \u00ab\u00a0\u00e2ge cardiaque\u00a0\u00bb, pour informer les patients de leur statut de risque (grade B).<\/li>\n<\/ul>\n<\/div><\/div>[vc_empty_space height=\u00a0\u00bb20px\u00a0\u00bb]<div class=\"wpb_text_column sub-title\"><div class=\"wpb_wrapper\"><h2>Promotion de la sant\u00e9 cardiovasculaire<\/h2>\n<\/div><\/div>[vc_empty_space height=\u00a0\u00bb20px\u00a0\u00bb]<div class=\"wpb_text_column\"><div class=\"wpb_wrapper\"><h4>Messages cl\u00e9s<\/h4>\n<ul>\n<li>Le changement de comportement joue un r\u00f4le important dans la pr\u00e9vention de l&rsquo;hypertension et l&rsquo;abaissement de la tension art\u00e9rielle chez les personnes souffrant d&rsquo;hypertension.<\/li>\n<li>Le changement de comportement en mati\u00e8re de sant\u00e9 est fortement recommand\u00e9 comme intervention de premi\u00e8re ligne pour abaisser la tension art\u00e9rielle chez les personnes souffrant d&rsquo;hypertension.<\/li>\n<li>Il est recommand\u00e9 d&rsquo;optimiser les taux de lipides en utilisant des statines chez les patients \u00e0 haut risque.<\/li>\n<li>L&rsquo;utilisation de l&rsquo;acide ac\u00e9tylsalicylique (ASA) pour la pr\u00e9vention primaire des maladies cardiovasculaires n&rsquo;est plus recommand\u00e9e chez les personnes souffrant d&rsquo;hypertension.<\/li>\n<\/ul>\n<\/div><\/div><\/div><\/div><\/div><\/div><\/div><\/section>\n<\/div>","protected":false},"excerpt":{"rendered":"\u00c9valuation du risque cardiovasculaire global chez les patients hypertendusRecommandations [vc_empty_space height=\"20px\"] Le risque cardiovasculaire global doit \u00eatre \u00e9valu\u00e9. Des mod\u00e8les d&rsquo;\u00e9valuation du risque multifactoriel peuvent \u00eatre utilis\u00e9s pour : Pr\u00e9dire avec plus de pr\u00e9cision le risque cardio-vasculaire global d&rsquo;un individu (grade A) ; Aider les individus \u00e0 s&rsquo;engager dans des conversations sur le changement de...","protected":false},"author":4209,"featured_media":0,"parent":51350,"menu_order":0,"comment_status":"closed","ping_status":"closed","template":"","meta":{"_acf_changed":false,"footnotes":""},"class_list":["post-51380","page","type-page","status-publish","hentry"],"acf":[],"_links":{"self":[{"href":"https:\/\/hypertension.idlwebclients.com\/fr\/wp-json\/wp\/v2\/pages\/51380","targetHints":{"allow":["GET"]}}],"collection":[{"href":"https:\/\/hypertension.idlwebclients.com\/fr\/wp-json\/wp\/v2\/pages"}],"about":[{"href":"https:\/\/hypertension.idlwebclients.com\/fr\/wp-json\/wp\/v2\/types\/page"}],"author":[{"embeddable":true,"href":"https:\/\/hypertension.idlwebclients.com\/fr\/wp-json\/wp\/v2\/users\/4209"}],"replies":[{"embeddable":true,"href":"https:\/\/hypertension.idlwebclients.com\/fr\/wp-json\/wp\/v2\/comments?post=51380"}],"version-history":[{"count":3,"href":"https:\/\/hypertension.idlwebclients.com\/fr\/wp-json\/wp\/v2\/pages\/51380\/revisions"}],"predecessor-version":[{"id":51384,"href":"https:\/\/hypertension.idlwebclients.com\/fr\/wp-json\/wp\/v2\/pages\/51380\/revisions\/51384"}],"up":[{"embeddable":true,"href":"https:\/\/hypertension.idlwebclients.com\/fr\/wp-json\/wp\/v2\/pages\/51350"}],"wp:attachment":[{"href":"https:\/\/hypertension.idlwebclients.com\/fr\/wp-json\/wp\/v2\/media?parent=51380"}],"curies":[{"name":"wp","href":"https:\/\/api.w.org\/{rel}","templated":true}]}}