{"id":51375,"date":"2023-12-19T12:28:56","date_gmt":"2023-12-19T17:28:56","guid":{"rendered":"https:\/\/hypertension.ca\/?page_id=51375"},"modified":"2023-12-19T12:33:56","modified_gmt":"2023-12-19T17:33:56","slug":"mesure-a-domicile","status":"publish","type":"page","link":"https:\/\/hypertension.idlwebclients.com\/fr\/lignes-directrices\/diagnosis-assessment\/mesure-a-domicile\/","title":{"rendered":"Tests de laboratoire de routine et facultatifs pour l&rsquo;examen des patients souffrant d&rsquo;hypertension"},"content":{"rendered":"<div id=\"modal-ready\"><section class=\"l-section wpb_row us_custom_5c31ec89 event-banner-section height_medium width_full\"><div class=\"l-section-h i-cf\"><div class=\"g-cols vc_row via_flex valign_top type_default stacking_default\"><div class=\"vc_col-sm-12 wpb_column vc_column_container\"><div class=\"vc_column-inner us_custom_461a6918\"><div class=\"wpb_wrapper\"><div class=\"w-image img-w-100 align_center\"><div class=\"w-image-h\"><img fetchpriority=\"high\" decoding=\"async\" width=\"1440\" height=\"252\" src=\"https:\/\/hypertension.idlwebclients.com\/wp-content\/uploads\/2023\/04\/HC-Guidelines-Credits-Page.jpg\" class=\"attachment-full size-full\" alt=\"\" srcset=\"https:\/\/hypertension.idlwebclients.com\/wp-content\/uploads\/2023\/04\/HC-Guidelines-Credits-Page.jpg 1440w, https:\/\/hypertension.idlwebclients.com\/wp-content\/uploads\/2023\/04\/HC-Guidelines-Credits-Page-300x53.jpg 300w, https:\/\/hypertension.idlwebclients.com\/wp-content\/uploads\/2023\/04\/HC-Guidelines-Credits-Page-1024x179.jpg 1024w, https:\/\/hypertension.idlwebclients.com\/wp-content\/uploads\/2023\/04\/HC-Guidelines-Credits-Page-200x35.jpg 200w, https:\/\/hypertension.idlwebclients.com\/wp-content\/uploads\/2023\/04\/HC-Guidelines-Credits-Page-600x105.jpg 600w, https:\/\/hypertension.idlwebclients.com\/wp-content\/uploads\/2023\/04\/HC-Guidelines-Credits-Page-1000x175.jpg 1000w, https:\/\/hypertension.idlwebclients.com\/wp-content\/uploads\/2023\/04\/HC-Guidelines-Credits-Page-500x88.jpg 500w, https:\/\/hypertension.idlwebclients.com\/wp-content\/uploads\/2023\/04\/HC-Guidelines-Credits-Page-700x123.jpg 700w\" sizes=\"(max-width: 1440px) 100vw, 1440px\" \/><\/div><\/div><\/div><\/div><\/div><\/div><\/div><\/section><section class=\"l-section wpb_row height_medium\"><div class=\"l-section-h i-cf\"><div class=\"g-cols vc_row via_flex valign_top type_default stacking_default\"><div class=\"vc_col-sm-12 wpb_column vc_column_container\"><div class=\"vc_column-inner\"><div class=\"wpb_wrapper\"><h1 class=\"w-post-elm post_title us_custom_83a03b96 title-underline small-underline has_text_color entry-title color_link_inherit\">Tests de laboratoire de routine et facultatifs pour l&rsquo;examen des patients souffrant d&rsquo;hypertension<\/h1><\/div><\/div><\/div><\/div><\/div><\/section><section class=\"l-section wpb_row us_custom_887a049b height_medium\"><div class=\"l-section-h i-cf\"><div class=\"g-cols vc_row via_flex valign_top type_default stacking_default\"><div class=\"vc_col-sm-12 wpb_column vc_column_container\"><div class=\"vc_column-inner\"><div class=\"wpb_wrapper\"><div class=\"wpb_text_column sub-title\"><div class=\"wpb_wrapper\"><h2>Nouvelles recommandations pour 2020<\/h2>\n<\/div><\/div>[vc_empty_space height=\u00a0\u00bb20px\u00a0\u00bb]<div class=\"wpb_text_column\"><div class=\"wpb_wrapper\"><ul>\n<li>Tenir compte du risque de grossesse chez les femmes souffrant d&rsquo;hypertension.<\/li>\n<\/ul>\n<p>Les femmes en \u00e2ge de procr\u00e9er doivent \u00eatre interrog\u00e9es \u00e0 intervalles r\u00e9guliers sur une \u00e9ventuelle grossesse. En cas de doute, un nouveau test de grossesse peut \u00eatre effectu\u00e9 en fonction des traitements antihypertenseurs en cours ou potentiels. La d\u00e9termination de la grossesse est importante dans le traitement des femmes en \u00e2ge de procr\u00e9er, car certains m\u00e9dicaments ont des contre-indications relatives pendant la grossesse (voir la partie 3. Hypertension et grossesse pour plus de d\u00e9tails). De m\u00eame, les changements de comportement en mati\u00e8re d&rsquo;hypertension sont g\u00e9n\u00e9ralement modifi\u00e9s pendant la grossesse.<\/p>\n<\/div><\/div>[vc_empty_space height=\u00a0\u00bb20px\u00a0\u00bb]<div class=\"wpb_text_column sub-title\"><div class=\"wpb_wrapper\"><h2>Recommandations<\/h2>\n<\/div><\/div>[vc_empty_space height=\u00a0\u00bb20px\u00a0\u00bb]<div class=\"wpb_text_column\"><div class=\"wpb_wrapper\"><ul>\n<li>Les tests de routine qui doivent \u00eatre effectu\u00e9s pour l&rsquo;investigation de tous les patients souffrant d&rsquo;hypertension sont les suivants :\n<ul>\n<li>Analyse d&rsquo;urine (niveau D) ;<\/li>\n<li>Chimie sanguine (potassium, sodium et cr\u00e9atinine ; grade D) ;<\/li>\n<li>Glyc\u00e9mie \u00e0 jeun et\/ou h\u00e9moglobine glyqu\u00e9e (grade D) ;<\/li>\n<li>Cholest\u00e9rol total, lipoprot\u00e9ines de basse densit\u00e9, lipoprot\u00e9ines de haute densit\u00e9 (HDL), cholest\u00e9rol non-HDL et triglyc\u00e9rides s\u00e9riques (grade D) ; les lipides peuvent \u00eatre pr\u00e9lev\u00e9s \u00e0 jeun ou sans je\u00fbne (grade C) ; et<\/li>\n<li>\u00c9lectrocardiographie standard \u00e0 12 d\u00e9rivations (grade C).<\/li>\n<\/ul>\n<\/li>\n<li>\u00c9valuer l&rsquo;excr\u00e9tion urinaire d&rsquo;albumine chez les patients diab\u00e9tiques (grade D).<\/li>\n<li>Tous les patients hypertendus trait\u00e9s doivent \u00eatre surveill\u00e9s conform\u00e9ment aux lignes directrices actuelles de Diab\u00e8te Canada pour la nouvelle apparition du diab\u00e8te (grade B).<\/li>\n<li>Au cours de la phase d&rsquo;entretien du traitement de l&rsquo;hypertension, les tests (y compris ceux des \u00e9lectrolytes, de la cr\u00e9atinine, des lipides \u00e0 jeun et de la grossesse) doivent \u00eatre r\u00e9p\u00e9t\u00e9s \u00e0 une fr\u00e9quence refl\u00e9tant la situation clinique (grade D ; recommandation r\u00e9vis\u00e9e).<\/li>\n<li>Un test de grossesse devrait \u00eatre envisag\u00e9 avant d&rsquo;initier des changements de comportement en mati\u00e8re de sant\u00e9 ou une th\u00e9rapie m\u00e9dicamenteuse (Grade D ; nouvelle recommandation).<\/li>\n<li>L&rsquo;\u00e9valuation \u00e9chocardiographique syst\u00e9matique de tous les patients hypertendus n&rsquo;est pas recommand\u00e9e (grade D).<\/li>\n<li>Une \u00e9chocardiographie pour \u00e9valuer l&rsquo;hypertrophie ventriculaire gauche est utile dans des cas s\u00e9lectionn\u00e9s pour aider \u00e0 d\u00e9finir le risque futur d&rsquo;\u00e9v\u00e9nements cardiovasculaires (grade C).<\/li>\n<li>L&rsquo;\u00e9valuation \u00e9chocardiographique de la masse du ventricule gauche, ainsi que de la fonction systolique et diastolique du ventricule gauche, est recommand\u00e9e pour les patients hypertendus soup\u00e7onn\u00e9s de pr\u00e9senter un dysfonctionnement du ventricule gauche ou une coronaropathie (Grade D).<\/li>\n<li>Les patients souffrant d&rsquo;hypertension et pr\u00e9sentant des signes d&rsquo;insuffisance cardiaque doivent faire l&rsquo;objet d&rsquo;une \u00e9valuation objective de la fraction d&rsquo;\u00e9jection du ventricule gauche, soit par \u00e9chocardiographie, soit par imagerie nucl\u00e9aire (grade D).<\/li>\n<\/ul>\n<\/div><\/div><\/div><\/div><\/div><\/div><\/div><\/section>\n<\/div>","protected":false},"excerpt":{"rendered":"Tests de laboratoire de routine et facultatifs pour l&rsquo;examen des patients souffrant d&rsquo;hypertensionNouvelles recommandations pour 2020 [vc_empty_space height=\"20px\"] Tenir compte du risque de grossesse chez les femmes souffrant d&rsquo;hypertension. Les femmes en \u00e2ge de procr\u00e9er doivent \u00eatre interrog\u00e9es \u00e0 intervalles r\u00e9guliers sur une \u00e9ventuelle grossesse. En cas de doute, un nouveau test de grossesse peut...","protected":false},"author":4209,"featured_media":0,"parent":51350,"menu_order":0,"comment_status":"closed","ping_status":"closed","template":"","meta":{"_acf_changed":false,"footnotes":""},"class_list":["post-51375","page","type-page","status-publish","hentry"],"acf":[],"_links":{"self":[{"href":"https:\/\/hypertension.idlwebclients.com\/fr\/wp-json\/wp\/v2\/pages\/51375","targetHints":{"allow":["GET"]}}],"collection":[{"href":"https:\/\/hypertension.idlwebclients.com\/fr\/wp-json\/wp\/v2\/pages"}],"about":[{"href":"https:\/\/hypertension.idlwebclients.com\/fr\/wp-json\/wp\/v2\/types\/page"}],"author":[{"embeddable":true,"href":"https:\/\/hypertension.idlwebclients.com\/fr\/wp-json\/wp\/v2\/users\/4209"}],"replies":[{"embeddable":true,"href":"https:\/\/hypertension.idlwebclients.com\/fr\/wp-json\/wp\/v2\/comments?post=51375"}],"version-history":[{"count":3,"href":"https:\/\/hypertension.idlwebclients.com\/fr\/wp-json\/wp\/v2\/pages\/51375\/revisions"}],"predecessor-version":[{"id":51379,"href":"https:\/\/hypertension.idlwebclients.com\/fr\/wp-json\/wp\/v2\/pages\/51375\/revisions\/51379"}],"up":[{"embeddable":true,"href":"https:\/\/hypertension.idlwebclients.com\/fr\/wp-json\/wp\/v2\/pages\/51350"}],"wp:attachment":[{"href":"https:\/\/hypertension.idlwebclients.com\/fr\/wp-json\/wp\/v2\/media?parent=51375"}],"curies":[{"name":"wp","href":"https:\/\/api.w.org\/{rel}","templated":true}]}}