{"id":51358,"date":"2023-12-19T10:49:51","date_gmt":"2023-12-19T15:49:51","guid":{"rendered":"https:\/\/hypertension.ca\/?page_id=51358"},"modified":"2024-01-02T08:18:30","modified_gmt":"2024-01-02T13:18:30","slug":"credits","status":"publish","type":"page","link":"https:\/\/hypertension.idlwebclients.com\/fr\/lignes-directrices\/credits\/","title":{"rendered":"Cr\u00e9dits"},"content":{"rendered":"<div id=\"modal-ready\"><section class=\"l-section wpb_row us_custom_5c31ec89 event-banner-section height_medium width_full\"><div class=\"l-section-h i-cf\"><div class=\"g-cols vc_row via_flex valign_top type_default stacking_default\"><div class=\"vc_col-sm-12 wpb_column vc_column_container\"><div class=\"vc_column-inner us_custom_461a6918\"><div class=\"wpb_wrapper\"><div class=\"w-image img-w-100 align_center\"><div class=\"w-image-h\"><img fetchpriority=\"high\" decoding=\"async\" width=\"1440\" height=\"252\" src=\"https:\/\/hypertension.idlwebclients.com\/wp-content\/uploads\/2023\/04\/HC-Guidelines-Credits-Page.jpg\" class=\"attachment-full size-full\" alt=\"\" srcset=\"https:\/\/hypertension.idlwebclients.com\/wp-content\/uploads\/2023\/04\/HC-Guidelines-Credits-Page.jpg 1440w, https:\/\/hypertension.idlwebclients.com\/wp-content\/uploads\/2023\/04\/HC-Guidelines-Credits-Page-300x53.jpg 300w, https:\/\/hypertension.idlwebclients.com\/wp-content\/uploads\/2023\/04\/HC-Guidelines-Credits-Page-1024x179.jpg 1024w, https:\/\/hypertension.idlwebclients.com\/wp-content\/uploads\/2023\/04\/HC-Guidelines-Credits-Page-200x35.jpg 200w, https:\/\/hypertension.idlwebclients.com\/wp-content\/uploads\/2023\/04\/HC-Guidelines-Credits-Page-600x105.jpg 600w, https:\/\/hypertension.idlwebclients.com\/wp-content\/uploads\/2023\/04\/HC-Guidelines-Credits-Page-1000x175.jpg 1000w, https:\/\/hypertension.idlwebclients.com\/wp-content\/uploads\/2023\/04\/HC-Guidelines-Credits-Page-500x88.jpg 500w, https:\/\/hypertension.idlwebclients.com\/wp-content\/uploads\/2023\/04\/HC-Guidelines-Credits-Page-700x123.jpg 700w\" sizes=\"(max-width: 1440px) 100vw, 1440px\" \/><\/div><\/div><\/div><\/div><\/div><\/div><\/div><\/section><section class=\"l-section wpb_row height_medium\"><div class=\"l-section-h i-cf\"><div class=\"g-cols vc_row via_flex valign_top type_default stacking_default\"><div class=\"vc_col-sm-12 wpb_column vc_column_container\"><div class=\"vc_column-inner\"><div class=\"wpb_wrapper\"><h1 class=\"w-post-elm post_title us_custom_83a03b96 title-underline has_text_color entry-title color_link_inherit\">Cr\u00e9dits<\/h1><\/div><\/div><\/div><\/div><\/div><\/section><section class=\"l-section wpb_row us_custom_887a049b height_medium\"><div class=\"l-section-h i-cf\"><div class=\"g-cols vc_row via_flex valign_top type_default stacking_default\"><div class=\"vc_col-sm-12 wpb_column vc_column_container\"><div class=\"vc_column-inner\"><div class=\"wpb_wrapper\"><div class=\"wpb_text_column sub-title\"><div class=\"wpb_wrapper\"><h2>Lignes directrices exhaustives 2020-2025 d&rsquo;Hypertension Canada pour la pr\u00e9vention, le diagnostic, l&rsquo;\u00e9valuation du risque et le traitement de l&rsquo;hypertension chez les adultes et les enfants<\/h2>\n<\/div><\/div>[vc_empty_space height=\u00a0\u00bb20px\u00a0\u00bb]<div class=\"wpb_text_column\"><div class=\"wpb_wrapper\"><ul>\n<li>Division d&rsquo;endocrinologie et de m\u00e9tabolisme, D\u00e9partement de m\u00e9decine, Universit\u00e9 de Calgary, Calgary, Alberta, Canada Doreen M. Rabi, MD, MSc, Alexander A. Leung, MD, MPH<\/li>\n<li>D\u00e9partement de m\u00e9decine de famille et Services de sant\u00e9 communautaires, \u00c9cole de m\u00e9decine Cumming, Universit\u00e9 de Calgary, Calgary, Alberta, Canada &#8211; Kerry A. McBrien, MD, MPH<\/li>\n<li>Division de n\u00e9phrologie, D\u00e9partement de m\u00e9decine, Universit\u00e9 McGill et Centre de recherche et d&rsquo;\u00e9valuation des r\u00e9sultats, Institut de recherche du Centre universitaire de sant\u00e9 McGill, Montr\u00e9al, Qu\u00e9bec, Canada &#8211; Ruth Sapir-Pichhadze, MD, MSc, PhD<\/li>\n<li>D\u00e9partement de p\u00e9diatrie et Centre de recherche et d&rsquo;\u00e9valuation des r\u00e9sultats, Universit\u00e9 McGill, et Institut de recherche du Centre universitaire de sant\u00e9 McGill, Montr\u00e9al, Qu\u00e9bec, Canada &#8211; Meranda Nakhla, MD, MISC<\/li>\n<li>D\u00e9partement de m\u00e9decine, Universit\u00e9 de Calgary, Libin Cardiovascular Institute of Alberta, et Alberta Kidney Disease Network, Calgary, Alberta, Canada &#8211; Sofia B. Ahmed, MD, MMSc, Sandra M. Dumanski, MD<\/li>\n<li>D\u00e9partements de m\u00e9decine et de sciences de la sant\u00e9 communautaire, O&rsquo;Brien Institute for Public Health, et Libin Cardiovascular Institute, \u00c9cole de m\u00e9decine Cumming, Calgary, Alberta, Canada &#8211; Sonia Butalia, BSC, MD, MISC<\/li>\n<li>Centre cardiaque pour enfants, BC H\u00f4pital pour enfants, et le d\u00e9partement de p\u00e9diatrie, Universit\u00e9 de British Columbia, Vancouver, British Columbia, Canada &#8211; Kevin C. Harris, MD, MHSC<\/li>\n<li>D\u00e9partement des soins infirmiers, Universite du Qu\u00e9bec \u00e0 Trois-Rivi\u00e8res, Trois- Rivi\u00e8res, Qu\u00e9bec, Canada &#8211; Lyne Cloutier, RN, PhD<\/li>\n<li>Institut O Brien de sant\u00e9 publique, \u00c9cole de m\u00e9decine Cumming, Universit\u00e9 de Calgary, Calgary, Alberta, Canada &#8211; Kelly B.<br \/>\nZarnke, MD, MSC<\/li>\n<li>Division de n\u00e9phrologie, D\u00e9partement de m\u00e9decine, Universit\u00e9 de Ottawa, Ottawa, Ontario, Canada &#8211; Marcel Ruzicka, MD, PhD, Gregory L. Hundemer, MD, MPH<\/li>\n<li>Universit\u00e9 de Ottawa et Ottawa Hospital Research Institute, Ottawa, Ontario, Canada &#8211; Swapnil Hiremath, MD, PH<\/li>\n<li>Winnipeg Regional Health Authority and the Universit\u00e9 de Manitoba, Winnipeg, Manitoba, Canada &#8211; Ross D. Feldman, MD<\/li>\n<li>D\u00e9partement de m\u00e9decine, Universit\u00e9 de Toronto, and Northern Ontario School of Medicine, Sudbury, Ontario, Canada &#8211; Sheldon W. Tobe, MD, MScCH<\/li>\n<li>D\u00e9partement de psychologie, Universit\u00e9 de Calgary, Calgary, Alberta, Canada &#8211; Tavis S. Campbell, PhD, RPsych<\/li>\n<li>D\u00e9partement de la sant\u00e9, de la kin\u00e9siologie et de la physiologie appliqu\u00e9e, Universit\u00e9 Concordia, Centre de m\u00e9decine<br \/>\ncomportementale de Montr\u00e9al, ClUSSS- NIM, Montr\u00e9al, Qu\u00e9bec, Canada &#8211; Simon L. Bacon, PhD<\/li>\n<li>Division de m\u00e9decine interne g\u00e9n\u00e9rale, d\u00e9partements de m\u00e9decine, d&rsquo;obst\u00e9trique et de gyn\u00e9cologie, et de sciences de la sant\u00e9 communautaire Universit\u00e9 de Calgary, Calgary, Alberta, Canada &#8211; Kara A. Nerenberg, MD, MSc<\/li>\n<li>\u00c9cole de m\u00e9decine et d&rsquo;odontologie Schulich, Western University, London, Ontario, Canada &#8211; George K. Dresser, MD, PhD, Jeffrey E. Alfonsi, MD, Steven E. Gryn, MD, Robert A. Hegele, MD<\/li>\n<li>Centre Hospitalier Universitaire Sainte-Justine, D\u00e9partement de p\u00e9diatrie, Universite de Montr\u00e9al, Montr\u00e9al, Qu\u00e9bec, Canada &#8211; Anne Fournier, MD<\/li>\n<li>D\u00e9partement de m\u00e9decine, \u00c9cole de m\u00e9decine Cumming, Universit\u00e9 de Calgary, Calgary, Alberta, Canada &#8211; Ellen Burgess, MD<\/li>\n<li>Fondation des maladies du c\u0153ur et de l\u2019AVC du Canada, Ottawa, Ontario, Canada &#8211; Patrice Lindsay, RN, PhD<\/li>\n<li>H\u00f4pital de Vancouver, Universit\u00e9 de British Columbia, Vancouver, British Columbia, Canada &#8211; Simon W. Rabkin, MD<\/li>\n<li>Division d&rsquo;endocrinologie et de m\u00e9tabolisme, D\u00e9partement de m\u00e9decine, Universit\u00e9 McMaster, Hamilton, Ontario, Canada &#8211;<br \/>\nAlly P.H. Prebtani, MD<\/li>\n<li>D\u00e9partement de m\u00e9decine, Universit\u00e9 McGill, Montr\u00e9al, Qu\u00e9bec, Canada &#8211; Steven Grover, MD, MPA<\/li>\n<li>Centre Hospitalier del&rsquo;Universite de Montr\u00e9al, Montr\u00e9al, Qu\u00e9bec, Canada &#8211; George Honos, MD<\/li>\n<li>Facult\u00e9 des sciences de la sant\u00e9, Institut universitaire de technologie de l&rsquo;Ontario, Oshawa, Ontario, Canada &#8211; JoAnne Arcand, PhD,<br \/>\nRD<\/li>\n<li>D\u00e9partement d&rsquo;obst\u00e9trique-gyn\u00e9cologie, CHU Sainte-Justine, Universite de Montr\u00e9al, Qu\u00e9bec, Canada &#8211; Fran\u00e7ois Audibert, MD, MSC<\/li>\n<li>Service de nephrologie, Centre Hospitalier Universitaire Sainte-Justine, Universite de Montr\u00e9al, Montr\u00e9al, Qu\u00e9bec, Canada;<br \/>\nGenevieve Benoit, MD<\/li>\n<li>Division de m\u00e9decine interne g\u00e9n\u00e9rale, D\u00e9partement de m\u00e9decine, Universit\u00e9 de British Columbia, Vancouver, British Columbia, Canada; &#8211; Jesse Bittman, MD, Nadia A. Khan, MD, MSc, Laura M. Kuyper, MD, Birinder K. Mangat, MD, MPH, Karen Tran, MD, MHSC<\/li>\n<li>Universit\u00e9 McMaster, Hamilton, Ontario, Canada; &#8211; Peter Bolli, MD<\/li>\n<li>Universite de Sherbrooke, Sherbrooke, Qu\u00e9bec, Canada; &#8211; Anne-Marie C\u00f4te, MD, MHSC<br \/>\nD\u00e9partement de p\u00e9diatrie, division de n\u00e9phrologie, Universit\u00e9 de British Columbia, BC Children&rsquo;s Hospital, Vancouver, British Columbia, Canada; &#8211; Janis Dionne, MID<\/li>\n<li>D\u00e9partement de pathologie et de m\u00e9decine mol\u00e9culaire, Universit\u00e9 McMaster, Hamilton, and LifeLabs LP, Toronto, Ontario, Canada; &#8211; Andrew Don-Wauchope, MD<\/li>\n<li>D\u00e9partement de m\u00e9decine, \u00c9cole de m\u00e9decine Warren Alpert de l&rsquo;Universit\u00e9 de Brown, Providence, Rhode Island, USA; &#8211; Cedric Edwards, MD,j Tabassum Firoz, MD, MSc<\/li>\n<li>D\u00e9partement de cardiologie, Selkirk Regional Health Centre, Selkirk, Manitoba, Canada; &#8211; Jonathan Y. Gabor, MSc, MD<\/li>\n<li>Universit\u00e9 de Toronto, Division of Endocrinology, St Michael&rsquo;s Hospital, Toronto, Ontario, Canada; &#8211; Richard E. Gilbert,<br \/>\nMBBS, PhD<\/li>\n<li>Universite de Montr\u00e9al, Institut de cardiologie de Montr\u00e9al, Montr\u00e9al, Qu\u00e9bec, Canada; -Jean C. Gregoire, MD<\/li>\n<li>D\u00e9partement de m\u00e9decine, McMaster University, Hamilton, and Canadian Collaborative Research Network, Brampton, Ontario, Canada; &#8211; Milan Gupta, MD<\/li>\n<li>Section Endocrinologie et g\u00e9n\u00e9tique, Institut national de la sant\u00e9 infantile et du d\u00e9veloppement humain, Instituts nationaux de la sant\u00e9, Bethesda, Maryland, USA; &#8211; Fady Hannah-Shmouni, MD<\/li>\n<li>Division de m\u00e9decine g\u00e9n\u00e9rale, D\u00e9partement de m\u00e9decine, \u00c9cole de m\u00e9decine Cumming, Universit\u00e9 de Calgary, Calgary, Alberta, Canada; &#8211; Robert J. Herman, MD<\/li>\n<li>D\u00e9partement des neurosciences cliniques, Hotchkiss Brain Institute, \u00c9cole de m\u00e9decine Cumming, Universit\u00e9 de Calgary, Calgary, Alberta, Canada; &#8211; Michael D. Hill, MD, MSc<\/li>\n<li>D\u00e9partements de m\u00e9decine, Libin Cardiovascular Institute and \u00c9cole de m\u00e9decine Cumming, Universit\u00e9 de Calgary, Calgary, Alberta, Canada;- Jonathan G. Howlett, MD<\/li>\n<li>D\u00e9partements de m\u00e9decine, Southern Medical Program, Universit\u00e9 de British Columbia, Kelowna, British Columbia, Canada; &#8211;<br \/>\nCharlotte Jones, PhD, MD<\/li>\n<li>D\u00e9partement de m\u00e9decine familiale et d&rsquo;urgence, Universite de Montr\u00e9al and CRCHUM, Montr\u00e9al, Qu\u00e9bec, Canada; &#8211; Janusz Kaczorowski, PhD<\/li>\n<li>Institut de Recherches Cliniques de Montr\u00e9al (IRCM), Universite de Montr\u00e9al, Montr\u00e9al, Qu\u00e9bec, Canada; &#8211; Maxime Lamarre-Cliche, MD<\/li>\n<li>Universit\u00e9 du Qu\u00e9bec \u00e0 Montr\u00e9al (UQAM), Montr\u00e9al Behavioural Medicine Centre, CIUSSS-NIM, H\u00f4pital du Sacre-Coeur de<br \/>\nMontr\u00e9al, Montr\u00e9al, Qu\u00e9bec, Canada; &#8211; Kim L. Lavoie, PhD<\/li>\n<li>Li Ka Shing Knowledge Institute, St. Michael&rsquo;s Hospital, Universit\u00e9 de Toronto, Toronto, Ontario, Canada; &#8211; Lawrence A.<br \/>\nLeiter, MD<\/li>\n<li>D\u00e9partement de m\u00e9decine, Facult\u00e9 de m\u00e9decine et d&rsquo;odontologie, Universit\u00e9 de Alberta, Edmonton, Alberta, Canada; &#8211; Richard Lewanczuk, MD, PhD<\/li>\n<li>Mount Sinai Hospital, University Health Network, Toronto, Ontario, Canada; &#8211; Alexander G. Logan, MD<\/li>\n<li>D\u00e9partement de la sant\u00e9 des femmes et des enfants, St Thomas&rsquo; Hospital, London, et D\u00e9partement des sciences de la vie, Faculty of Life Sciences and Medicine, King&rsquo;s College London, London, United Kingdom; &#8211; Laura A. Magee, MD, MSC<\/li>\n<li>Division de n\u00e9phrologie, St Michael&rsquo;s Hospital, Universit\u00e9 de Toronto, Toronto, Ontario, Canada; &#8211; Philip A. McFarlane, MD,<br \/>\nPhD<\/li>\n<li>Alberta Health Services et Covenant Health, Edmonton, Alberta, Canada; &#8211; Donna McLean, RN, NP, PhD<\/li>\n<li>\u00c9cole des sciences infirmi\u00e8res, FMSS, Universite de Sherbrooke, Sherbrooke, Qu\u00e9bec, Canada; &#8211; Andre Michaud, RA, PhD<\/li>\n<li>D\u00e9partement de m\u00e9decine, Universit\u00e9 Laval, Qu\u00e9bec, Qu\u00e9bec, Canada; &#8211; Alain Milot, MD, MSc<\/li>\n<li>St Michael&rsquo;s Hospital, Universit\u00e9 de Toronto, Toronto, Ontario, Canada; &#8211; Gordon W. Moe, MD, MSc<\/li>\n<li>Universit\u00e9 de Manitoba, Winnipeg, Manitoba, Canada; &#8211; S. Brian Penner, MD<\/li>\n<li>Division de la pr\u00e9vention et de la r\u00e9adaptation, Universit\u00e9 de Ottawa Heart Institute, Faculty of Medicine, Universit\u00e9 de Ottawa, Ottawa, Ontario, Canada; &#8211; Andrew Pipe, MD<\/li>\n<li>D\u00e9partement des neurosciences, Universit\u00e9 de Montr\u00e9al, Montr\u00e9al, Qu\u00e9bec, Canada; &#8211; Alexandre Y. Poppe, MD<\/li>\n<li>D\u00e9partements de m\u00e9decine et d&rsquo;obst\u00e9trique et gyn\u00e9cologie, CHU Sainte- Justine, Universit\u00e9 de Montr\u00e9al, Montr\u00e9al, Qu\u00e9bec, Canada; &#8211; Evelyne Rey, MD, MISC<\/li>\n<li>Institut de recherche sur les politiques de sant\u00e9 mentale, Centre de toxicomanie et de sant\u00e9 mentale, \u00c9cole de sant\u00e9 publique Dalla Lana, Universit\u00e9 de Toronto, Toronto, Ontario, Canada; &#8211; Michael Roerecke, PhD<\/li>\n<li>D\u00e9partement de m\u00e9decine, Jewish General Hospital, Universit\u00e9 McGill, Montr\u00e9al, Qu\u00e9bec, Canada; &#8211; Ernesto L. Schiffrin, MD,<br \/>\nPhD<\/li>\n<li>Centre de toxicomanie et de sant\u00e9 mentale, Universit\u00e9 de Toronto, Toronto, Ontario, Canada; &#8211; Peter Selby, MBBS, MHSC<\/li>\n<li>McMaster University, Hamilton health Sciences, Population Health Research Institute, Hamilton, Ontario, Canada; &#8211; Mike Sharma, MD, MSC<\/li>\n<li>D\u00e9partement de m\u00e9decine, McMaster University, Population Health Research Institute, Hamilton, Ontario, Canada; &#8211; Ashkan Shoamanesh, MD<\/li>\n<li>Division de m\u00e9decine interne g\u00e9n\u00e9rale, Universit\u00e9 de Saskatchewan, Saskatoon, Saskatchewan, Canada; &#8211; Praveena Sivapalan, MD<\/li>\n<li>\u00c9cole de m\u00e9decine Perelman, Universit\u00e9 de Pennsylvania, Philadelphia, Pennsylvania, USA; &#8211; Raymond R. Townsend, MD nnn.<\/li>\n<li>Division de m\u00e9decine interne, D\u00e9partement de m\u00e9decine, Universit\u00e9 McGill, Montr\u00e9al, Qu\u00e9bec, Canada; &#8211; Luc Trudeau, MD ooo.<\/li>\n<li>D\u00e9partement de pharmacologie, Facult\u00e9 de m\u00e9decine et d&rsquo;odontologie, Universit\u00e9 de Alberta, Edmonton, Alberta, Canada; &#8211; Ross<br \/>\nT. Tsuyuki, BSc (Pharm), PharmD, MSc<\/li>\n<li>Hopital Maisonneuve-Rosemont, Universite de Montr\u00e9al, Montr\u00e9al, Qu\u00e9bec, Canada; &#8211; Michel Vallee, MD, PhD<\/li>\n<li>Division de l&rsquo;endocrinologie et du m\u00e9tabolisme, Universit\u00e9 de Manitoba, Winnipeg, Manitoba, Canada; &#8211; Vincent Woo, MID<\/li>\n<li>D\u00e9partement de m\u00e9decine familiale et communautaire, Universit\u00e9 de Toronto, Toronto, Ontario, Canada; &#8211; Alan D. Bell, MD<\/li>\n<li>Division de m\u00e9decine interne, D\u00e9partement de m\u00e9decine, Universit\u00e9 McGill, L\u2019Institut de recherche du Centre universitaire de sant\u00e9 McGille, Montr\u00e9al, Qu\u00e9bec, Canada; &#8211; Stella S. Daskalopoulou, MD, MSc, DIC, PhD<\/li>\n<\/ul>\n<\/div><\/div><\/div><\/div><\/div><\/div><\/div><\/section>\n<\/div>","protected":false},"excerpt":{"rendered":"Cr\u00e9ditsLignes directrices exhaustives 2020-2025 d&rsquo;Hypertension Canada pour la pr\u00e9vention, le diagnostic, l&rsquo;\u00e9valuation du risque et le traitement de l&rsquo;hypertension chez les adultes et les enfants [vc_empty_space height=\"20px\"] Division d&rsquo;endocrinologie et de m\u00e9tabolisme, D\u00e9partement de m\u00e9decine, Universit\u00e9 de Calgary, Calgary, Alberta, Canada Doreen M. Rabi, MD, MSc, Alexander A. Leung, MD, MPH D\u00e9partement de m\u00e9decine de...","protected":false},"author":4209,"featured_media":0,"parent":50718,"menu_order":0,"comment_status":"closed","ping_status":"closed","template":"","meta":{"_acf_changed":false,"footnotes":""},"class_list":["post-51358","page","type-page","status-publish","hentry"],"acf":[],"_links":{"self":[{"href":"https:\/\/hypertension.idlwebclients.com\/fr\/wp-json\/wp\/v2\/pages\/51358","targetHints":{"allow":["GET"]}}],"collection":[{"href":"https:\/\/hypertension.idlwebclients.com\/fr\/wp-json\/wp\/v2\/pages"}],"about":[{"href":"https:\/\/hypertension.idlwebclients.com\/fr\/wp-json\/wp\/v2\/types\/page"}],"author":[{"embeddable":true,"href":"https:\/\/hypertension.idlwebclients.com\/fr\/wp-json\/wp\/v2\/users\/4209"}],"replies":[{"embeddable":true,"href":"https:\/\/hypertension.idlwebclients.com\/fr\/wp-json\/wp\/v2\/comments?post=51358"}],"version-history":[{"count":5,"href":"https:\/\/hypertension.idlwebclients.com\/fr\/wp-json\/wp\/v2\/pages\/51358\/revisions"}],"predecessor-version":[{"id":51642,"href":"https:\/\/hypertension.idlwebclients.com\/fr\/wp-json\/wp\/v2\/pages\/51358\/revisions\/51642"}],"up":[{"embeddable":true,"href":"https:\/\/hypertension.idlwebclients.com\/fr\/wp-json\/wp\/v2\/pages\/50718"}],"wp:attachment":[{"href":"https:\/\/hypertension.idlwebclients.com\/fr\/wp-json\/wp\/v2\/media?parent=51358"}],"curies":[{"name":"wp","href":"https:\/\/api.w.org\/{rel}","templated":true}]}}