{"id":51336,"date":"2023-12-19T07:33:18","date_gmt":"2023-12-19T12:33:18","guid":{"rendered":"https:\/\/hypertension.ca\/?page_id=51336"},"modified":"2024-04-25T09:54:37","modified_gmt":"2024-04-25T13:54:37","slug":"programme-de-certification-professionnelle","status":"publish","type":"page","link":"https:\/\/hypertension.idlwebclients.com\/fr\/programme-de-certification-professionnelle\/","title":{"rendered":"Programme de certification professionnelle"},"content":{"rendered":"<div id=\"modal-ready\"><section class=\"l-section wpb_row us_custom_5c31ec89 event-banner-section height_medium width_full\"><div class=\"l-section-h i-cf\"><div class=\"g-cols vc_row via_flex valign_top type_default stacking_default\"><div class=\"vc_col-sm-12 wpb_column vc_column_container\"><div class=\"vc_column-inner us_custom_461a6918\"><div class=\"wpb_wrapper\"><div class=\"w-image img-w-100 align_center\"><div class=\"w-image-h\"><img fetchpriority=\"high\" decoding=\"async\" width=\"1920\" height=\"350\" src=\"https:\/\/hypertension.idlwebclients.com\/wp-content\/uploads\/2023\/04\/pcp.png\" class=\"attachment-full size-full\" alt=\"\" srcset=\"https:\/\/hypertension.idlwebclients.com\/wp-content\/uploads\/2023\/04\/pcp.png 1920w, https:\/\/hypertension.idlwebclients.com\/wp-content\/uploads\/2023\/04\/pcp-300x55.png 300w, https:\/\/hypertension.idlwebclients.com\/wp-content\/uploads\/2023\/04\/pcp-1024x187.png 1024w, https:\/\/hypertension.idlwebclients.com\/wp-content\/uploads\/2023\/04\/pcp-200x36.png 200w, https:\/\/hypertension.idlwebclients.com\/wp-content\/uploads\/2023\/04\/pcp-600x109.png 600w, https:\/\/hypertension.idlwebclients.com\/wp-content\/uploads\/2023\/04\/pcp-1000x182.png 1000w, https:\/\/hypertension.idlwebclients.com\/wp-content\/uploads\/2023\/04\/pcp-500x91.png 500w, https:\/\/hypertension.idlwebclients.com\/wp-content\/uploads\/2023\/04\/pcp-700x128.png 700w\" sizes=\"(max-width: 1920px) 100vw, 1920px\" \/><\/div><\/div><\/div><\/div><\/div><\/div><\/div><\/section><section class=\"l-section wpb_row height_medium\"><div class=\"l-section-h i-cf\"><div class=\"g-cols vc_row via_flex valign_top type_default stacking_default\"><div class=\"vc_col-sm-12 wpb_column vc_column_container\"><div class=\"vc_column-inner\"><div class=\"wpb_wrapper\"><div class=\"g-cols wpb_row via_flex valign_top type_default stacking_default\"><div class=\"vc_col-sm-10 wpb_column vc_column_container\"><div class=\"vc_column-inner\"><div class=\"wpb_wrapper\"><h1 class=\"w-post-elm post_title us_custom_ff26d1b9 title-underline small-underline has_text_color entry-title color_link_inherit\">Programme de certification professionnelle<\/h1><\/div><\/div><\/div><div class=\"vc_col-sm-2 wpb_column vc_column_container\"><div class=\"vc_column-inner us_custom_6f0f8ccf\"><div class=\"wpb_wrapper\"><div class=\"w-image us_custom_2867f60f align_left\"><div class=\"w-image-h\"><img decoding=\"async\" width=\"100\" height=\"100\" src=\"https:\/\/hypertension.idlwebclients.com\/wp-content\/uploads\/2023\/05\/EP-certi-100x100.png\" class=\"attachment-us_100_100 size-us_100_100\" alt=\"\" srcset=\"https:\/\/hypertension.idlwebclients.com\/wp-content\/uploads\/2023\/05\/EP-certi-100x100.png 100w, https:\/\/hypertension.idlwebclients.com\/wp-content\/uploads\/2023\/05\/EP-certi-150x150.png 150w, https:\/\/hypertension.idlwebclients.com\/wp-content\/uploads\/2023\/05\/EP-certi.png 153w\" sizes=\"(max-width: 100px) 100vw, 100px\" \/><\/div><\/div><div class=\"w-image us_custom_631e25ed align_right\"><div class=\"w-image-h\"><img decoding=\"async\" width=\"100\" height=\"100\" src=\"https:\/\/hypertension.idlwebclients.com\/wp-content\/uploads\/2023\/05\/CHM-certi.png\" class=\"attachment-us_100_100 size-us_100_100\" alt=\"\" srcset=\"https:\/\/hypertension.idlwebclients.com\/wp-content\/uploads\/2023\/05\/CHM-certi.png 153w, https:\/\/hypertension.idlwebclients.com\/wp-content\/uploads\/2023\/05\/CHM-certi-150x150.png 150w\" sizes=\"(max-width: 100px) 100vw, 100px\" \/><\/div><\/div><\/div><\/div><\/div><\/div><div class=\"wpb_text_column us_custom_8f4479cc sub-title\"><div class=\"wpb_wrapper\"><h2>PROGRAMME DE CERTIFICATION PROFESSIONNELLE D&rsquo;HYPERTENSION CANADA (PCP)<\/h2>\n<\/div><\/div><div class=\"wpb_text_column sub-title\"><div class=\"wpb_wrapper\"><p>Le Programme de certification professionnelle (PCP) d&rsquo;Hypertension Canada est con\u00e7u pour donner aux professionnels des soins de sant\u00e9 primaires les connaissances et la confiance n\u00e9cessaires pour identifier et prendre en charge les patients souffrant d&rsquo;hypertension. Gr\u00e2ce \u00e0 des modules d&rsquo;apprentissage en ligne et \u00e0 des applications pratiques utilisant des cas r\u00e9els de patients, ce programme de certification complet permet d&rsquo;examiner et de mettre en \u0153uvre les comp\u00e9tences de base de la prise en charge de l&rsquo;hypertension afin d&rsquo;am\u00e9liorer les soins aux patients.<\/p>\n<p><strong>Les dipl\u00f4m\u00e9s du programme peuvent utiliser les lettres post-nominales HC-CHM (Certified in Hypertension Management) apr\u00e8s leur nom pendant la dur\u00e9e de la certification.<\/strong><\/p>\n<p>Ce programme est con\u00e7u pour :<\/p>\n<ul>\n<li>Fournir les connaissances et la confiance n\u00e9cessaires \u00e0 l&rsquo;identification et \u00e0 la prise en charge des patients souffrant d&rsquo;hypertension.<\/li>\n<li>Utiliser l&rsquo;application pratique et l&rsquo;acquisition de comp\u00e9tences pour mettre en \u0153uvre des strat\u00e9gies de prise en charge de l&rsquo;hypertension au niveau des soins primaires.<\/li>\n<li>Fournir un apprentissage fond\u00e9 sur des donn\u00e9es probantes dans le but d&rsquo;am\u00e9liorer l&rsquo;adoption et l&rsquo;application des lignes directrices<\/li>\n<\/ul>\n<p>Remarque : ces programmes \u00e9ducatifs ne sont actuellement propos\u00e9s qu&rsquo;en anglais.<\/p>\n<\/div><\/div><div class=\"g-cols wpb_row us_custom_c61ddea0 flyers-section via_flex valign_top type_default stacking_default\"><div class=\"vc_col-sm-4 wpb_column vc_column_container\"><div class=\"vc_column-inner\"><div class=\"wpb_wrapper\"><div class=\"w-image align_none\"><a href=\"\/wp-content\/uploads\/2021\/07\/Watson-HCPCP-competencies-CPJ2021.pdf\" aria-label=\"Lien\" class=\"w-image-h\"><img loading=\"lazy\" decoding=\"async\" width=\"792\" height=\"610\" src=\"https:\/\/hypertension.idlwebclients.com\/wp-content\/uploads\/2023\/04\/rxpath.png\" class=\"attachment-large size-large\" alt=\"\" srcset=\"https:\/\/hypertension.idlwebclients.com\/wp-content\/uploads\/2023\/04\/rxpath.png 792w, https:\/\/hypertension.idlwebclients.com\/wp-content\/uploads\/2023\/04\/rxpath-300x231.png 300w, https:\/\/hypertension.idlwebclients.com\/wp-content\/uploads\/2023\/04\/rxpath-200x154.png 200w, https:\/\/hypertension.idlwebclients.com\/wp-content\/uploads\/2023\/04\/rxpath-519x400.png 519w, https:\/\/hypertension.idlwebclients.com\/wp-content\/uploads\/2023\/04\/rxpath-649x500.png 649w, https:\/\/hypertension.idlwebclients.com\/wp-content\/uploads\/2023\/04\/rxpath-500x385.png 500w, https:\/\/hypertension.idlwebclients.com\/wp-content\/uploads\/2023\/04\/rxpath-700x539.png 700w\" sizes=\"(max-width: 792px) 100vw, 792px\" \/><\/a><\/div><div class=\"wpb_text_column us_custom_0c854331 has_text_color\"><div class=\"wpb_wrapper\"><p><a href=\"\/wp-content\/uploads\/2021\/07\/Watson-HCPCP-competencies-CPJ2021.pdf\" target=\"_blank\" rel=\"noopener\">R\u00e9sultats de l&rsquo;\u00e9tude RxPath sur notre programme PCP<\/a><\/p>\n<\/div><\/div><\/div><\/div><\/div><div class=\"vc_col-sm-4 wpb_column vc_column_container\"><div class=\"vc_column-inner\"><div class=\"wpb_wrapper\"><div class=\"w-image align_none\"><a target=\"_blank\" href=\"\/wp-content\/uploads\/2023\/02\/PCP-Flyer.pdf\" rel=\"noopener\" aria-label=\"Lien\" class=\"w-image-h\"><img loading=\"lazy\" decoding=\"async\" width=\"792\" height=\"610\" src=\"https:\/\/hypertension.idlwebclients.com\/wp-content\/uploads\/2023\/04\/pcp-flyer.png\" class=\"attachment-large size-large\" alt=\"\" srcset=\"https:\/\/hypertension.idlwebclients.com\/wp-content\/uploads\/2023\/04\/pcp-flyer.png 792w, https:\/\/hypertension.idlwebclients.com\/wp-content\/uploads\/2023\/04\/pcp-flyer-300x231.png 300w, https:\/\/hypertension.idlwebclients.com\/wp-content\/uploads\/2023\/04\/pcp-flyer-200x154.png 200w, https:\/\/hypertension.idlwebclients.com\/wp-content\/uploads\/2023\/04\/pcp-flyer-519x400.png 519w, https:\/\/hypertension.idlwebclients.com\/wp-content\/uploads\/2023\/04\/pcp-flyer-649x500.png 649w, https:\/\/hypertension.idlwebclients.com\/wp-content\/uploads\/2023\/04\/pcp-flyer-500x385.png 500w, https:\/\/hypertension.idlwebclients.com\/wp-content\/uploads\/2023\/04\/pcp-flyer-700x539.png 700w\" sizes=\"(max-width: 792px) 100vw, 792px\" \/><\/a><\/div><div class=\"wpb_text_column us_custom_703b2333\"><div class=\"wpb_wrapper\"><p><a href=\"\/wp-content\/uploads\/2023\/02\/PCP-Flyer.pdf\" target=\"_blank\" rel=\"noopener\">Flyer PCP<\/a><\/p>\n<\/div><\/div><\/div><\/div><\/div><div class=\"vc_col-sm-4 wpb_column vc_column_container\"><div class=\"vc_column-inner\"><div class=\"wpb_wrapper\"><div class=\"w-image align_none\"><a href=\"\/wp-content\/uploads\/2023\/02\/Informational-PCP-Brochure.pdf\" aria-label=\"Lien\" class=\"w-image-h\"><img loading=\"lazy\" decoding=\"async\" width=\"792\" height=\"610\" src=\"https:\/\/hypertension.idlwebclients.com\/wp-content\/uploads\/2023\/04\/broucher.png\" class=\"attachment-large size-large\" alt=\"\" srcset=\"https:\/\/hypertension.idlwebclients.com\/wp-content\/uploads\/2023\/04\/broucher.png 792w, https:\/\/hypertension.idlwebclients.com\/wp-content\/uploads\/2023\/04\/broucher-300x231.png 300w, https:\/\/hypertension.idlwebclients.com\/wp-content\/uploads\/2023\/04\/broucher-200x154.png 200w, https:\/\/hypertension.idlwebclients.com\/wp-content\/uploads\/2023\/04\/broucher-519x400.png 519w, https:\/\/hypertension.idlwebclients.com\/wp-content\/uploads\/2023\/04\/broucher-649x500.png 649w, https:\/\/hypertension.idlwebclients.com\/wp-content\/uploads\/2023\/04\/broucher-500x385.png 500w, https:\/\/hypertension.idlwebclients.com\/wp-content\/uploads\/2023\/04\/broucher-700x539.png 700w\" sizes=\"(max-width: 792px) 100vw, 792px\" \/><\/a><\/div><div class=\"wpb_text_column us_custom_703b2333\"><div class=\"wpb_wrapper\"><p><a href=\"\/wp-content\/uploads\/2023\/02\/Informational-PCP-Brochure.pdf\" target=\"_blank\" rel=\"noopener\">Brochure d&rsquo;information du PCP<\/a><\/p>\n<\/div><\/div><\/div><\/div><\/div><\/div><\/div><\/div><\/div><\/div><\/div><\/section><section class=\"l-section wpb_row us_custom_b03640aa height_medium\"><div class=\"l-section-h i-cf\"><div class=\"g-cols vc_row via_flex valign_top type_default stacking_default\"><div class=\"vc_col-sm-12 wpb_column vc_column_container\"><div class=\"vc_column-inner\"><div class=\"wpb_wrapper\"><div class=\"g-cols wpb_row us_custom_2774bef1 via_flex valign_middle type_default stacking_default\"><div class=\"vc_col-sm-9 wpb_column vc_column_container\"><div class=\"vc_column-inner\"><div class=\"wpb_wrapper\"><div class=\"wpb_text_column us_custom_7e43dbe8 has_text_color\"><div class=\"wpb_wrapper\"><p>Programme complet de certification professionnelle d&rsquo;Hypertension Canada &#8211; $575<\/p>\n<\/div><\/div><\/div><\/div><\/div><div class=\"vc_col-sm-3 wpb_column vc_column_container\"><div class=\"vc_column-inner\"><div class=\"wpb_wrapper\"><div class=\"w-btn-wrapper align_justify\"><a class=\"w-btn us-btn-style_1\" href=\"\/fr\/inscription-des-deux-niveaux\/\"><span class=\"w-btn-label\">REGISTER NOW<\/span><\/a><\/div><\/div><\/div><\/div><\/div><div class=\"g-cols wpb_row via_flex valign_top type_default stacking_default\"><div class=\"vc_col-sm-12 wpb_column vc_column_container\"><div class=\"vc_column-inner\"><div class=\"wpb_wrapper\"><div class=\"wpb_text_column\"><div class=\"wpb_wrapper\"><p>Le programme complet de certification professionnelle comprend<\/p>\n<ul>\n<li>4 modules d&rsquo;apprentissage en ligne<\/li>\n<li>Test de compr\u00e9hension<\/li>\n<li>D\u00e9monstration de la technique de mesure de la pression art\u00e9rielle<\/li>\n<li>Utilisation d&rsquo;un registre de l&rsquo;hypertension pour faciliter la prise en charge des patients<\/li>\n<li>Pr\u00e9sentation de trois cas de patients pour \u00e9valuation et commentaires par des experts de l&rsquo;hypertension<\/li>\n<\/ul>\n<p>Les modules d&rsquo;apprentissage englobent les principes fondamentaux de l&rsquo;hypertension, l&rsquo;\u00e9pid\u00e9miologie et la physiopathologie de l&rsquo;hypertension, le d\u00e9pistage, le diagnostic, ainsi que la prise en charge pharmacologique et non pharmacologique. Les modules sont autodidactes pour permettre aux cliniciens de travailler en fonction de leur emploi du temps, avec des tests de compr\u00e9hension et l&rsquo;acc\u00e8s \u00e0 une s\u00e9rie d&rsquo;outils et de ressources pratiques.<\/p>\n<p>La pr\u00e9sentation de la mesure de la pression art\u00e9rielle offre aux cliniciens la possibilit\u00e9 de d\u00e9montrer et d&rsquo;\u00eatre \u00e9valu\u00e9s sur leur proc\u00e9dure et leur technique pr\u00e9cises lors de la mesure de la pression art\u00e9rielle. Gr\u00e2ce \u00e0 ce programme, les cliniciens auront acc\u00e8s \u00e0 un registre qui les aidera dans la prise en charge de leurs patients.<\/p>\n<p>Pour l&rsquo;examen final, les cliniciens appliqueront les comp\u00e9tences acquises dans les modules pr\u00e9c\u00e9dents pour soumettre trois de leurs propres cas de patients issus du registre. Ces cas seront examin\u00e9s et \u00e9valu\u00e9s par un expert en hypertension. Le HC-PCP englobe les principes fondamentaux de l&rsquo;hypertension et leur application dans la pratique, et il est id\u00e9al pour ceux qui cherchent \u00e0 ma\u00eetriser leur pratique de gestion de l&rsquo;hypertension.<\/p>\n<p><strong>Une fois que les cliniciens auront suivi et r\u00e9ussi le programme, ils recevront une certification en gestion de l&rsquo;hypertension et pourront utiliser les post-nominaux HC-CHM (Certified in Hypertension Management).<\/strong><\/p>\n<p><strong>Pharmaciens : Le programme complet de certification professionnelle est accr\u00e9dit\u00e9 pour 30 CEUs en tant que programme d&rsquo;\u00e9tude ind\u00e9pendant par le Conseil canadien de l&rsquo;\u00e9ducation permanente en pharmacie (CCEPP) (expiration le 7 mai 2025).<\/strong><\/p>\n<p>Engagement en termes de temps : Il n&rsquo;y a pas de date limite pour terminer le programme, mais pour la plupart des \u00e9tudiants, cela prend 16 semaines, soit environ 30 \u00e0 35 heures.<\/p>\n<\/div><\/div><\/div><\/div><\/div><\/div><\/div><\/div><\/div><\/div><\/div><\/section><section class=\"l-section wpb_row us_custom_b03640aa height_medium\"><div class=\"l-section-h i-cf\"><div class=\"g-cols vc_row via_flex valign_top type_default stacking_default\"><div class=\"vc_col-sm-12 wpb_column vc_column_container\"><div class=\"vc_column-inner\"><div class=\"wpb_wrapper\"><div class=\"g-cols wpb_row us_custom_2774bef1 via_flex valign_middle type_default stacking_default\"><div class=\"vc_col-sm-9 wpb_column vc_column_container\"><div class=\"vc_column-inner\"><div class=\"wpb_wrapper\"><div class=\"wpb_text_column us_custom_7e43dbe8 has_text_color\"><div class=\"wpb_wrapper\"><p>HC-PCP Niveau 1 : Principes fondamentaux de l&rsquo;hypertension- $400<\/p>\n<\/div><\/div><\/div><\/div><\/div><div class=\"vc_col-sm-3 wpb_column vc_column_container\"><div class=\"vc_column-inner\"><div class=\"wpb_wrapper\"><div class=\"w-btn-wrapper align_justify\"><a class=\"w-btn us-btn-style_1\" href=\"\/fr\/niveau-dinscription-1\/\"><span class=\"w-btn-label\">REGISTER NOW<\/span><\/a><\/div><\/div><\/div><\/div><\/div><div class=\"g-cols wpb_row via_flex valign_top type_default stacking_default\"><div class=\"vc_col-sm-12 wpb_column vc_column_container\"><div class=\"vc_column-inner\"><div class=\"wpb_wrapper\"><div class=\"wpb_text_column\"><div class=\"wpb_wrapper\"><p>Le niveau 1 du Programme de certification professionnelle d&rsquo;Hypertension Canada comprend les \u00e9l\u00e9ments suivants<\/p>\n<ul>\n<li>4 modules d&rsquo;apprentissage en ligne<\/li>\n<li>Test de compr\u00e9hension<\/li>\n<li>D\u00e9monstration de la technique de mesure de la pression art\u00e9rielle<\/li>\n<\/ul>\n<p>Le programme \u00ab\u00a0Hypertension Fundamentals\u00a0\u00bb englobe les principes fondamentaux de l&rsquo;hypertension et est id\u00e9al pour ceux qui souhaitent am\u00e9liorer leurs connaissances et leur compr\u00e9hension de l&rsquo;hypertension.<\/p>\n<p><strong>Remarque : Hypertension Fundamentals est le niveau 1 du programme de certification professionnelle et n&rsquo;inclut pas les cr\u00e9dits CCCEP, l&rsquo;utilisation d&rsquo;un registre, l&rsquo;\u00e9valuation par un expert en hypertension et la certification en gestion de l&rsquo;hypertension.<br \/>\n<\/strong><\/p>\n<p>Engagement en termes de temps : Il n&rsquo;y a pas de date limite pour suivre le programme, mais la plupart des \u00e9tudiants y consacrent environ 15 heures.<\/p>\n<\/div><\/div><\/div><\/div><\/div><\/div><\/div><\/div><\/div><\/div><\/div><\/section><section class=\"l-section wpb_row us_custom_b03640aa height_medium\"><div class=\"l-section-h i-cf\"><div class=\"g-cols vc_row via_flex valign_top type_default stacking_default\"><div class=\"vc_col-sm-12 wpb_column vc_column_container\"><div class=\"vc_column-inner\"><div class=\"wpb_wrapper\"><div class=\"g-cols wpb_row us_custom_2774bef1 via_flex valign_middle type_default stacking_default\"><div class=\"vc_col-sm-9 wpb_column vc_column_container\"><div class=\"vc_column-inner\"><div class=\"wpb_wrapper\"><div class=\"wpb_text_column us_custom_7e43dbe8 has_text_color\"><div class=\"wpb_wrapper\"><p>HC-PCP Niveau 2 : Ma\u00eetrise et application de l&rsquo;hypertension art\u00e9rielle &#8211; $250<\/p>\n<\/div><\/div><\/div><\/div><\/div><div class=\"vc_col-sm-3 wpb_column vc_column_container\"><div class=\"vc_column-inner\"><div class=\"wpb_wrapper\"><div class=\"w-btn-wrapper align_justify\"><a class=\"w-btn us-btn-style_1\" href=\"\/fr\/niveau-dinscription-2\/\"><span class=\"w-btn-label\">REGISTER NOW<\/span><\/a><\/div><\/div><\/div><\/div><\/div><div class=\"g-cols wpb_row via_flex valign_top type_default stacking_default\"><div class=\"vc_col-sm-12 wpb_column vc_column_container\"><div class=\"vc_column-inner\"><div class=\"wpb_wrapper\"><div class=\"wpb_text_column\"><div class=\"wpb_wrapper\"><p>Le niveau 2 du Programme de certification professionnelle d&rsquo;Hypertension Canada comprend les \u00e9l\u00e9ments suivants<\/p>\n<ul>\n<li>Utilisation d&rsquo;un registre de l&rsquo;hypertension pour faciliter la prise en charge des patients.<\/li>\n<li>Soumission de trois cas de patients pour \u00e9valuation et commentaires par des experts de l&rsquo;hypertension.<\/li>\n<\/ul>\n<p>Le programme de ma\u00eetrise et d&rsquo;application de l&rsquo;hypertension permet aux cliniciens de d\u00e9montrer l&rsquo;application pratique des connaissances et des comp\u00e9tences acquises dans le cadre du programme \u00ab\u00a0Hypertension Fundamentals\u00a0\u00bb, \u00e0 l&rsquo;aide de cas r\u00e9els et d&rsquo;un examen final anim\u00e9 par un expert de l&rsquo;hypertension.<\/p>\n<p><strong>Une fois que les cliniciens auront suivi et r\u00e9ussi le programme, ils recevront une certification en gestion de l&rsquo;hypertension et pourront utiliser les post-nominaux HC-CHM (Certifi\u00e9 en gestion de l&rsquo;hypertension).<\/strong><\/p>\n<p>Engagement en termes de temps : Il n&rsquo;y a pas de date limite pour suivre le programme, mais la plupart des \u00e9tudiants y consacrent environ 20 heures.<\/p>\n<p><strong>Note : Le programme de ma\u00eetrise et d&rsquo;application de l&rsquo;hypertension n&rsquo;est disponible que pour les personnes ayant suivi avec succ\u00e8s le programme HC-PCP niveau 1 &#8211; Hypertension Fundamentals.<\/strong><\/p>\n<\/div><\/div><\/div><\/div><\/div><\/div><\/div><\/div><\/div><\/div><\/div><\/section><section class=\"l-section wpb_row us_custom_b03640aa height_medium\"><div class=\"l-section-h i-cf\"><div class=\"g-cols vc_row via_flex valign_top type_default stacking_default\"><div class=\"vc_col-sm-12 wpb_column vc_column_container\"><div class=\"vc_column-inner\"><div class=\"wpb_wrapper\"><div class=\"g-cols wpb_row us_custom_2774bef1 via_flex valign_middle type_default stacking_default\"><div class=\"vc_col-sm-9 wpb_column vc_column_container\"><div class=\"vc_column-inner\"><div class=\"wpb_wrapper\"><div class=\"wpb_text_column us_custom_7e43dbe8 has_text_color\"><div class=\"wpb_wrapper\"><p>Frais de resoumission &#8211; $50<\/p>\n<\/div><\/div><\/div><\/div><\/div><div class=\"vc_col-sm-3 wpb_column vc_column_container\"><div class=\"vc_column-inner\"><div class=\"wpb_wrapper\"><div class=\"w-btn-wrapper align_justify\"><a class=\"w-btn us-btn-style_1\" href=\"\/fr\/reessayer\/\"><span class=\"w-btn-label\">REGISTER NOW<\/span><\/a><\/div><\/div><\/div><\/div><\/div><div class=\"g-cols wpb_row via_flex valign_top type_default stacking_default\"><div class=\"vc_col-sm-12 wpb_column vc_column_container\"><div class=\"vc_column-inner\"><div class=\"wpb_wrapper\"><div class=\"wpb_text_column\"><div class=\"wpb_wrapper\"><p>Il y a deux tentatives de soumission pour chaque travail, chaque tentative suppl\u00e9mentaire entra\u00eene des frais de resoumission. Pas de remboursement.<\/p>\n<p>Instructions : Veuillez compl\u00e9ter le formulaire en saisissant l&rsquo;adresse \u00e9lectronique et le code postal de votre inscription pr\u00e9c\u00e9dente afin de r\u00e9cup\u00e9rer vos donn\u00e9es.<\/p>\n<\/div><\/div><\/div><\/div><\/div><\/div><\/div><\/div><\/div><\/div><\/div><\/section>\n<\/div>","protected":false},"excerpt":{"rendered":"Programme de certification professionnellePROGRAMME DE CERTIFICATION PROFESSIONNELLE D&rsquo;HYPERTENSION CANADA (PCP) Le Programme de certification professionnelle (PCP) d&rsquo;Hypertension Canada est con\u00e7u pour donner aux professionnels des soins de sant\u00e9 primaires les connaissances et la confiance n\u00e9cessaires pour identifier et prendre en charge les patients souffrant d&rsquo;hypertension. Gr\u00e2ce \u00e0 des modules d&rsquo;apprentissage en ligne et \u00e0 des...","protected":false},"author":4209,"featured_media":0,"parent":0,"menu_order":0,"comment_status":"closed","ping_status":"closed","template":"","meta":{"_acf_changed":false,"footnotes":""},"class_list":["post-51336","page","type-page","status-publish","hentry"],"acf":[],"_links":{"self":[{"href":"https:\/\/hypertension.idlwebclients.com\/fr\/wp-json\/wp\/v2\/pages\/51336","targetHints":{"allow":["GET"]}}],"collection":[{"href":"https:\/\/hypertension.idlwebclients.com\/fr\/wp-json\/wp\/v2\/pages"}],"about":[{"href":"https:\/\/hypertension.idlwebclients.com\/fr\/wp-json\/wp\/v2\/types\/page"}],"author":[{"embeddable":true,"href":"https:\/\/hypertension.idlwebclients.com\/fr\/wp-json\/wp\/v2\/users\/4209"}],"replies":[{"embeddable":true,"href":"https:\/\/hypertension.idlwebclients.com\/fr\/wp-json\/wp\/v2\/comments?post=51336"}],"version-history":[{"count":6,"href":"https:\/\/hypertension.idlwebclients.com\/fr\/wp-json\/wp\/v2\/pages\/51336\/revisions"}],"predecessor-version":[{"id":52284,"href":"https:\/\/hypertension.idlwebclients.com\/fr\/wp-json\/wp\/v2\/pages\/51336\/revisions\/52284"}],"wp:attachment":[{"href":"https:\/\/hypertension.idlwebclients.com\/fr\/wp-json\/wp\/v2\/media?parent=51336"}],"curies":[{"name":"wp","href":"https:\/\/api.w.org\/{rel}","templated":true}]}}