{"id":51293,"date":"2023-04-27T16:08:41","date_gmt":"2023-04-27T20:08:41","guid":{"rendered":"https:\/\/hypertension.ca\/order-resources\/"},"modified":"2024-11-26T16:38:21","modified_gmt":"2024-11-26T21:38:21","slug":"order-resources","status":"publish","type":"page","link":"https:\/\/hypertension.idlwebclients.com\/fr\/order-resources\/","title":{"rendered":"Commander des ressources \u00e9ducatives"},"content":{"rendered":"<div id=\"modal-ready\"><section class=\"l-section wpb_row us_custom_5c31ec89 event-banner-section height_medium width_full\"><div class=\"l-section-h i-cf\"><div class=\"g-cols vc_row via_flex valign_top type_default stacking_default\"><div class=\"vc_col-sm-12 wpb_column vc_column_container\"><div class=\"vc_column-inner us_custom_461a6918\"><div class=\"wpb_wrapper\"><div class=\"w-image img-w-100 has_ratio align_center\"><div class=\"w-image-h\"><div style=\"padding-bottom:21.0526%\"><\/div><img fetchpriority=\"high\" decoding=\"async\" width=\"2560\" height=\"1707\" src=\"https:\/\/hypertension.idlwebclients.com\/wp-content\/uploads\/2023\/04\/Untitlfdhed.jpg\" class=\"attachment-full size-full\" alt=\"\" \/><\/div><\/div><\/div><\/div><\/div><\/div><\/div><\/section><section class=\"l-section wpb_row height_medium\"><div class=\"l-section-h i-cf\"><div class=\"g-cols vc_row via_flex valign_top type_default stacking_default\"><div class=\"vc_col-sm-12 wpb_column vc_column_container\"><div class=\"vc_column-inner\"><div class=\"wpb_wrapper\"><h1 class=\"w-post-elm post_title us_custom_ff26d1b9 title-underline small-underline has_text_color entry-title color_link_inherit\">Commander des ressources \u00e9ducatives<\/h1><div class=\"wpb_text_column us_custom_0f8f44b7\"><div class=\"wpb_wrapper\"><p style=\"text-align: center;\">Parcourez nos offres et commandez vos ressources Hypertension Canada d\u00e8s aujourd&rsquo;hui ! Si vous souhaitez b\u00e9n\u00e9ficier de ressources gratuites, <a href=\"\/fr\/membership\">cliquez ici<\/a> pour conna\u00eetre nos options d&rsquo;adh\u00e9sion. Si vous \u00eates d\u00e9j\u00e0 membre, envoyez un courriel \u00e0 <a href=\"mailto:info@hypertension.idlwebclients.com\">info@hypertension.idlwebclients.com<\/a> pour demander des documents imprim\u00e9s.<\/p>\n<\/div><\/div><div class=\"g-cols wpb_row us_custom_af6a9b6a via_flex valign_top type_default stacking_default\"><div class=\"vc_col-sm-2 wpb_column vc_column_container\"><div class=\"vc_column-inner\"><div class=\"wpb_wrapper\"><\/div><\/div><\/div><div class=\"vc_col-sm-8 wpb_column vc_column_container\"><div class=\"vc_column-inner\"><div class=\"wpb_wrapper\"><div class=\"wpb_text_column price-table\"><div class=\"wpb_wrapper\"><table>\n<tbody>\n<tr>\n<th>Resources<\/th>\n<th>Cost<\/th>\n<\/tr>\n<tr>\n<td>Brochures\/Pamphlets<\/td>\n<td>$2.00 par livret<\/td>\n<\/tr>\n<tr>\n<td>Blocs d\u00e9tachables de 50 pages<\/td>\n<td>$15.00 per pad<\/td>\n<\/tr>\n<tr>\n<td>Cartes postales<\/td>\n<td>$0.15 par carte postale<\/td>\n<\/tr>\n<tr>\n<td>Posters<\/td>\n<td>$0.80 par poster<\/td>\n<\/tr>\n<\/tbody>\n<\/table>\n<p style=\"text-align: center;\">* Afin de couvrir les frais d&rsquo;exp\u00e9dition, des frais de 20$ seront ajout\u00e9s \u00e0 chaque commande.<\/p>\n<\/div><\/div><\/div><\/div><\/div><div class=\"vc_col-sm-2 wpb_column vc_column_container\"><div class=\"vc_column-inner\"><div class=\"wpb_wrapper\"><\/div><\/div><\/div><\/div><\/div><\/div><\/div><\/div><\/div><\/section><section class=\"l-section wpb_row us_custom_b03640aa height_medium\"><div class=\"l-section-h i-cf\"><div class=\"g-cols vc_row via_flex valign_top type_default stacking_default\"><div class=\"vc_col-sm-12 wpb_column vc_column_container\"><div class=\"vc_column-inner\"><div class=\"wpb_wrapper\"><div class=\"w-grid type_grid layout_41981 cols_3\" id=\"us_grid_1\"><style>#us_grid_1 .w-grid-item{padding:1.5rem}#us_grid_1 .w-grid-list{margin:-1.5rem}.w-grid + #us_grid_1 .w-grid-list,.w-grid-none + #us_grid_1 .w-grid-list{margin-top:1.5rem}@media (max-width:1024px){#us_grid_1 .w-grid-item{width:50%}}@media (max-width:600px){#us_grid_1 .w-grid-list{margin:0}#us_grid_1 .w-grid-item{width:100%;padding:0;margin-bottom:1.5rem}}.layout_41981 .w-grid-item-h{}.layout_41981 .usg_post_title_1{color:#b21f2a!important;font-size:1rem!important;margin-top:0.8rem!important;margin-bottom:0.2rem!important}.layout_41981 .usg_html_1{margin-bottom:0px!important}.layout_41981 .usg_html_2{margin-bottom:0px!important}.layout_41981 .usg_vwrapper_1{margin-top:1rem!important}<\/style><div class=\"w-grid-list\">\t<article class=\"w-grid-item post-17338 product type-product status-publish has-post-thumbnail product_cat-educational-resources-fr product_shipping_class-educational-shipping-fr first instock shipping-taxable purchasable product-type-simple\" data-id=\"17338\">\r\n\t\t<div class=\"w-grid-item-h\">\r\n\t\t\t\t\t\t<div class=\"w-post-elm post_image usg_post_image_1 stretched\"><img decoding=\"async\" width=\"500\" height=\"745\" src=\"https:\/\/hypertension.idlwebclients.com\/wp-content\/uploads\/2019\/03\/Blood-Pressure-Measurement-Postcard-EN-500x745.png\" class=\"attachment-woocommerce_thumbnail size-woocommerce_thumbnail wp-post-image\" alt=\"\" srcset=\"https:\/\/hypertension.idlwebclients.com\/wp-content\/uploads\/2019\/03\/Blood-Pressure-Measurement-Postcard-EN-500x745.png 500w, https:\/\/hypertension.idlwebclients.com\/wp-content\/uploads\/2019\/03\/Blood-Pressure-Measurement-Postcard-EN.png 610w\" sizes=\"(max-width: 500px) 100vw, 500px\" \/><\/div><h2 class=\"w-post-elm post_title usg_post_title_1 has_text_color woocommerce-loop-product__title color_link_inherit\">Cartes postales de mesure de la tension art\u00e9rielle<\/h2><div class=\"w-post-elm post_content usg_post_content_1\"><div id=\"modal-ready\"><p>Une carte postale ing\u00e9nieuse avec des conseils utiles sur la fa\u00e7on dont les patients peuvent mesurer leur tension art\u00e9rielle \u00e0 la maison.<\/p>\n<\/div><\/div><div class=\"w-vwrapper usg_vwrapper_1 align_none valign_top\"><div class=\"w-html usg_html_1 qty-btn-wrap\"><form class=\"cart\" action=\"\/checkout\" method=\"post\" enctype=\"multipart\/form-data\">\n\t\t<div class=\"qty\">English: <\/div>\n\t\t\t<div class=\"quantity buttons_added\"><input type=\"button\" value=\"-\" class=\"minus\"><input type=\"number\" class=\"input-text qty text\" step=\"1\" min=\"0\" max=\"800\" name=\"quantity\" value=\"0\" title=\"Qty\" size=\"4\" placeholder=\"\" inputmode=\"numeric\" autocomplete=\"off\"><input type=\"button\" value=\"+\" class=\"plus\">\n\t\t\t<\/div>\n\t\t<button type=\"submit\" name=\"add-to-cart\" value=\"17338\" class=\"single_add_to_cart_button button alt\">Add to cart<\/button>\n<\/form>\n<a href=\"?add-to-cart=17339\" data-quantity=\"1\" class=\"button product_type_simple add_to_cart_button ajax_add_to_cart\" id=\"no-hover-class\"><span>Add to Cart<\/span><\/a><\/div><div class=\"w-html usg_html_2 qty-btn-wrap\"><form class=\"cart\" action=\"\/checkout\" method=\"post\" enctype=\"multipart\/form-data\">\n\t\t<div class=\"qty\">French: <\/div>\n\t\t\t<div class=\"quantity buttons_added\"><input type=\"button\" value=\"-\" class=\"minus\"><input type=\"number\" class=\"input-text qty text\" step=\"1\" min=\"0\" max=\"800\" name=\"quantity\" value=\"0\" title=\"Qty\" size=\"4\" placeholder=\"\" inputmode=\"numeric\" autocomplete=\"off\"><input type=\"button\" value=\"+\" class=\"plus\">\n\t\t\t<\/div>\n\t\t<button type=\"submit\" name=\"add-to-cart\" value=\"17339\" class=\"single_add_to_cart_button button alt\">Add to cart<\/button>\n<\/form>\n<a href=\"?add-to-cart=17339\" data-quantity=\"1\" class=\"button product_type_simple add_to_cart_button ajax_add_to_cart\" id=\"no-hover-class\"><span>Add to Cart<\/span><\/a><\/div><\/div>\t\t<\/div>\r\n\t<\/article>\r\n\t<article class=\"w-grid-item post-17334 product type-product status-publish has-post-thumbnail product_cat-educational-resources-fr product_shipping_class-educational-shipping-fr  instock shipping-taxable purchasable product-type-simple\" data-id=\"17334\">\r\n\t\t<div class=\"w-grid-item-h\">\r\n\t\t\t\t\t\t<div class=\"w-post-elm post_image usg_post_image_1 stretched\"><img decoding=\"async\" width=\"500\" height=\"651\" src=\"https:\/\/hypertension.idlwebclients.com\/wp-content\/uploads\/2019\/03\/Blood-Pressure-Tear-Off-Pads-EN-500x651.png\" class=\"attachment-woocommerce_thumbnail size-woocommerce_thumbnail wp-post-image\" alt=\"\" srcset=\"https:\/\/hypertension.idlwebclients.com\/wp-content\/uploads\/2019\/03\/Blood-Pressure-Tear-Off-Pads-EN-500x651.png 500w, https:\/\/hypertension.idlwebclients.com\/wp-content\/uploads\/2019\/03\/Blood-Pressure-Tear-Off-Pads-EN.png 648w\" sizes=\"(max-width: 500px) 100vw, 500px\" \/><\/div><h2 class=\"w-post-elm post_title usg_post_title_1 has_text_color woocommerce-loop-product__title color_link_inherit\">Carnet avec feuilles d\u00e9tachables pour la tension art\u00e9rielle<\/h2><div class=\"w-post-elm post_content usg_post_content_1\"><div id=\"modal-ready\"><p>Un journal pratique qui fournit des conseils sur la fa\u00e7on de mesurer la tension art\u00e9rielle et de l\u2019espace pour prendre les mesures en note afin d\u2019aider votre analyse lors du suivi du patient. Comprend 50\u00a0feuilles d\u00e9tachables.<\/p>\n<\/div><\/div><div class=\"w-vwrapper usg_vwrapper_1 align_none valign_top\"><div class=\"w-html usg_html_1 qty-btn-wrap\"><form class=\"cart\" action=\"\/checkout\" method=\"post\" enctype=\"multipart\/form-data\">\n\t\t<div class=\"qty\">English: <\/div>\n\t\t\t<div class=\"quantity buttons_added\"><input type=\"button\" value=\"-\" class=\"minus\"><input type=\"number\" class=\"input-text qty text\" step=\"1\" min=\"0\" max=\"800\" name=\"quantity\" value=\"0\" title=\"Qty\" size=\"4\" placeholder=\"\" inputmode=\"numeric\" autocomplete=\"off\"><input type=\"button\" value=\"+\" class=\"plus\">\n\t\t\t<\/div>\n\t\t<button type=\"submit\" name=\"add-to-cart\" value=\"17334\" class=\"single_add_to_cart_button button alt\">Add to cart<\/button>\n<\/form>\n<a href=\"?add-to-cart=17332\" data-quantity=\"1\" class=\"button product_type_simple add_to_cart_button ajax_add_to_cart\" id=\"no-hover-class\"><span>Add to Cart<\/span><\/a><\/div><div class=\"w-html usg_html_2 qty-btn-wrap\"><form class=\"cart\" action=\"\/checkout\" method=\"post\" enctype=\"multipart\/form-data\">\n\t\t<div class=\"qty\">French: <\/div>\n\t\t\t<div class=\"quantity buttons_added\"><input type=\"button\" value=\"-\" class=\"minus\"><input type=\"number\" class=\"input-text qty text\" step=\"1\" min=\"0\" max=\"800\" name=\"quantity\" value=\"0\" title=\"Qty\" size=\"4\" placeholder=\"\" inputmode=\"numeric\" autocomplete=\"off\"><input type=\"button\" value=\"+\" class=\"plus\">\n\t\t\t<\/div>\n\t\t<button type=\"submit\" name=\"add-to-cart\" value=\"17332\" class=\"single_add_to_cart_button button alt\">Add to cart<\/button>\n<\/form>\n<a href=\"?add-to-cart=17332\" data-quantity=\"1\" class=\"button product_type_simple add_to_cart_button ajax_add_to_cart\" id=\"no-hover-class\"><span>Add to Cart<\/span><\/a><\/div><\/div>\t\t<\/div>\r\n\t<\/article>\r\n\t<article class=\"w-grid-item post-23870 product type-product status-publish has-post-thumbnail product_cat-educational-resources-fr product_shipping_class-educational-shipping-fr last instock shipping-taxable purchasable product-type-simple\" data-id=\"23870\">\r\n\t\t<div class=\"w-grid-item-h\">\r\n\t\t\t\t\t\t<div class=\"w-post-elm post_image usg_post_image_1 stretched\"><img loading=\"lazy\" decoding=\"async\" width=\"500\" height=\"824\" src=\"https:\/\/hypertension.idlwebclients.com\/wp-content\/uploads\/2020\/02\/BPM-Poster-English-500x824.jpg\" class=\"attachment-woocommerce_thumbnail size-woocommerce_thumbnail wp-post-image\" alt=\"\" srcset=\"https:\/\/hypertension.idlwebclients.com\/wp-content\/uploads\/2020\/02\/BPM-Poster-English-500x824.jpg 500w, https:\/\/hypertension.idlwebclients.com\/wp-content\/uploads\/2020\/02\/BPM-Poster-English-700x1153.jpg 700w, https:\/\/hypertension.idlwebclients.com\/wp-content\/uploads\/2020\/02\/BPM-Poster-English-scaled.jpg 1554w\" sizes=\"(max-width: 500px) 100vw, 500px\" \/><\/div><h2 class=\"w-post-elm post_title usg_post_title_1 has_text_color woocommerce-loop-product__title color_link_inherit\">Affiches de mesure de la pression art\u00e9rielle<\/h2><div class=\"w-post-elm post_content usg_post_content_1\"><div id=\"modal-ready\"><p>Une affiche ing\u00e9nieuse pour votre clinique\/pharmacie avec des conseils utiles sur la fa\u00e7on dont les patients peuvent mesurer leur pression art\u00e9rielle \u00e0 domicile.<\/p>\n<\/div><\/div><div class=\"w-vwrapper usg_vwrapper_1 align_none valign_top\"><div class=\"w-html usg_html_1 qty-btn-wrap\"><form class=\"cart\" action=\"\/checkout\" method=\"post\" enctype=\"multipart\/form-data\">\n\t\t<div class=\"qty\">English: <\/div>\n\t\t\t<div class=\"quantity buttons_added\"><input type=\"button\" value=\"-\" class=\"minus\"><input type=\"number\" class=\"input-text qty text\" step=\"1\" min=\"0\" max=\"800\" name=\"quantity\" value=\"0\" title=\"Qty\" size=\"4\" placeholder=\"\" inputmode=\"numeric\" autocomplete=\"off\"><input type=\"button\" value=\"+\" class=\"plus\">\n\t\t\t<\/div>\n\t\t<button type=\"submit\" name=\"add-to-cart\" value=\"23870\" class=\"single_add_to_cart_button button alt\">Add to cart<\/button>\n<\/form>\n<a href=\"?add-to-cart=23672\" data-quantity=\"1\" class=\"button product_type_simple add_to_cart_button ajax_add_to_cart\" id=\"no-hover-class\"><span>Add to Cart<\/span><\/a><\/div><div class=\"w-html usg_html_2 qty-btn-wrap\"><form class=\"cart\" action=\"\/checkout\" method=\"post\" enctype=\"multipart\/form-data\">\n\t\t<div class=\"qty\">French: <\/div>\n\t\t\t<div class=\"quantity buttons_added\"><input type=\"button\" value=\"-\" class=\"minus\"><input type=\"number\" class=\"input-text qty text\" step=\"1\" min=\"0\" max=\"800\" name=\"quantity\" value=\"0\" title=\"Qty\" size=\"4\" placeholder=\"\" inputmode=\"numeric\" autocomplete=\"off\"><input type=\"button\" value=\"+\" class=\"plus\">\n\t\t\t<\/div>\n\t\t<button type=\"submit\" name=\"add-to-cart\" value=\"23672\" class=\"single_add_to_cart_button button alt\">Add to cart<\/button>\n<\/form>\n<a href=\"?add-to-cart=23672\" data-quantity=\"1\" class=\"button product_type_simple add_to_cart_button ajax_add_to_cart\" id=\"no-hover-class\"><span>Add to Cart<\/span><\/a><\/div><\/div>\t\t<\/div>\r\n\t<\/article>\r\n\t<article class=\"w-grid-item post-2624 product type-product status-publish has-post-thumbnail product_cat-educational-resources-fr product_shipping_class-educational-shipping-fr first instock shipping-taxable purchasable product-type-simple\" data-id=\"2624\">\r\n\t\t<div class=\"w-grid-item-h\">\r\n\t\t\t\t\t\t<div class=\"w-post-elm post_image usg_post_image_1 stretched\"><img loading=\"lazy\" decoding=\"async\" width=\"300\" height=\"550\" src=\"https:\/\/hypertension.idlwebclients.com\/wp-content\/uploads\/2017\/10\/understand-boodpressure-1.jpg\" class=\"attachment-woocommerce_thumbnail size-woocommerce_thumbnail wp-post-image\" alt=\"NULL\" \/><\/div><h2 class=\"w-post-elm post_title usg_post_title_1 has_text_color woocommerce-loop-product__title color_link_inherit\">Comprendre et g\u00e9rer votre tension art\u00e9rielle<\/h2><div class=\"w-post-elm post_content usg_post_content_1\"><div id=\"modal-ready\"><p>Un pr\u00e9cieux d\u00e9pliant \u00e9ducatif qui donne aux patients un aper\u00e7u de ce qu\u2019est la tension art\u00e9rielle et de la fa\u00e7on de la r\u00e9duire pour \u00e9viter de d\u00e9velopper de l\u2019hypertension, ou de la contr\u00f4ler s\u2019ils en souffrent. Les cibles de la tension art\u00e9rielle, la fa\u00e7on dont elles sont mesur\u00e9es et d\u2019autres \u00e9l\u00e9ments de base sont \u00e9galement couverts.<\/p>\n<\/div><\/div><div class=\"w-vwrapper usg_vwrapper_1 align_none valign_top\"><div class=\"w-html usg_html_1 qty-btn-wrap\"><form class=\"cart\" action=\"\/checkout\" method=\"post\" enctype=\"multipart\/form-data\">\n\t\t<div class=\"qty\">English: <\/div>\n\t\t\t<div class=\"quantity buttons_added\"><input type=\"button\" value=\"-\" class=\"minus\"><input type=\"number\" class=\"input-text qty text\" step=\"1\" min=\"0\" max=\"800\" name=\"quantity\" value=\"0\" title=\"Qty\" size=\"4\" placeholder=\"\" inputmode=\"numeric\" autocomplete=\"off\"><input type=\"button\" value=\"+\" class=\"plus\">\n\t\t\t<\/div>\n\t\t<button type=\"submit\" name=\"add-to-cart\" value=\"2624\" class=\"single_add_to_cart_button button alt\">Add to cart<\/button>\n<\/form>\n<a href=\"?add-to-cart=674\" data-quantity=\"1\" class=\"button product_type_simple add_to_cart_button ajax_add_to_cart\" id=\"no-hover-class\"><span>Add to Cart<\/span><\/a><\/div><div class=\"w-html usg_html_2 qty-btn-wrap\"><form class=\"cart\" action=\"\/checkout\" method=\"post\" enctype=\"multipart\/form-data\">\n\t\t<div class=\"qty\">French: <\/div>\n\t\t\t<div class=\"quantity buttons_added\"><input type=\"button\" value=\"-\" class=\"minus\"><input type=\"number\" class=\"input-text qty text\" step=\"1\" min=\"0\" max=\"800\" name=\"quantity\" value=\"0\" title=\"Qty\" size=\"4\" placeholder=\"\" inputmode=\"numeric\" autocomplete=\"off\"><input type=\"button\" value=\"+\" class=\"plus\">\n\t\t\t<\/div>\n\t\t<button type=\"submit\" name=\"add-to-cart\" value=\"674\" class=\"single_add_to_cart_button button alt\">Add to cart<\/button>\n<\/form>\n<a href=\"?add-to-cart=674\" data-quantity=\"1\" class=\"button product_type_simple add_to_cart_button ajax_add_to_cart\" id=\"no-hover-class\"><span>Add to Cart<\/span><\/a><\/div><\/div>\t\t<\/div>\r\n\t<\/article>\r\n\t<article class=\"w-grid-item post-2623 product type-product status-publish has-post-thumbnail product_cat-educational-resources-fr product_shipping_class-educational-shipping-fr  instock shipping-taxable purchasable product-type-simple\" data-id=\"2623\">\r\n\t\t<div class=\"w-grid-item-h\">\r\n\t\t\t\t\t\t<div class=\"w-post-elm post_image usg_post_image_1 stretched\"><img loading=\"lazy\" decoding=\"async\" width=\"300\" height=\"550\" src=\"https:\/\/hypertension.idlwebclients.com\/wp-content\/uploads\/2017\/10\/blood-pressure-action-plan-1.jpg\" class=\"attachment-woocommerce_thumbnail size-woocommerce_thumbnail wp-post-image\" alt=\"NULL\" \/><\/div><h2 class=\"w-post-elm post_title usg_post_title_1 has_text_color woocommerce-loop-product__title color_link_inherit\">Plan d\u2019action de la tension art\u00e9rielle<\/h2><div class=\"w-post-elm post_content usg_post_content_1\"><div id=\"modal-ready\"><p>Un guide utile pour les patients sur les mesures qu\u2019ils peuvent prendre pour aider \u00e0 r\u00e9duire leur tension art\u00e9rielle, y compris la limitation de l\u2019apport en sel, le r\u00e9gime DASH et des conseils pour avoir un mode de vie sain. Un plan d\u2019action est inclus \u00e0 la fin de la brochure pour aider les patients \u00e0 rester sur la bonne voie.<\/p>\n<\/div><\/div><div class=\"w-vwrapper usg_vwrapper_1 align_none valign_top\"><div class=\"w-html usg_html_1 qty-btn-wrap\"><form class=\"cart\" action=\"\/checkout\" method=\"post\" enctype=\"multipart\/form-data\">\n\t\t<div class=\"qty\">English: <\/div>\n\t\t\t<div class=\"quantity buttons_added\"><input type=\"button\" value=\"-\" class=\"minus\"><input type=\"number\" class=\"input-text qty text\" step=\"1\" min=\"0\" max=\"800\" name=\"quantity\" value=\"0\" title=\"Qty\" size=\"4\" placeholder=\"\" inputmode=\"numeric\" autocomplete=\"off\"><input type=\"button\" value=\"+\" class=\"plus\">\n\t\t\t<\/div>\n\t\t<button type=\"submit\" name=\"add-to-cart\" value=\"2623\" class=\"single_add_to_cart_button button alt\">Add to cart<\/button>\n<\/form>\n<a href=\"?add-to-cart=1567\" data-quantity=\"1\" class=\"button product_type_simple add_to_cart_button ajax_add_to_cart\" id=\"no-hover-class\"><span>Add to Cart<\/span><\/a><\/div><div class=\"w-html usg_html_2 qty-btn-wrap\"><form class=\"cart\" action=\"\/checkout\" method=\"post\" enctype=\"multipart\/form-data\">\n\t\t<div class=\"qty\">French: <\/div>\n\t\t\t<div class=\"quantity buttons_added\"><input type=\"button\" value=\"-\" class=\"minus\"><input type=\"number\" class=\"input-text qty text\" step=\"1\" min=\"0\" max=\"800\" name=\"quantity\" value=\"0\" title=\"Qty\" size=\"4\" placeholder=\"\" inputmode=\"numeric\" autocomplete=\"off\"><input type=\"button\" value=\"+\" class=\"plus\">\n\t\t\t<\/div>\n\t\t<button type=\"submit\" name=\"add-to-cart\" value=\"1567\" class=\"single_add_to_cart_button button alt\">Add to cart<\/button>\n<\/form>\n<a href=\"?add-to-cart=1567\" data-quantity=\"1\" class=\"button product_type_simple add_to_cart_button ajax_add_to_cart\" id=\"no-hover-class\"><span>Add to Cart<\/span><\/a><\/div><\/div>\t\t<\/div>\r\n\t<\/article>\r\n<\/div><div class=\"w-grid-preloader\"><div class=\"g-preloader type_1\">\r\n\t<div><\/div>\r\n<\/div>\r\n<\/div>\t<div class=\"w-grid-json hidden\" onclick='return {&quot;action&quot;:&quot;us_ajax_grid&quot;,&quot;ajax_url&quot;:&quot;https:\\\/\\\/hypertension.idlwebclients.com\\\/wp-admin\\\/admin-ajax.php&quot;,&quot;infinite_scroll&quot;:0,&quot;max_num_pages&quot;:1,&quot;pagination&quot;:&quot;none&quot;,&quot;permalink_url&quot;:&quot;https:\\\/\\\/hypertension.idlwebclients.com\\\/fr\\\/wp-json\\\/wp\\\/v2\\\/pages\\\/51293\\\/&quot;,&quot;template_vars&quot;:{&quot;columns&quot;:&quot;3&quot;,&quot;exclude_items&quot;:&quot;none&quot;,&quot;img_size&quot;:&quot;default&quot;,&quot;ignore_items_size&quot;:0,&quot;items_layout&quot;:&quot;41981&quot;,&quot;items_offset&quot;:&quot;1&quot;,&quot;load_animation&quot;:&quot;none&quot;,&quot;overriding_link&quot;:&quot;none&quot;,&quot;post_id&quot;:0,&quot;query_args&quot;:{&quot;ignore_sticky_posts&quot;:1,&quot;post_type&quot;:&quot;any&quot;,&quot;post__in&quot;:[&quot;17336&quot;,&quot;17328&quot;,&quot;23666&quot;,&quot;672&quot;,&quot;1566&quot;],&quot;tax_query&quot;:[{&quot;taxonomy&quot;:&quot;product_visibility&quot;,&quot;field&quot;:&quot;slug&quot;,&quot;terms&quot;:[&quot;exclude-from-catalog&quot;],&quot;operator&quot;:&quot;NOT IN&quot;}],&quot;posts_per_page&quot;:&quot;10&quot;},&quot;orderby_query_args&quot;:{&quot;orderby&quot;:{&quot;post__in&quot;:&quot;ASC&quot;},&quot;order&quot;:&quot;ASC&quot;},&quot;type&quot;:&quot;grid&quot;,&quot;us_grid_ajax_index&quot;:1,&quot;us_grid_filter_params&quot;:null,&quot;us_grid_index&quot;:1,&quot;_us_grid_post_type&quot;:&quot;ids&quot;,&quot;page_args&quot;:[],&quot;lang&quot;:&quot;fr&quot;}}'><\/div>\r\n\t<\/div><div class=\"g-cols wpb_row via_flex valign_top type_default stacking_default\"><div class=\"vc_col-sm-12 wpb_column vc_column_container\"><div class=\"vc_column-inner\"><div class=\"wpb_wrapper\"><div class=\"w-hwrapper resource-btn align_center valign_top\" style=\"--hwrapper-gap:1.20rem\">[vc_btn title=\u00a0\u00bbClear All\u00a0\u00bb][vc_btn title=\u00a0\u00bbContinue\u00a0\u00bb el_class=\u00a0\u00bbcontinue-btn\u00a0\u00bb]<\/div><\/div><\/div><\/div><\/div><div class=\"w-html\"><style>\n.ajax_add_to_cart {\n    visibility: hidden;\n}\n<\/style>\n<script>\njQuery( document ).ready(function() {\n\n    jQuery(\".plus\").on(\"click\", function(){\n        jQuery(this).prev().val(parseInt(jQuery(this).prev().val())+1);\n    }); \n    jQuery(\".minus\").on(\"click\", function(){\n        if(parseInt(jQuery(this).next().val())>0)\n        {\n        jQuery(this).next().val(parseInt(jQuery(this).next().val())-1);\n        }\n    }); \n\n   jQuery(\"input[name='quantity']\").on('input change', function() {\n        qtnz = jQuery(this).val();\n        jQuery(this).parent().parent().next().attr('data-quantity',qtnz);\n   });\n   jQuery(\".plus\").on('click input change', function() {\n        qtnz = jQuery(this).prev().val();\n        jQuery(this).parent().parent().next().attr('data-quantity',qtnz);\n   });\n   jQuery(\".minus\").on('click input change', function() {\n        qtnz = jQuery(this).next().val();\n        jQuery(this).parent().parent().next().attr('data-quantity',qtnz);\n   });\n\n\n\n    \n    jQuery(\".continue-btn button\").on(\"click\", function(){\n       event.preventDefault();\n       event.stopPropagation();\n       jQuery(\"#loader\").toggle();\n\n\t\t       var timeout = 0;\n\t\t       var quantity=0;\n\t\t       var pid=0;\n\t\t\t\tvar total_cart= 0; \n\t\t        jQuery(\"form.cart\").each(function(index) {\n\t\t            if(jQuery(this).find(\"input[name='quantity']\").val()>0)\n\t\t            {\n\t\t                pid=0;\n\t\t                quantity=0;\n\t\t                \/\/jQuery(this).find(\"button.single_add_to_cart_button\").trigger('click');\n\t\t                quantity = jQuery(this).find(\"input[name='quantity']\").val();\n\t\t                pid = jQuery(this).find(\"button[name='add-to-cart']\").val();\n\t\t                var btn_add_to_cart_ajax = jQuery(this).parent().find(\"a.ajax_add_to_cart\");\n\t\t                btn_add_to_cart_ajax.attr(\"data-product_id\",pid);\n\t\t                \n\t\t                btn_add_to_cart_ajax.trigger('click');\n\t\t\n\t\t\t\t\t\t\n\t\t\n\t\t\n\t\t            }\n\t\t        });\n\t\t\n\t\t\n\t\t\n\t\t\/\/jQuery(\"#loader\").toggle();\n\t\t\/\/jQuery(\"a.loadCheckout\")[0].click();    \n    }); \n    jQuery(document).ajaxStop(function() { \n          setTimeout(function() {\n           jQuery(\"a.loadCheckout\")[0].click();      \n        }, 1520);\n    });\n});\n<\/script>\n<a href=\"\/checkout\" class=\"loadCheckout\" style=\"visibility:hidden;\">view<\/a>\n<\/div><\/div><\/div><\/div><\/div><\/div><\/section>\n<\/div>","protected":false},"excerpt":{"rendered":"Un guide utile pour les patients sur les mesures qu\u2019ils peuvent prendre pour aider \u00e0 r\u00e9duire leur tension art\u00e9rielle, y compris la limitation de l\u2019apport en sel, le r\u00e9gime DASH et des conseils pour avoir un mode de vie sain. Un plan d\u2019action est inclus \u00e0 la fin de la brochure pour aider les patients...","protected":false},"author":1,"featured_media":0,"parent":0,"menu_order":0,"comment_status":"closed","ping_status":"closed","template":"","meta":{"_acf_changed":false,"footnotes":""},"class_list":["post-51293","page","type-page","status-publish","hentry"],"acf":[],"_links":{"self":[{"href":"https:\/\/hypertension.idlwebclients.com\/fr\/wp-json\/wp\/v2\/pages\/51293","targetHints":{"allow":["GET"]}}],"collection":[{"href":"https:\/\/hypertension.idlwebclients.com\/fr\/wp-json\/wp\/v2\/pages"}],"about":[{"href":"https:\/\/hypertension.idlwebclients.com\/fr\/wp-json\/wp\/v2\/types\/page"}],"author":[{"embeddable":true,"href":"https:\/\/hypertension.idlwebclients.com\/fr\/wp-json\/wp\/v2\/users\/1"}],"replies":[{"embeddable":true,"href":"https:\/\/hypertension.idlwebclients.com\/fr\/wp-json\/wp\/v2\/comments?post=51293"}],"version-history":[{"count":6,"href":"https:\/\/hypertension.idlwebclients.com\/fr\/wp-json\/wp\/v2\/pages\/51293\/revisions"}],"predecessor-version":[{"id":54060,"href":"https:\/\/hypertension.idlwebclients.com\/fr\/wp-json\/wp\/v2\/pages\/51293\/revisions\/54060"}],"wp:attachment":[{"href":"https:\/\/hypertension.idlwebclients.com\/fr\/wp-json\/wp\/v2\/media?parent=51293"}],"curies":[{"name":"wp","href":"https:\/\/api.w.org\/{rel}","templated":true}]}}