{"id":51283,"date":"2023-04-27T12:19:54","date_gmt":"2023-04-27T16:19:54","guid":{"rendered":"https:\/\/hypertension.ca\/ressources\/educational-resources-public\/"},"modified":"2023-12-18T09:15:21","modified_gmt":"2023-12-18T14:15:21","slug":"educational-resources-public","status":"publish","type":"page","link":"https:\/\/hypertension.idlwebclients.com\/fr\/ressources\/educational-resources-public\/","title":{"rendered":"Ressources \u00e9ducatives"},"content":{"rendered":"<div id=\"modal-ready\"><section class=\"l-section wpb_row us_custom_5c31ec89 event-banner-section height_medium width_full\"><div class=\"l-section-h i-cf\"><div class=\"g-cols vc_row via_flex valign_top type_default stacking_default\"><div class=\"vc_col-sm-12 wpb_column vc_column_container\"><div class=\"vc_column-inner us_custom_461a6918\"><div class=\"wpb_wrapper\"><div class=\"w-image img-w-100 align_center\"><div class=\"w-image-h\"><img fetchpriority=\"high\" decoding=\"async\" width=\"1920\" height=\"350\" src=\"https:\/\/hypertension.idlwebclients.com\/wp-content\/uploads\/2023\/05\/HC-public.png\" class=\"attachment-full size-full\" alt=\"\" srcset=\"https:\/\/hypertension.idlwebclients.com\/wp-content\/uploads\/2023\/05\/HC-public.png 1920w, https:\/\/hypertension.idlwebclients.com\/wp-content\/uploads\/2023\/05\/HC-public-300x55.png 300w, https:\/\/hypertension.idlwebclients.com\/wp-content\/uploads\/2023\/05\/HC-public-1024x187.png 1024w, https:\/\/hypertension.idlwebclients.com\/wp-content\/uploads\/2023\/05\/HC-public-200x36.png 200w, https:\/\/hypertension.idlwebclients.com\/wp-content\/uploads\/2023\/05\/HC-public-600x109.png 600w, https:\/\/hypertension.idlwebclients.com\/wp-content\/uploads\/2023\/05\/HC-public-1000x182.png 1000w, https:\/\/hypertension.idlwebclients.com\/wp-content\/uploads\/2023\/05\/HC-public-500x91.png 500w, https:\/\/hypertension.idlwebclients.com\/wp-content\/uploads\/2023\/05\/HC-public-700x128.png 700w\" sizes=\"(max-width: 1920px) 100vw, 1920px\" \/><\/div><\/div><\/div><\/div><\/div><\/div><\/div><\/section><section class=\"l-section wpb_row height_medium\"><div class=\"l-section-h i-cf\"><div class=\"g-cols vc_row via_flex valign_top type_default stacking_default\"><div class=\"vc_col-sm-12 wpb_column vc_column_container\"><div class=\"vc_column-inner\"><div class=\"wpb_wrapper\"><h1 class=\"w-post-elm post_title us_custom_83a03b96 title-underline small-underline has_text_color entry-title color_link_inherit\">Ressources \u00e9ducatives<\/h1><\/div><\/div><\/div><\/div><\/div><\/section><section class=\"l-section wpb_row us_custom_018c6457 height_medium\"><div class=\"l-section-h i-cf\"><div class=\"g-cols vc_row via_flex valign_top type_default stacking_default\"><div class=\"vc_col-sm-3 wpb_column vc_column_container\"><div class=\"vc_column-inner\"><div class=\"wpb_wrapper\"><div class=\"w-menu us_custom_094729a3 guidelines-sidebar-menu ul-side-menu layout_ver style_links us_menu_1 with_children\" style=\"--main-gap:0.2rem;--main-ver-indent:0.8em;--main-hor-indent:0.8em;--main-color:inherit;\"><ul id=\"menu-public-resources-sidebar-fr\" class=\"menu\"><li id=\"menu-item-51296\" class=\"menu-item menu-item-type-post_type menu-item-object-page menu-item-has-children menu-item-51296\"><a href=\"https:\/\/hypertension.idlwebclients.com\/fr\/ressources\/educational-resources-public\/\">Ressources publiques<\/a><ul class=\"sub-menu\"><li id=\"menu-item-51302\" class=\"menu-item menu-item-type-custom menu-item-object-custom menu-item-51302\"><a target=\"_blank\" href=\"\/wp-content\/uploads\/2024\/07\/Blood-Pressure-Log-Fillable-French_2024.pdf\">Journal de la tension art\u00e9rielle<\/a><\/li><li id=\"menu-item-51303\" class=\"menu-item menu-item-type-custom menu-item-object-custom menu-item-51303\"><a target=\"_blank\" href=\"\/wp-content\/uploads\/2024\/06\/French-Blood-Pressure-Measurement-Postcard.pdf\">Cartes postales sur la mesure de la pression art\u00e9rielle<\/a><\/li><li id=\"menu-item-51304\" class=\"menu-item menu-item-type-custom menu-item-object-custom menu-item-51304\"><a target=\"_blank\" href=\"\/wp-content\/uploads\/2024\/01\/2020-Guidelines-Highlights-French.pdf\">Points forts des lignes directrices pour 2020<\/a><\/li><li id=\"menu-item-51305\" class=\"menu-item menu-item-type-custom menu-item-object-custom menu-item-51305\"><a target=\"_blank\" href=\"\/wp-content\/uploads\/2024\/01\/Understanding-and-Managing-Your-Blood-Pressure-French.pdf\">Comprendre et g\u00e9rer sa tension art\u00e9rielle<\/a><\/li><li id=\"menu-item-51306\" class=\"menu-item menu-item-type-custom menu-item-object-custom menu-item-51306\"><a target=\"_blank\" href=\"\/wp-content\/uploads\/2024\/01\/Blood-Pressure-Action-Plan-French.pdf\">Votre plan d&rsquo;action contre la tension art\u00e9rielle<\/a><\/li><\/ul><\/li><li id=\"menu-item-51298\" class=\"menu-item menu-item-type-post_type menu-item-object-page menu-item-51298\"><a href=\"https:\/\/hypertension.idlwebclients.com\/fr\/order-resources\/\">Commander des ressources \u00e9ducatives<\/a><\/li><\/ul><style>@media ( max-width:600px ){.us_menu_1 .menu{display:block!important}.us_menu_1 .menu>li{margin:0 0 var(--main-gap,0.2rem)!important}}<\/style><\/div><\/div><\/div><\/div><div class=\"vc_col-sm-9 wpb_column vc_column_container sub-title\"><div class=\"vc_column-inner\"><div class=\"wpb_wrapper\"><div class=\"wpb_text_column\"><div class=\"wpb_wrapper\"><p>\u00c0 Hypertension Canada, nous croyons qu&rsquo;il est essentiel d&rsquo;\u00e9duquer tout le monde au sujet de l&rsquo;hypertension art\u00e9rielle et des dangers qu&rsquo;elle repr\u00e9sente. \u00c0 gauche, vous trouverez des liens vers des fichiers PDF gratuits de nos ressources \u00e9ducatives (carnets de tension art\u00e9rielle, brochures, cartes postales et autres). Vous trouverez \u00e9galement un lien vers notre page o\u00f9 vous pouvez acheter des copies physiques de ces documents, qui seront exp\u00e9di\u00e9es directement \u00e0 votre domicile.<\/p>\n<\/div><\/div><\/div><\/div><\/div><\/div><\/div><\/section>\n<\/div>","protected":false},"excerpt":{"rendered":"Ressources \u00e9ducativesRessources publiquesJournal de la tension art\u00e9rielleCartes postales sur la mesure de la pression art\u00e9riellePoints forts des lignes directrices pour 2020Comprendre et g\u00e9rer sa tension art\u00e9rielleVotre plan d&rsquo;action contre la tension art\u00e9rielleCommander des ressources \u00e9ducatives\u00c0 Hypertension Canada, nous croyons qu&rsquo;il est essentiel d&rsquo;\u00e9duquer tout le monde au sujet de l&rsquo;hypertension art\u00e9rielle et des dangers qu&rsquo;elle...","protected":false},"author":1,"featured_media":0,"parent":50675,"menu_order":0,"comment_status":"closed","ping_status":"closed","template":"","meta":{"_acf_changed":false,"footnotes":""},"class_list":["post-51283","page","type-page","status-publish","hentry"],"acf":[],"_links":{"self":[{"href":"https:\/\/hypertension.idlwebclients.com\/fr\/wp-json\/wp\/v2\/pages\/51283","targetHints":{"allow":["GET"]}}],"collection":[{"href":"https:\/\/hypertension.idlwebclients.com\/fr\/wp-json\/wp\/v2\/pages"}],"about":[{"href":"https:\/\/hypertension.idlwebclients.com\/fr\/wp-json\/wp\/v2\/types\/page"}],"author":[{"embeddable":true,"href":"https:\/\/hypertension.idlwebclients.com\/fr\/wp-json\/wp\/v2\/users\/1"}],"replies":[{"embeddable":true,"href":"https:\/\/hypertension.idlwebclients.com\/fr\/wp-json\/wp\/v2\/comments?post=51283"}],"version-history":[{"count":4,"href":"https:\/\/hypertension.idlwebclients.com\/fr\/wp-json\/wp\/v2\/pages\/51283\/revisions"}],"predecessor-version":[{"id":51287,"href":"https:\/\/hypertension.idlwebclients.com\/fr\/wp-json\/wp\/v2\/pages\/51283\/revisions\/51287"}],"up":[{"embeddable":true,"href":"https:\/\/hypertension.idlwebclients.com\/fr\/wp-json\/wp\/v2\/pages\/50675"}],"wp:attachment":[{"href":"https:\/\/hypertension.idlwebclients.com\/fr\/wp-json\/wp\/v2\/media?parent=51283"}],"curies":[{"name":"wp","href":"https:\/\/api.w.org\/{rel}","templated":true}]}}