{"id":51223,"date":"2023-12-11T11:39:35","date_gmt":"2023-12-11T16:39:35","guid":{"rendered":"https:\/\/hypertension.ca\/lhypertension-arterielle-et-moi\/"},"modified":"2023-12-27T08:13:50","modified_gmt":"2023-12-27T13:13:50","slug":"lhypertension-arterielle-et-moi","status":"publish","type":"page","link":"https:\/\/hypertension.idlwebclients.com\/fr\/lhypertension-arterielle-et-moi\/","title":{"rendered":"Une pression art\u00e9rielle \u00e9lev\u00e9e et moi"},"content":{"rendered":"<div id=\"modal-ready\"><section class=\"l-section wpb_row us_custom_5c31ec89 event-banner-section height_medium width_full\"><div class=\"l-section-h i-cf\"><div class=\"g-cols vc_row via_flex valign_top type_default stacking_default\"><div class=\"vc_col-sm-12 wpb_column vc_column_container\"><div class=\"vc_column-inner us_custom_461a6918\"><div class=\"wpb_wrapper\"><div class=\"w-image img-w-100 align_center\"><div class=\"w-image-h\"><img fetchpriority=\"high\" decoding=\"async\" width=\"1920\" height=\"350\" src=\"https:\/\/hypertension.idlwebclients.com\/wp-content\/uploads\/2023\/04\/high-bp.png\" class=\"attachment-full size-full\" alt=\"\" srcset=\"https:\/\/hypertension.idlwebclients.com\/wp-content\/uploads\/2023\/04\/high-bp.png 1920w, https:\/\/hypertension.idlwebclients.com\/wp-content\/uploads\/2023\/04\/high-bp-300x55.png 300w, https:\/\/hypertension.idlwebclients.com\/wp-content\/uploads\/2023\/04\/high-bp-1024x187.png 1024w, https:\/\/hypertension.idlwebclients.com\/wp-content\/uploads\/2023\/04\/high-bp-200x36.png 200w, https:\/\/hypertension.idlwebclients.com\/wp-content\/uploads\/2023\/04\/high-bp-600x109.png 600w, https:\/\/hypertension.idlwebclients.com\/wp-content\/uploads\/2023\/04\/high-bp-1000x182.png 1000w, https:\/\/hypertension.idlwebclients.com\/wp-content\/uploads\/2023\/04\/high-bp-500x91.png 500w, https:\/\/hypertension.idlwebclients.com\/wp-content\/uploads\/2023\/04\/high-bp-700x128.png 700w\" sizes=\"(max-width: 1920px) 100vw, 1920px\" \/><\/div><\/div><\/div><\/div><\/div><\/div><\/div><\/section><section class=\"l-section wpb_row height_medium\"><div class=\"l-section-h i-cf\"><div class=\"g-cols vc_row via_flex valign_top type_default stacking_default\"><div class=\"vc_col-sm-12 wpb_column vc_column_container\"><div class=\"vc_column-inner\"><div class=\"wpb_wrapper\"><h1 class=\"w-post-elm post_title us_custom_8255d7e1 title-underline small-underline has_text_color entry-title color_link_inherit\">Une pression art\u00e9rielle \u00e9lev\u00e9e et moi<\/h1><div class=\"wpb_text_column sub-title h3-red\"><div class=\"wpb_wrapper\"><h2>Les groupes suivants pr\u00e9sentent un risque plus \u00e9lev\u00e9 d\u2019hypertension art\u00e9rielle :<\/h2>\n<h3><u>Ceux qui vieillissent :<\/u><\/h3>\n<p>L\u2019hypertension art\u00e9rielle devient plus fr\u00e9quente avec l\u2019\u00e2ge<\/p>\n<h3><u>Ceux qui souffrent de diab\u00e8te, ou qui ont eu une crise cardiaque ou un accident vasculaire c\u00e9r\u00e9bral :<\/u><\/h3>\n<p>Les personnes diab\u00e9tiques courent un risque plus \u00e9lev\u00e9 d\u2019hypertension art\u00e9rielle. Si vous avez eu une crise cardiaque ou un accident vasculaire c\u00e9r\u00e9bral, votre risque de subir un autre \u00e9v\u00e9nement est plus \u00e9lev\u00e9 et votre objectif de tension art\u00e9rielle peut \u00eatre inf\u00e9rieur \u00e0 celui des personnes qui ne courent pas le m\u00eame risque.<\/p>\n<h3><u>La population autochtone :<\/u><\/h3>\n<p>Les personnes appartenant aux populations autochtones sont plus susceptibles de souffrir d\u2019hypertension art\u00e9rielle que celles qui ne sont pas autochtones.<\/p>\n<h3><u>La population sud-asiatique :<\/u><\/h3>\n<p>Si vous \u00eates d&rsquo;origine sud-asiatique, vous avez plus de risques de souffrir d&rsquo;hypertension art\u00e9rielle et ce, \u00e0 un plus jeune \u00e2ge que ceux d&rsquo;origine europ\u00e9enne.<\/p>\n<h3><u>La population noire :<\/u><\/h3>\n<p>L\u2019hypertension art\u00e9rielle est courante chez les personnes d\u2019origine afro-am\u00e9ricaine. Les adultes noirs ont plus de risques de souffrir d\u2019hypertension art\u00e9rielle et sont plus jeunes que les adultes blancs et la plupart des autres groupes ethniques.<\/p>\n<\/div><\/div><\/div><\/div><\/div><\/div><\/div><\/section>\n<\/div>","protected":false},"excerpt":{"rendered":"Une pression art\u00e9rielle \u00e9lev\u00e9e et moiLes groupes suivants pr\u00e9sentent un risque plus \u00e9lev\u00e9 d\u2019hypertension art\u00e9rielle : Ceux qui vieillissent : L\u2019hypertension art\u00e9rielle devient plus fr\u00e9quente avec l\u2019\u00e2ge Ceux qui souffrent de diab\u00e8te, ou qui ont eu une crise cardiaque ou un accident vasculaire c\u00e9r\u00e9bral : Les personnes diab\u00e9tiques courent un risque plus \u00e9lev\u00e9 d\u2019hypertension art\u00e9rielle....","protected":false},"author":4209,"featured_media":0,"parent":0,"menu_order":0,"comment_status":"closed","ping_status":"closed","template":"","meta":{"_acf_changed":false,"footnotes":""},"class_list":["post-51223","page","type-page","status-publish","hentry"],"acf":[],"_links":{"self":[{"href":"https:\/\/hypertension.idlwebclients.com\/fr\/wp-json\/wp\/v2\/pages\/51223","targetHints":{"allow":["GET"]}}],"collection":[{"href":"https:\/\/hypertension.idlwebclients.com\/fr\/wp-json\/wp\/v2\/pages"}],"about":[{"href":"https:\/\/hypertension.idlwebclients.com\/fr\/wp-json\/wp\/v2\/types\/page"}],"author":[{"embeddable":true,"href":"https:\/\/hypertension.idlwebclients.com\/fr\/wp-json\/wp\/v2\/users\/4209"}],"replies":[{"embeddable":true,"href":"https:\/\/hypertension.idlwebclients.com\/fr\/wp-json\/wp\/v2\/comments?post=51223"}],"version-history":[{"count":3,"href":"https:\/\/hypertension.idlwebclients.com\/fr\/wp-json\/wp\/v2\/pages\/51223\/revisions"}],"predecessor-version":[{"id":51570,"href":"https:\/\/hypertension.idlwebclients.com\/fr\/wp-json\/wp\/v2\/pages\/51223\/revisions\/51570"}],"wp:attachment":[{"href":"https:\/\/hypertension.idlwebclients.com\/fr\/wp-json\/wp\/v2\/media?parent=51223"}],"curies":[{"name":"wp","href":"https:\/\/api.w.org\/{rel}","templated":true}]}}