{"id":50730,"date":"2023-09-22T14:15:43","date_gmt":"2023-09-22T18:15:43","guid":{"rendered":"https:\/\/hypertension.ca\/conditions-dutilisation\/"},"modified":"2023-10-10T12:19:45","modified_gmt":"2023-10-10T16:19:45","slug":"conditions-dutilisation","status":"publish","type":"page","link":"https:\/\/hypertension.idlwebclients.com\/fr\/conditions-dutilisation\/","title":{"rendered":"Conditions d\u2019utilisation"},"content":{"rendered":"<div id=\"modal-ready\"><section class=\"l-section wpb_row height_medium\"><div class=\"l-section-h i-cf\"><div class=\"g-cols vc_row via_flex valign_top type_default stacking_default\"><div class=\"vc_col-sm-12 wpb_column vc_column_container\"><div class=\"vc_column-inner\"><div class=\"wpb_wrapper\"><h1 class=\"w-post-elm post_title us_custom_99018da2 title-underline small-underline has_text_color entry-title color_link_inherit\">Conditions d\u2019utilisation<\/h1><div class=\"wpb_text_column\"><div class=\"wpb_wrapper\"><p>Ce site Web n\u2019est pas destin\u00e9 \u00e0 fournir une consultation ou un examen m\u00e9dical. Les renseignements contenus dans ces pages Web sont destin\u00e9s \u00e0 fournir des renseignements exacts et utiles aux professionnels de la sant\u00e9 et au grand public. Il est mis \u00e0 disposition en sachant que les auteurs et les \u00e9diteurs ne sont pas engag\u00e9s dans la prestation de services m\u00e9dicaux, de sant\u00e9, psychologiques ou tout autre type de services professionnels personnels sur ce site. Demandez toujours l\u2019avis d\u2019un professionnel de la sant\u00e9 qualifi\u00e9 pour toute question que vous pourriez avoir au sujet d\u2019un probl\u00e8me de sant\u00e9 et avant d\u2019obtenir un traitement.<\/p>\n<\/div><\/div><\/div><\/div><\/div><\/div><\/div><\/section>\n<\/div>","protected":false},"excerpt":{"rendered":"Conditions d\u2019utilisationCe site Web n\u2019est pas destin\u00e9 \u00e0 fournir une consultation ou un examen m\u00e9dical. Les renseignements contenus dans ces pages Web sont destin\u00e9s \u00e0 fournir des renseignements exacts et utiles aux professionnels de la sant\u00e9 et au grand public. Il est mis \u00e0 disposition en sachant que les auteurs et les \u00e9diteurs ne sont...","protected":false},"author":1,"featured_media":0,"parent":0,"menu_order":0,"comment_status":"closed","ping_status":"closed","template":"","meta":{"_acf_changed":false,"footnotes":""},"class_list":["post-50730","page","type-page","status-publish","hentry"],"acf":[],"_links":{"self":[{"href":"https:\/\/hypertension.idlwebclients.com\/fr\/wp-json\/wp\/v2\/pages\/50730","targetHints":{"allow":["GET"]}}],"collection":[{"href":"https:\/\/hypertension.idlwebclients.com\/fr\/wp-json\/wp\/v2\/pages"}],"about":[{"href":"https:\/\/hypertension.idlwebclients.com\/fr\/wp-json\/wp\/v2\/types\/page"}],"author":[{"embeddable":true,"href":"https:\/\/hypertension.idlwebclients.com\/fr\/wp-json\/wp\/v2\/users\/1"}],"replies":[{"embeddable":true,"href":"https:\/\/hypertension.idlwebclients.com\/fr\/wp-json\/wp\/v2\/comments?post=50730"}],"version-history":[{"count":3,"href":"https:\/\/hypertension.idlwebclients.com\/fr\/wp-json\/wp\/v2\/pages\/50730\/revisions"}],"predecessor-version":[{"id":50860,"href":"https:\/\/hypertension.idlwebclients.com\/fr\/wp-json\/wp\/v2\/pages\/50730\/revisions\/50860"}],"wp:attachment":[{"href":"https:\/\/hypertension.idlwebclients.com\/fr\/wp-json\/wp\/v2\/media?parent=50730"}],"curies":[{"name":"wp","href":"https:\/\/api.w.org\/{rel}","templated":true}]}}