{"id":50718,"date":"2023-09-22T14:15:29","date_gmt":"2023-09-22T18:15:29","guid":{"rendered":"https:\/\/hypertension.ca\/lignes-directrices\/"},"modified":"2023-10-11T12:30:38","modified_gmt":"2023-10-11T16:30:38","slug":"lignes-directrices","status":"publish","type":"page","link":"https:\/\/hypertension.idlwebclients.com\/fr\/lignes-directrices\/","title":{"rendered":"Lignes directrices"},"content":{"rendered":"<div id=\"modal-ready\"><section class=\"l-section wpb_row us_custom_5c31ec89 event-banner-section header-hero-img height_medium width_full\"><div class=\"l-section-h i-cf\"><div class=\"g-cols vc_row via_flex valign_top type_default stacking_default\"><div class=\"vc_col-sm-12 wpb_column vc_column_container\"><div class=\"vc_column-inner us_custom_461a6918\"><div class=\"wpb_wrapper\"><div class=\"w-image img-w-100 align_center\"><div class=\"w-image-h\"><img fetchpriority=\"high\" decoding=\"async\" width=\"1440\" height=\"252\" src=\"https:\/\/hypertension.idlwebclients.com\/wp-content\/uploads\/2023\/04\/HC-Guidelines-Page-1-Final-svg-2.jpg\" class=\"attachment-full size-full\" alt=\"\" srcset=\"https:\/\/hypertension.idlwebclients.com\/wp-content\/uploads\/2023\/04\/HC-Guidelines-Page-1-Final-svg-2.jpg 1440w, https:\/\/hypertension.idlwebclients.com\/wp-content\/uploads\/2023\/04\/HC-Guidelines-Page-1-Final-svg-2-300x53.jpg 300w, https:\/\/hypertension.idlwebclients.com\/wp-content\/uploads\/2023\/04\/HC-Guidelines-Page-1-Final-svg-2-1024x179.jpg 1024w, https:\/\/hypertension.idlwebclients.com\/wp-content\/uploads\/2023\/04\/HC-Guidelines-Page-1-Final-svg-2-200x35.jpg 200w, https:\/\/hypertension.idlwebclients.com\/wp-content\/uploads\/2023\/04\/HC-Guidelines-Page-1-Final-svg-2-600x105.jpg 600w, https:\/\/hypertension.idlwebclients.com\/wp-content\/uploads\/2023\/04\/HC-Guidelines-Page-1-Final-svg-2-1000x175.jpg 1000w, https:\/\/hypertension.idlwebclients.com\/wp-content\/uploads\/2023\/04\/HC-Guidelines-Page-1-Final-svg-2-500x88.jpg 500w, https:\/\/hypertension.idlwebclients.com\/wp-content\/uploads\/2023\/04\/HC-Guidelines-Page-1-Final-svg-2-700x123.jpg 700w\" sizes=\"(max-width: 1440px) 100vw, 1440px\" \/><\/div><\/div><\/div><\/div><\/div><\/div><\/div><\/section><section class=\"l-section wpb_row us_custom_695d6eff height_medium\"><div class=\"l-section-h i-cf\"><div class=\"g-cols vc_row via_flex valign_top type_default stacking_default\"><div class=\"vc_col-sm-12 wpb_column vc_column_container\"><div class=\"vc_column-inner\"><div class=\"wpb_wrapper\"><h1 class=\"w-post-elm post_title us_custom_83a03b96 title-underline has_text_color entry-title color_link_inherit\">Lignes directrices<\/h1><\/div><\/div><\/div><\/div><\/div><\/section><section class=\"l-section wpb_row us_custom_887a049b height_medium\"><div class=\"l-section-h i-cf\"><div class=\"g-cols vc_row via_flex valign_top type_default stacking_default\"><div class=\"vc_col-sm-3 wpb_column vc_column_container\"><div class=\"vc_column-inner\"><div class=\"wpb_wrapper\"><div class=\"w-menu us_custom_e95ed1d2 guidelines-sidebar-menu ul-side-menu layout_ver style_links us_menu_1 with_children\" style=\"--main-gap:0.2rem;--main-ver-indent:0.8em;--main-hor-indent:0.8em;--main-color:inherit;\"><ul id=\"menu-guidelines-sidebar-fr\" class=\"menu\"><li id=\"menu-item-53846\" class=\"menu-item menu-item-type-custom menu-item-object-custom menu-item-53846\"><a href=\"https:\/\/onlinecjc.ca\/action\/showPdf?pii=S0828-282X%2820%2930191-4\">Lignes directrices compl\u00e8tes 2020-2025<\/a><\/li><li id=\"menu-item-51355\" class=\"menu-item menu-item-type-post_type menu-item-object-page menu-item-has-children menu-item-51355\"><a href=\"https:\/\/hypertension.idlwebclients.com\/fr\/lignes-directrices\/diagnosis-assessment\/\">Diagnostic et \u00e9valuation<\/a><ul class=\"sub-menu\"><li id=\"menu-item-51442\" class=\"menu-item menu-item-type-post_type menu-item-object-page menu-item-51442\"><a href=\"https:\/\/hypertension.idlwebclients.com\/fr\/lignes-directrices\/mesure-precise-de-la-pression-arterielle\/\">Mesure pr\u00e9cise de la pression art\u00e9rielle<\/a><\/li><li id=\"menu-item-51443\" class=\"menu-item menu-item-type-post_type menu-item-object-page menu-item-51443\"><a href=\"https:\/\/hypertension.idlwebclients.com\/fr\/lignes-directrices\/diagnosis-assessment\/criteres-de-diagnostic\/\">Crit\u00e8res de diagnostic de l\u2019hypertension et lignes directrices pour le suivi<\/a><\/li><li id=\"menu-item-51444\" class=\"menu-item menu-item-type-post_type menu-item-object-page menu-item-51444\"><a href=\"https:\/\/hypertension.idlwebclients.com\/fr\/lignes-directrices\/diagnosis-assessment\/mesure-a-domicile\/\">Tests de laboratoire de routine et facultatifs pour l\u2019examen des patients souffrant d\u2019hypertension<\/a><\/li><li id=\"menu-item-51445\" class=\"menu-item menu-item-type-post_type menu-item-object-page menu-item-51445\"><a href=\"https:\/\/hypertension.idlwebclients.com\/fr\/lignes-directrices\/diagnosis-assessment\/ambulatory-measurement\/\">\u00c9valuation du risque cardiovasculaire global chez les patients hypertendus<\/a><\/li><li id=\"menu-item-51446\" class=\"menu-item menu-item-type-post_type menu-item-object-page menu-item-51446\"><a href=\"https:\/\/hypertension.idlwebclients.com\/fr\/lignes-directrices\/diagnosis-assessment\/xvi-assessment-for-renovascular-hypertension\/\">\u00c9valuation de l\u2019hypertension r\u00e9novasculaire<\/a><\/li><li id=\"menu-item-51447\" class=\"menu-item menu-item-type-post_type menu-item-object-page menu-item-51447\"><a href=\"https:\/\/hypertension.idlwebclients.com\/fr\/lignes-directrices\/diagnosis-assessment\/xviii-assessment-for-endocrine-hypertension\/\">\u00c9valuation de l\u2019hypertension endocrinienne<\/a><\/li><li id=\"menu-item-51448\" class=\"menu-item menu-item-type-post_type menu-item-object-page menu-item-51448\"><a href=\"https:\/\/hypertension.idlwebclients.com\/fr\/lignes-directrices\/supplementary-tables\/\">Tableaux suppl\u00e9mentaires<\/a><\/li><\/ul><\/li><li id=\"menu-item-51356\" class=\"menu-item menu-item-type-post_type menu-item-object-page menu-item-has-children menu-item-51356\"><a href=\"https:\/\/hypertension.idlwebclients.com\/fr\/lignes-directrices\/prevention-et-traitement\/\">Pr\u00e9vention et traitement<\/a><ul class=\"sub-menu\"><li id=\"menu-item-51450\" class=\"menu-item menu-item-type-post_type menu-item-object-page menu-item-51450\"><a href=\"https:\/\/hypertension.idlwebclients.com\/fr\/lignes-directrices\/prevention-et-traitement\/traitement-global-de-protection-vasculaire-pour-les-adultes-atteints-dhypertension-sans-indications-convaincantes-pour-des-medicaments-specifiques\/\">Traitement global de protection vasculaire pour les adultes atteints d\u2019hypertension sans indications convaincantes pour des m\u00e9dicaments sp\u00e9cifiques<\/a><\/li><li id=\"menu-item-51451\" class=\"menu-item menu-item-type-post_type menu-item-object-page menu-item-51451\"><a href=\"https:\/\/hypertension.idlwebclients.com\/fr\/lignes-directrices\/prevention-et-traitement\/gestion-du-comportement-en-matiere-de-sante\/\">Gestion du comportement en mati\u00e8re de sant\u00e9<\/a><\/li><li id=\"menu-item-51452\" class=\"menu-item menu-item-type-post_type menu-item-object-page menu-item-51452\"><a href=\"https:\/\/hypertension.idlwebclients.com\/fr\/lignes-directrices\/prevention-et-traitement\/indications-pour-le-traitement-medicamenteux-chez-les-adultes-atteints-dhypertension-sans\/\">Indications pour le traitement m\u00e9dicamenteux chez les adultes atteints d\u2019hypertension sans<\/a><\/li><li id=\"menu-item-51453\" class=\"menu-item menu-item-type-post_type menu-item-object-page menu-item-51453\"><a href=\"https:\/\/hypertension.idlwebclients.com\/fr\/lignes-directrices\/prevention-et-traitement\/choix-de-traitement-pour-les-adultes-atteints-dhypertension-sans-indications-convaincantes-pour-des-agents-specifiques\/\">Choix de traitement pour les adultes atteints d\u2019hypertension sans indications convaincantes pour des agents sp\u00e9cifiques<\/a><\/li><li id=\"menu-item-51454\" class=\"menu-item menu-item-type-post_type menu-item-object-page menu-item-51454\"><a href=\"https:\/\/hypertension.idlwebclients.com\/fr\/lignes-directrices\/prevention-et-traitement\/traitement-de-lhypertension-associee-au-diabete-sucre\/\">Traitement de l\u2019hypertension associ\u00e9e au diab\u00e8te sucr\u00e9<\/a><\/li><li id=\"menu-item-51455\" class=\"menu-item menu-item-type-post_type menu-item-object-page menu-item-51455\"><a href=\"https:\/\/hypertension.idlwebclients.com\/fr\/lignes-directrices\/prevention-et-traitement\/traitement-de-lhypertension-associee-a-une-maladie-renale-chronique-non-diabetique\/\">Traitement de l\u2019hypertension associ\u00e9e \u00e0 une maladie r\u00e9nale chronique non diab\u00e9tique<\/a><\/li><li id=\"menu-item-51456\" class=\"menu-item menu-item-type-post_type menu-item-object-page menu-item-51456\"><a href=\"https:\/\/hypertension.idlwebclients.com\/fr\/lignes-directrices\/prevention-et-traitement\/traitement-de-lhypertension-associee-a-un-accident-vasculaire-cerebral\/\">Traitement de l\u2019hypertension associ\u00e9e \u00e0 un accident vasculaire c\u00e9r\u00e9bral<\/a><\/li><li id=\"menu-item-51457\" class=\"menu-item menu-item-type-post_type menu-item-object-page menu-item-51457\"><a href=\"https:\/\/hypertension.idlwebclients.com\/fr\/lignes-directrices\/prevention-et-traitement\/traitement-de-lhypertension-associee-a-une-cardiopathie-ischemique\/\">Traitement de l\u2019hypertension associ\u00e9e \u00e0 une cardiopathie isch\u00e9mique<\/a><\/li><li id=\"menu-item-51458\" class=\"menu-item menu-item-type-post_type menu-item-object-page menu-item-51458\"><a href=\"https:\/\/hypertension.idlwebclients.com\/fr\/lignes-directrices\/prevention-et-traitement\/traitement-de-lhypertension-associee-a-linsuffisance-cardiaque\/\">Traitement de l\u2019hypertension associ\u00e9e \u00e0 l\u2019insuffisance cardiaque<\/a><\/li><li id=\"menu-item-51459\" class=\"menu-item menu-item-type-post_type menu-item-object-page menu-item-51459\"><a href=\"https:\/\/hypertension.idlwebclients.com\/fr\/lignes-directrices\/prevention-et-traitement\/traitement-de-lhypertension-en-association-avec-une-hypertrophie-ventriculaire-gauche\/\">Traitement de l\u2019hypertension en association avec une hypertrophie ventriculaire gauche<\/a><\/li><li id=\"menu-item-51460\" class=\"menu-item menu-item-type-post_type menu-item-object-page menu-item-51460\"><a href=\"https:\/\/hypertension.idlwebclients.com\/fr\/lignes-directrices\/prevention-et-traitement\/hypertension-resistante\/\">Hypertension r\u00e9sistante<\/a><\/li><li id=\"menu-item-51461\" class=\"menu-item menu-item-type-post_type menu-item-object-page menu-item-51461\"><a href=\"https:\/\/hypertension.idlwebclients.com\/fr\/lignes-directrices\/prevention-et-traitement\/hypertension-with-renovascular-disease\/\">Traitement de l\u2019hypertension en association avec une maladie r\u00e9novasculaire<\/a><\/li><li id=\"menu-item-51462\" class=\"menu-item menu-item-type-post_type menu-item-object-page menu-item-51462\"><a href=\"https:\/\/hypertension.idlwebclients.com\/fr\/lignes-directrices\/prevention-et-traitement\/hypertension-endocrine-causes\/\">Traitement de l\u2019hypertension secondaire d\u2019origine endocrinienne<\/a><\/li><li id=\"menu-item-51463\" class=\"menu-item menu-item-type-post_type menu-item-object-page menu-item-51463\"><a href=\"https:\/\/hypertension.idlwebclients.com\/fr\/lignes-directrices\/prevention-et-traitement\/adherence\/\">Strat\u00e9gies d\u2019adh\u00e9sion pour les patients<\/a><\/li><li id=\"menu-item-51449\" class=\"menu-item menu-item-type-post_type menu-item-object-page menu-item-51449\"><a href=\"https:\/\/hypertension.idlwebclients.com\/fr\/lignes-directrices\/supplementary-tables\/\">Tableaux suppl\u00e9mentaires<\/a><\/li><\/ul><\/li><li id=\"menu-item-51357\" class=\"menu-item menu-item-type-post_type menu-item-object-page menu-item-51357\"><a href=\"https:\/\/hypertension.idlwebclients.com\/fr\/lignes-directrices\/a-propos-des-lignes-directrices\/\">\u00c0 propos des lignes directrices<\/a><\/li><li id=\"menu-item-51361\" class=\"menu-item menu-item-type-post_type menu-item-object-page menu-item-51361\"><a href=\"https:\/\/hypertension.idlwebclients.com\/fr\/lignes-directrices\/credits\/\">Cr\u00e9dits<\/a><\/li><li id=\"menu-item-51362\" class=\"menu-item menu-item-type-post_type menu-item-object-page menu-item-51362\"><a href=\"https:\/\/hypertension.idlwebclients.com\/fr\/lignes-directrices\/references\/\">R\u00e9f\u00e9rences<\/a><\/li><\/ul><style>@media ( max-width:600px ){.us_menu_1 .menu{display:block!important}.us_menu_1 .menu>li{margin:0 0 var(--main-gap,0.2rem)!important}}<\/style><\/div><\/div><\/div><\/div><div class=\"vc_col-sm-9 wpb_column vc_column_container\"><div class=\"vc_column-inner\"><div class=\"wpb_wrapper\"><div class=\"wpb_text_column\"><div class=\"wpb_wrapper\"><p>Les lignes directrices d\u2019Hypertension Canada font partie de notre programme d\u2019application des connaissances, qui cible les professionnels de la sant\u00e9 en milieu clinique et communautaire, fournit des lignes directrices de pratique clinique normalis\u00e9es mises \u00e0 jour annuellement pour d\u00e9tecter, traiter et contr\u00f4ler l\u2019hypertension. Les lignes directrices sont mises \u00e0 jour tous les cinq ans et le processus comprend l\u2019\u00e9laboration des lignes directrices, la diffusion (imprim\u00e9e et \u00e9lectronique) et l\u2019\u00e9valuation.<\/p>\n<p>Les lignes directrices fond\u00e9es sur des donn\u00e9es probantes sont \u00e9labor\u00e9es au moyen d\u2019une discussion approfondie sur les implications cliniques par le biais d\u2019un examen syst\u00e9matique de la litt\u00e9rature suivi d\u2019\u00e9valuations critiques de toutes les nouvelles recherches cliniques et en tenant compte des crit\u00e8res d\u2019\u00e9valuation dans l\u2019instrument AGREE Il. AGREE Il est l\u2019acronyme d\u2019Appraisal of Guidelines for Research &#038; Evaluation (AGREE) Instrument qui \u00e9value le processus d\u2019\u00e9laboration des lignes directrices de pratique et la qualit\u00e9 des rapports.<\/p>\n<p>Les lignes directrices sont ensuite traduites et adapt\u00e9es en mat\u00e9riel \u00e9ducatif pour les professionnels et le public. Les lignes directrices sont publi\u00e9es dans des revues sp\u00e9cialis\u00e9es en soins de sant\u00e9 et sont accessibles gratuitement en ligne.<\/p>\n<p>Les membres du Comit\u00e9 des lignes directrices sont des b\u00e9n\u00e9voles non r\u00e9mun\u00e9r\u00e9s, des professionnels de la sant\u00e9 cliniques et scientifiques qui contribuent de leur temps et de leur expertise \u00e0 l\u2019\u00e9laboration et \u00e0 la diffusion des lignes directrices. Pour maintenir la cr\u00e9dibilit\u00e9 professionnelle du contenu, le processus d\u2019\u00e9laboration des recommandations est enti\u00e8rement ind\u00e9pendant et exempt d\u2019influence externe. Les partenaires externes aident \u00e0 la diffusion.<\/p>\n<\/div><\/div><\/div><\/div><\/div><\/div><\/div><\/section>\n<\/div>","protected":false},"excerpt":{"rendered":"Lignes directricesLignes directrices compl\u00e8tes 2020-2025Diagnostic et \u00e9valuationMesure pr\u00e9cise de la pression art\u00e9rielleCrit\u00e8res de diagnostic de l\u2019hypertension et lignes directrices pour le suiviTests de laboratoire de routine et facultatifs pour l\u2019examen des patients souffrant d\u2019hypertension\u00c9valuation du risque cardiovasculaire global chez les patients hypertendus\u00c9valuation de l\u2019hypertension r\u00e9novasculaire\u00c9valuation de l\u2019hypertension endocrinienneTableaux suppl\u00e9mentairesPr\u00e9vention et traitementTraitement global de protection vasculaire...","protected":false},"author":1,"featured_media":0,"parent":0,"menu_order":0,"comment_status":"closed","ping_status":"closed","template":"","meta":{"_acf_changed":false,"footnotes":""},"class_list":["post-50718","page","type-page","status-publish","hentry"],"acf":[],"_links":{"self":[{"href":"https:\/\/hypertension.idlwebclients.com\/fr\/wp-json\/wp\/v2\/pages\/50718","targetHints":{"allow":["GET"]}}],"collection":[{"href":"https:\/\/hypertension.idlwebclients.com\/fr\/wp-json\/wp\/v2\/pages"}],"about":[{"href":"https:\/\/hypertension.idlwebclients.com\/fr\/wp-json\/wp\/v2\/types\/page"}],"author":[{"embeddable":true,"href":"https:\/\/hypertension.idlwebclients.com\/fr\/wp-json\/wp\/v2\/users\/1"}],"replies":[{"embeddable":true,"href":"https:\/\/hypertension.idlwebclients.com\/fr\/wp-json\/wp\/v2\/comments?post=50718"}],"version-history":[{"count":6,"href":"https:\/\/hypertension.idlwebclients.com\/fr\/wp-json\/wp\/v2\/pages\/50718\/revisions"}],"predecessor-version":[{"id":50901,"href":"https:\/\/hypertension.idlwebclients.com\/fr\/wp-json\/wp\/v2\/pages\/50718\/revisions\/50901"}],"wp:attachment":[{"href":"https:\/\/hypertension.idlwebclients.com\/fr\/wp-json\/wp\/v2\/media?parent=50718"}],"curies":[{"name":"wp","href":"https:\/\/api.w.org\/{rel}","templated":true}]}}