{"id":50713,"date":"2023-09-22T14:15:16","date_gmt":"2023-09-22T18:15:16","guid":{"rendered":"https:\/\/hypertension.ca\/politique-de-confidentialite\/"},"modified":"2023-10-10T12:19:45","modified_gmt":"2023-10-10T16:19:45","slug":"politique-de-confidentialite","status":"publish","type":"page","link":"https:\/\/hypertension.idlwebclients.com\/fr\/politique-de-confidentialite\/","title":{"rendered":"Politique de confidentialit\u00e9"},"content":{"rendered":"<div id=\"modal-ready\"><section class=\"l-section wpb_row height_medium\"><div class=\"l-section-h i-cf\"><div class=\"g-cols vc_row via_flex valign_top type_default stacking_default\"><div class=\"vc_col-sm-12 wpb_column vc_column_container\"><div class=\"vc_column-inner\"><div class=\"wpb_wrapper\"><h1 class=\"w-post-elm post_title us_custom_99018da2 title-underline small-underline has_text_color entry-title color_link_inherit\">Politique de confidentialit\u00e9<\/h1><div class=\"wpb_text_column\"><div class=\"wpb_wrapper\"><p>Politique de confidentialit\u00e9 \u2013 Juillet\u00a02014<\/p>\n<p>Hypertension Canada s\u2019engage \u00e0 prot\u00e9ger les renseignements personnels de ses membres, b\u00e9n\u00e9voles, donateurs, clients, employ\u00e9s et autres intervenants. Pour maintenir votre confiance, nous sommes transparents et responsables quant \u00e0 la fa\u00e7on dont nous utilisons et prot\u00e9geons les renseignements que vous choisissez de partager avec nous, comme d\u00e9crit plus en d\u00e9tail dans la pr\u00e9sente Politique de confidentialit\u00e9.<\/p>\n<h3>D\u00e9finition de \u00ab\u00a0Renseignements personnels\u00a0\u00bb<\/h3>\n<p>Les renseignements personnels sont tout renseignement concernant une personne sp\u00e9cifique et identifiable, y compris les d\u00e9tails couramment disponibles tels que le nom, l\u2019adresse et le num\u00e9ro de t\u00e9l\u00e9phone. Les exceptions \u00e0 cette d\u00e9finition comprennent les informations disponibles dans le domaine public, par exemple, les coordonn\u00e9es professionnelles. Malgr\u00e9 le fait que certains renseignements personnels sont largement disponibles (par exemple, par l\u2019entremise de r\u00e9pertoires t\u00e9l\u00e9phoniques ou de bases de donn\u00e9es publiques), nous consid\u00e9rons que les renseignements de nos parties prenantes sont toujours des renseignements personnels et nous ne les utilisons ni ne les divulguons pas sans leur consentement.<\/p>\n<h3>Nos principes de confidentialit\u00e9<\/h3>\n<p>Hypertension Canada recueille et utilise des renseignements personnels dans le cadre de ses activit\u00e9s. Par exemple, nous recueillons des renseignements lorsqu\u2019une personne devient membre, fait un don, s\u2019inscrit \u00e0 notre congr\u00e8s ou s\u2019engage autrement avec nous. Toute personne aupr\u00e8s de laquelle nous recueillons des renseignements personnels doit s\u2019attendre \u00e0 ce qu\u2019ils soient soigneusement prot\u00e9g\u00e9s et que leur utilisation soit soumise au consentement de la personne.<\/p>\n<h3>1. Notre responsabilit\u00e9<\/h3>\n<p>Nous sommes responsables de la protection de vos renseignements personnels recueillis dans le cadre de nos activit\u00e9s. Cette responsabilit\u00e9 s\u2019\u00e9tend aux cas o\u00f9 des renseignements personnels sont transf\u00e9r\u00e9s ou recueillis par des tiers en notre nom; par exemple, une agence engag\u00e9e pour planifier une conf\u00e9rence pour nous.<\/p>\n<h3>2. Identification des objectifs de la collecte de renseignements personnels<\/h3>\n<p>Avant de recueillir des renseignements personnels aupr\u00e8s de vous, \u00e0 moins que cela soit clair lors du contact, par exemple, si vous remplissez le formulaire d\u2019inscription d\u2019un module d\u2019apprentissage en ligne, nous vous expliquerons pourquoi nous les recueillons. Une d\u00e9claration de but sera communiqu\u00e9e dans la mesure du possible.<\/p>\n<h3>3. Vos connaissances et votre consentement<\/h3>\n<p>Nous ne recueillerons des renseignements personnels qu\u2019avec votre connaissance et votre consentement. Cela peut se faire avec votre consentement explicite, par exemple, lorsque vous fournissez volontairement des renseignements sur un formulaire \u00e0 des fins claires, comme l\u2019inscription d\u2019un membre, qui peuvent \u00eatre communiqu\u00e9s oralement, \u00e9lectroniquement ou par \u00e9crit. Le consentement peut \u00e9galement \u00eatre implicite, c\u2019est-\u00e0-dire raisonnablement d\u00e9duit de l\u2019action ou de l\u2019inaction d\u2019une personne, comme d\u00e9duit lorsque nous envoyons un avis \u00e0 un membre actuel d\u2019une conf\u00e9rence \u00e0 venir. Vous pouvez retirer votre consentement \u00e0 la collecte, \u00e0 l\u2019utilisation ou \u00e0 la divulgation de vos renseignements personnels \u00e0 tout moment. Nous vous informerons alors de toute limitation \u00e0 notre capacit\u00e9 \u00e0 vous fournir des services d\u00e9coulant du retrait de votre consentement.<\/p>\n<h3>4. Limiter la collecte de renseignements<\/h3>\n<p>Nous ne recueillons que les renseignements personnels pertinents et n\u00e9cessaires \u00e0 nos programmes et services, qui comprennent\u00a0:<\/p>\n<ul>\n<li>Adh\u00e9sion \u00e0 Hypertension Canada, au moment de l\u2019inscription;<\/li>\n<li>Notre bulletin \u00e9lectronique mensuel, eINFO, au moment de l\u2019inscription;<\/li>\n<li>Nos programmes d\u2019\u00e9ducation professionnelle, lors de l\u2019inscription\u00a0:\n<ul class=\"innerul\">\n<li>Programme de formation professionnelle<\/li>\n<li>S\u00e9ances de formation des formateurs (Train the Trainer, ou TTT) et ateliers locaux<\/li>\n<\/ul>\n<\/li>\n<li>Notre Congr\u00e8s canadien annuel sur l\u2019hypertension, lors de l\u2019inscription ou de la soumission d\u2019un r\u00e9sum\u00e9;<\/li>\n<li>Notre mat\u00e9riel \u00e9ducatif, lors de la commande; et<\/li>\n<li>Les dons faits par l\u2019entremise de Canada Helps, lors du don.<\/li>\n<\/ul>\n<p>Nous recueillons des renseignements de mani\u00e8re \u00e9quitable et l\u00e9gale, et directement aupr\u00e8s des personnes dans la mesure du possible pour nous assurer de le faire avec exactitude. \u00c0 l\u2019heure actuelle, nous recueillons des renseignements personnels par le biais des activit\u00e9s \u00e9num\u00e9r\u00e9es ci-dessus, par la ou les m\u00e9thode(s) que vous choisissez (sur le site Web, par courriel, par t\u00e9l\u00e9phone, par t\u00e9l\u00e9copieur ou sur demande verbale) pour les fournir.<\/p>\n<h3>5. Limiter l\u2019utilisation et la divulgation des renseignements<\/h3>\n<p>Nous utilisons ou divulguons vos renseignements personnels uniquement aux fins que nous vous avons identifi\u00e9es. De plus, certains des services rendus disponibles par l\u2019interm\u00e9diaire de notre site Web et par Hypertension Canada sont g\u00e9n\u00e9ralement fournis par des fournisseurs de services tiers et leurs agents (collectivement, <strong>les \u00ab\u00a0Fournisseurs tiers\u00a0\u00bb)<\/strong> d\u2019Hypertension Canada. Ces Fournisseurs tiers peuvent avoir acc\u00e8s \u00e0 des renseignements personnels afin de fournir les services, y compris nos communications par courriel par l\u2019interm\u00e9diaire de Constant Contact et de TD Canada Trust pour des services de recouvrement de paiement lorsque des personnes souscrivent \u00e0 un abonnement ou s\u2019inscrivent \u00e0 un module d\u2019\u00e9ducation professionnelle.<\/p>\n<p>Tous les Fournisseurs tiers qui ont acc\u00e8s aux renseignements personnels sont choisis avec soin par Hypertension Canada et sont tenus d\u2019avoir des normes de confidentialit\u00e9 et de s\u00e9curit\u00e9 qui r\u00e9pondent aux exigences strictes d\u2019Hypertension Canada.<\/p>\n<p>Hypertension Canada utilise des contrats et d\u2019autres mesures avec ses Fournisseurs tiers pour maintenir la confidentialit\u00e9 et la s\u00e9curit\u00e9 de vos renseignements personnels et pour emp\u00eacher l\u2019utilisation des renseignements personnels \u00e0 toute autre fin, y compris \u00e0 des fins publicitaires ou commerciales.<\/p>\n<p><span style=\"text-decoration: underline;\">\u00c0 propos de notre site Web\u00a0:<\/span> Notre site Web permet aux visiteurs d\u2019effectuer certaines transactions financi\u00e8res, comme s\u2019inscrire en tant que membre, faire un don ou s\u2019inscrire \u00e0 un cours en ligne. Les renseignements personnels et de carte de cr\u00e9dit fournis sur ces formulaires en ligne sont utilis\u00e9s uniquement pour traiter ces transactions. Les transactions financi\u00e8res en ligne sont trait\u00e9es par un fournisseur tiers comme mentionn\u00e9 ci-dessus. La s\u00e9curit\u00e9 et la confidentialit\u00e9 de ce fournisseur tiers sont disponibles en cliquant sur l\u2019ic\u00f4ne \u00ab\u00a0Politique de s\u00e9curit\u00e9 et de confidentialit\u00e9\u00a0\u00bb o\u00f9 vous saisissez vos d\u00e9tails de paiement.<\/p>\n<h3>6. Communications par courriel et en ligne<\/h3>\n<p>Afin de fournir \u00e0 nos membres, b\u00e9n\u00e9voles, donateurs, clients, employ\u00e9s et autres parties prenantes des publications, des renseignements ou des services demand\u00e9s, les visiteurs peuvent nous soumettre volontairement des renseignements personnels \u00e0 des fins telles que s\u2019abonner ou t\u00e9l\u00e9charger des publications, participer \u00e0 un s\u00e9minaire ou \u00e0 un autre \u00e9v\u00e9nement, participer \u00e0 des sondages ou poser une question. Nous utilisons les renseignements personnels que vous fournissez uniquement aux fins pour lesquelles vous les avez fournis. Si un abonn\u00e9 ou un visiteur s\u2019est inscrit ou a particip\u00e9 \u00e0 un s\u00e9minaire ou \u00e0 un autre \u00e9v\u00e9nement dans le pass\u00e9, nous pouvons combiner les renseignements avec les renseignements soumis sur le site Web. Nous vous offrons une occasion continue de vous d\u00e9sabonner ou de vous d\u00e9sinscrire de nos communications par courriel \u00e0 <a href=\"mailto:admin@hypertension.idlwebclients.com\">admin@hypertension.idlwebclients.com<\/a> ou par t\u00e9l\u00e9phone au 905-943-9400.<\/p>\n<p>Nous pouvons envoyer des communications par courriel aux abonn\u00e9s ou \u00e0 d\u2019autres personnes de notre base de donn\u00e9es de contacts pour les informer des d\u00e9veloppements m\u00e9dicaux ou scientifiques, distribuer des publications et des \u00e9v\u00e9nements ou s\u00e9minaires, ou des occasions d\u2019\u00e9ducation. Chaque courriel comprend une fonction de d\u00e9sabonnement et des instructions sur la fa\u00e7on de vous d\u00e9sabonner si vous ne souhaitez pas recevoir de courriels futurs de notre part \u00e0 ces fins.<\/p>\n<h3>7. Comment nous recueillons les renseignements personnels par des moyens automatiques<\/h3>\n<p>Notre site Web utilise Google Analytics pour nous aider \u00e0 analyser la fa\u00e7on dont les visiteurs utilisent le site. Cet outil utilise des \u00ab\u00a0t\u00e9moins\u00a0\u00bb, qui sont des fichiers texte plac\u00e9s sur votre ordinateur, pour recueillir des informations standard sur les journaux Internet et l\u2019utilisation par les visiteurs sous une forme anonyme. Les renseignements g\u00e9n\u00e9r\u00e9s par le t\u00e9moin sur votre utilisation du site Web, y compris votre adresse IP, sont transmis \u00e0 Google et compil\u00e9s avec tous les renseignements des autres visiteurs dans un rapport statistique sur notre site Web qui nous indique, par exemple, quelles sont nos pages les plus populaires ou nos ressources les plus t\u00e9l\u00e9charg\u00e9es, ou quand notre site Web est le plus souvent visit\u00e9.<\/p>\n<p>Nous n\u2019utiliserons jamais, et ne permettrons pas \u00e0 un tiers d\u2019utiliser l\u2019outil d\u2019analyse statistique pour suivre ou recueillir des renseignements personnels des visiteurs de notre site. Google n\u2019associera pas votre adresse IP \u00e0 d\u2019autres donn\u00e9es d\u00e9tenues par Google. Ni nous ni Google ne lierons ni ne chercherons \u00e0 lier une adresse IP \u00e0 l\u2019identit\u00e9 d\u2019un utilisateur d\u2019ordinateur. Nous n\u2019associerons aucune donn\u00e9e recueillie \u00e0 partir de ce site \u00e0 des renseignements personnels provenant de quelque source que ce soit, \u00e0 moins que vous ne soumettiez explicitement ces renseignements au moyen d\u2019un formulaire rempli sur notre site Web.<\/p>\n<p>Si vous le souhaitez, vous pouvez choisir de ne pas \u00eatre suivi par Google Analytics en d\u00e9sactivant ou en refusant les t\u00e9moins, en d\u00e9sactivant JavaScript dans votre navigateur ou en utilisant le module compl\u00e9mentaire de navigateur de d\u00e9sabonnement de Google Analytics. La d\u00e9sactivation de Google Analytics ou de JavaScript vous permettra toujours d\u2019acc\u00e9der \u00e0 des renseignements ou \u00e0 des services comparables \u00e0 partir de notre site Web.<\/p>\n<h3>8. Exactitude de vos renseignements personnels<\/h3>\n<p>Presque tous les renseignements personnels que nous recueillons proviennent directement des personnes elles-m\u00eames, et nous consid\u00e9rons donc g\u00e9n\u00e9ralement qu\u2019ils sont exacts. Nous vous encourageons \u00e0 examiner, \u00e0 corriger et \u00e0 mettre \u00e0 jour vos renseignements personnels pour nous aider \u00e0 assurer le meilleur service possible pour vous.<\/p>\n<h3>9. Protections de vos renseignements personnels<\/h3>\n<p>Nous conservons en toute confidentialit\u00e9 tous les renseignements personnels que nous recueillons et la s\u00e9curit\u00e9 de vos renseignements personnels est importante pour nous. Nous maintenons des mesures de protection administratives, techniques et physiques (appropri\u00e9es \u00e0 la sensibilit\u00e9 de ces renseignements) con\u00e7ues pour prot\u00e9ger contre l\u2019utilisation, la divulgation ou l\u2019acc\u00e8s non autoris\u00e9s des renseignements personnels que nous recueillons sur ce site Web. Malheureusement, aucune transmission de donn\u00e9es sur Internet ne peut \u00eatre garantie comme \u00e9tant s\u00e9curis\u00e9e \u00e0 100\u00a0%. Par cons\u00e9quent, bien que nous nous engageons \u00e0 prot\u00e9ger vos renseignements personnels, nous ne pouvons pas assurer ou garantir la s\u00e9curit\u00e9 des renseignements que vous nous fournissez.<\/p>\n<p>Les Fournisseurs tiers qui fournissent des services au nom d\u2019Hypertension Canada peuvent stocker ou traiter des renseignements personnels sur des serveurs situ\u00e9s \u00e0 l\u2019ext\u00e9rieur du Canada, dans des juridictions (y compris les \u00c9tats-Unis) dont les lois sur la protection des donn\u00e9es diff\u00e8rent de celles du Canada. Par cons\u00e9quent, les renseignements personnels peuvent faire l\u2019objet de demandes d\u2019acc\u00e8s de la part des gouvernements, des tribunaux ou des forces de l\u2019ordre dans ces juridictions, conform\u00e9ment aux lois de ces juridictions. Par exemple, les renseignements peuvent \u00eatre partag\u00e9s en r\u00e9ponse \u00e0 des demandes valides ou \u00e0 des demandes des autorit\u00e9s gouvernementales, des tribunaux et des responsables de l\u2019application de la loi dans ces pays. Sous r\u00e9serve des lois applicables dans ces autres juridictions, nous d\u00e9ploierons des efforts raisonnables pour nous assurer que des protections appropri\u00e9es sont en place pour exiger que nos Fournisseurs tiers maintiennent des protections sur les renseignements personnels qui sont \u00e9quivalentes \u00e0 celles qui s\u2019appliquent au Canada.<\/p>\n<h3>10. Hyperliens<\/h3>\n<p>Cependant, ce site Web peut contenir des liens vers les sites Web de nos filiales et soci\u00e9t\u00e9s affili\u00e9es, et vers des sites Web qui sont d\u00e9tenus et exploit\u00e9s de mani\u00e8re ind\u00e9pendante par des tiers. Ces autres sites Web peuvent avoir leurs propres politiques de confidentialit\u00e9 et ne sont pas r\u00e9gis par la pr\u00e9sente Politique de confidentialit\u00e9. Nous ne sommes pas responsables des pratiques de confidentialit\u00e9 ou du contenu de tout site Web d\u00e9tenu et exploit\u00e9 par ces filiales, soci\u00e9t\u00e9s affili\u00e9es ou tiers. D\u2019autres sites Web peuvent recueillir et traiter les renseignements recueillis diff\u00e9remment. Nous vous encourageons donc \u00e0 lire attentivement et \u00e0 examiner la politique de confidentialit\u00e9 de chaque site Web que vous visitez.<\/p>\n<h3>11. Modifications apport\u00e9es \u00e0 la pr\u00e9sente Politique de confidentialit\u00e9<\/h3>\n<p>Nous nous r\u00e9servons le droit de modifier ou de remplacer la pr\u00e9sente Politique de confidentialit\u00e9 \u00e0 notre seule discr\u00e9tion et \u00e0 tout moment. Notre Politique de confidentialit\u00e9 est affich\u00e9e sur notre site Web \u00e0 l\u2019adresse <a href=\"#\">www.hypertension.idlwebclients.com<\/a>. Veuillez la consulter de temps \u00e0 autre pour vous assurer que vous \u00eates au courant de toute mise \u00e0 jour ou modification de la pr\u00e9sente Politique de confidentialit\u00e9. Nous indiquerons en haut de ce document la date de la derni\u00e8re r\u00e9vision de la pr\u00e9sente Politique de confidentialit\u00e9. Votre acc\u00e8s continu ou votre utilisation continue de ce site Web, et plus g\u00e9n\u00e9ralement des programmes et services d\u2019Hypertension Canada, apr\u00e8s de tels changements, constitue votre acceptation de la Politique de confidentialit\u00e9 telle que r\u00e9vis\u00e9e.<\/p>\n<h3>12. Votre consentement aux modalit\u00e9s de la pr\u00e9sente Politique de confidentialit\u00e9<\/h3>\n<p>En utilisant notre site Web, et plus g\u00e9n\u00e9ralement les programmes et services d\u2019Hypertension Canada, vous signifiez votre consentement \u00e0 toutes les conditions de la pr\u00e9sente Politique de confidentialit\u00e9 et de nos Conditions g\u00e9n\u00e9rales. Si vous n\u2019\u00eates pas d\u2019accord avec les modalit\u00e9s de la pr\u00e9sente Politique de confidentialit\u00e9 ou de nos Conditions g\u00e9n\u00e9rales, veuillez ne pas utiliser notre site Web ni nous soumettre de renseignements personnels.<\/p>\n<h3>13. Conservation et \u00e9limination<\/h3>\n<p>Nous conservons vos renseignements personnels aussi longtemps que n\u00e9cessaire pour atteindre ces objectifs ou comme l\u2019exige la loi. Nous avons des normes de conservation qui r\u00e9pondent \u00e0 ces exigences. Nous d\u00e9truisons vos renseignements lorsqu\u2019ils ne sont plus n\u00e9cessaires, ou nous enlevons votre nom de ces donn\u00e9es.<\/p>\n<h3>14. Politique et pratiques de confidentialit\u00e9 ouvertes<\/h3>\n<p>Nous sommes ouverts \u00e0 nos politiques et proc\u00e9dures. Nous faisons des efforts raisonnables pour informer les personnes de nos politiques et proc\u00e9dures, des fins pour lesquelles nous recueillons, utilisons ou divulguons des renseignements personnels et de la fa\u00e7on d\u2019acc\u00e9der \u00e0 leurs renseignements personnels, comme indiqu\u00e9 dans la pr\u00e9sente Politique.<\/p>\n<h3>15. Votre acc\u00e8s \u00e0 vos renseignements personnels<\/h3>\n<p>Vos commentaires sont les bienvenus. Si vous avez des questions, des commentaires ou des pr\u00e9occupations au sujet de notre Politique de confidentialit\u00e9, ou si vous souhaitez obtenir des renseignements sur les renseignements personnels que nous d\u00e9tenons \u00e0 votre sujet, \u00e0 quelles fins ils sont utilis\u00e9s ou divulgu\u00e9s, nous vous donnerons acc\u00e8s \u00e0 ces renseignements. Votre demande \u00e9crite, afin de pr\u00e9server votre confidentialit\u00e9, doit \u00eatre adress\u00e9e \u00e0\u00a0:<\/p>\n<p>Agent de la protection de la vie priv\u00e9e,<br \/>\n<a href=\"mailto:info@hypertension.idlwebclients.com\">info@hypertension.idlwebclients.com<\/a><\/p>\n<h3>16. Votre droit de contester notre conformit\u00e9 \u00e0 notre Politique de confidentialit\u00e9<\/h3>\n<p>Si vous \u00eates pr\u00e9occup\u00e9 par notre conformit\u00e9 \u00e0 notre Politique de confidentialit\u00e9, veuillez communiquer avec notre agent de la protection de la vie priv\u00e9e \u00e0 l\u2019adresse indiqu\u00e9e ci-dessus.<\/p>\n<p>Vous pouvez en apprendre davantage sur votre vie priv\u00e9e et vos droits en ce qui concerne vos renseignements personnels en visitant le site Web du Commissaire \u00e0 la protection de la vie priv\u00e9e du Canada \u00e0 l\u2019adresse <a href=\"#\">www.privcom.gc.ca<\/a>.<\/p>\n<p><strong>Approuv\u00e9 par le conseil d\u2019administration<\/strong><br \/>\n<strong>21\u00a0septembre\u00a02017<\/strong><\/p>\n<\/div><\/div><\/div><\/div><\/div><\/div><\/div><\/section>\n<\/div>","protected":false},"excerpt":{"rendered":"Politique de confidentialit\u00e9Politique de confidentialit\u00e9 \u2013 Juillet\u00a02014 Hypertension Canada s\u2019engage \u00e0 prot\u00e9ger les renseignements personnels de ses membres, b\u00e9n\u00e9voles, donateurs, clients, employ\u00e9s et autres intervenants. Pour maintenir votre confiance, nous sommes transparents et responsables quant \u00e0 la fa\u00e7on dont nous utilisons et prot\u00e9geons les renseignements que vous choisissez de partager avec nous, comme d\u00e9crit plus...","protected":false},"author":1,"featured_media":0,"parent":0,"menu_order":0,"comment_status":"closed","ping_status":"closed","template":"","meta":{"_acf_changed":false,"footnotes":""},"class_list":["post-50713","page","type-page","status-publish","hentry"],"acf":[],"_links":{"self":[{"href":"https:\/\/hypertension.idlwebclients.com\/fr\/wp-json\/wp\/v2\/pages\/50713","targetHints":{"allow":["GET"]}}],"collection":[{"href":"https:\/\/hypertension.idlwebclients.com\/fr\/wp-json\/wp\/v2\/pages"}],"about":[{"href":"https:\/\/hypertension.idlwebclients.com\/fr\/wp-json\/wp\/v2\/types\/page"}],"author":[{"embeddable":true,"href":"https:\/\/hypertension.idlwebclients.com\/fr\/wp-json\/wp\/v2\/users\/1"}],"replies":[{"embeddable":true,"href":"https:\/\/hypertension.idlwebclients.com\/fr\/wp-json\/wp\/v2\/comments?post=50713"}],"version-history":[{"count":3,"href":"https:\/\/hypertension.idlwebclients.com\/fr\/wp-json\/wp\/v2\/pages\/50713\/revisions"}],"predecessor-version":[{"id":50843,"href":"https:\/\/hypertension.idlwebclients.com\/fr\/wp-json\/wp\/v2\/pages\/50713\/revisions\/50843"}],"wp:attachment":[{"href":"https:\/\/hypertension.idlwebclients.com\/fr\/wp-json\/wp\/v2\/media?parent=50713"}],"curies":[{"name":"wp","href":"https:\/\/api.w.org\/{rel}","templated":true}]}}