{"id":50701,"date":"2023-09-22T14:14:50","date_gmt":"2023-09-22T18:14:50","guid":{"rendered":"https:\/\/hypertension.ca\/faire-un-don\/"},"modified":"2023-10-11T12:28:44","modified_gmt":"2023-10-11T16:28:44","slug":"faire-un-don","status":"publish","type":"page","link":"https:\/\/hypertension.idlwebclients.com\/fr\/faire-un-don\/","title":{"rendered":"Faire un don"},"content":{"rendered":"<div id=\"modal-ready\"><section class=\"l-section wpb_row us_custom_9e96d0eb height_medium width_full\"><div class=\"l-section-h i-cf\"><div class=\"g-cols vc_row via_flex valign_top type_default stacking_default\"><div class=\"vc_col-sm-12 wpb_column vc_column_container\"><div class=\"vc_column-inner\"><div class=\"wpb_wrapper\"><div class=\"w-image img-w-100 align_center\"><div class=\"w-image-h\"><img fetchpriority=\"high\" decoding=\"async\" width=\"1850\" height=\"325\" src=\"https:\/\/hypertension.idlwebclients.com\/wp-content\/uploads\/2023\/04\/Header4.jpg\" class=\"attachment-full size-full\" alt=\"\" srcset=\"https:\/\/hypertension.idlwebclients.com\/wp-content\/uploads\/2023\/04\/Header4.jpg 1850w, https:\/\/hypertension.idlwebclients.com\/wp-content\/uploads\/2023\/04\/Header4-300x53.jpg 300w, https:\/\/hypertension.idlwebclients.com\/wp-content\/uploads\/2023\/04\/Header4-1024x180.jpg 1024w, https:\/\/hypertension.idlwebclients.com\/wp-content\/uploads\/2023\/04\/Header4-200x35.jpg 200w, https:\/\/hypertension.idlwebclients.com\/wp-content\/uploads\/2023\/04\/Header4-600x105.jpg 600w, https:\/\/hypertension.idlwebclients.com\/wp-content\/uploads\/2023\/04\/Header4-500x88.jpg 500w, https:\/\/hypertension.idlwebclients.com\/wp-content\/uploads\/2023\/04\/Header4-700x123.jpg 700w\" sizes=\"(max-width: 1850px) 100vw, 1850px\" \/><\/div><\/div><\/div><\/div><\/div><\/div><\/div><\/section><section class=\"l-section wpb_row us_custom_13285efe has_text_color height_medium\"><div class=\"l-section-h i-cf\"><div class=\"g-cols vc_row via_flex valign_top type_default stacking_default\"><div class=\"vc_col-sm-12 wpb_column vc_column_container\"><div class=\"vc_column-inner\"><div class=\"wpb_wrapper\"><div class=\"wpb_text_column us_custom_3c1493b9 title-underline has_text_color\"><div class=\"wpb_wrapper\"><h1>Faire une diff\u00e9rence<\/h1>\n<\/div><\/div><\/div><\/div><\/div><\/div><\/div><\/section><section class=\"l-section wpb_row us_custom_283bc0da height_medium\"><div class=\"l-section-h i-cf\"><div class=\"g-cols vc_row via_flex valign_middle type_default stacking_default\"><div class=\"vc_col-sm-2 wpb_column vc_column_container\"><div class=\"vc_column-inner\"><div class=\"wpb_wrapper\"><div class=\"w-image align_center\"><div class=\"w-image-h\"><img decoding=\"async\" width=\"200\" height=\"200\" src=\"https:\/\/hypertension.idlwebclients.com\/wp-content\/uploads\/2023\/04\/symbols-know-200x200.jpg\" class=\"attachment-us_200_200 size-us_200_200\" alt=\"\" srcset=\"https:\/\/hypertension.idlwebclients.com\/wp-content\/uploads\/2023\/04\/symbols-know-200x200.jpg 200w, https:\/\/hypertension.idlwebclients.com\/wp-content\/uploads\/2023\/04\/symbols-know-300x300.jpg 300w, https:\/\/hypertension.idlwebclients.com\/wp-content\/uploads\/2023\/04\/symbols-know-150x150.jpg 150w, https:\/\/hypertension.idlwebclients.com\/wp-content\/uploads\/2023\/04\/symbols-know-402x400.jpg 402w, https:\/\/hypertension.idlwebclients.com\/wp-content\/uploads\/2023\/04\/symbols-know-500x498.jpg 500w, https:\/\/hypertension.idlwebclients.com\/wp-content\/uploads\/2023\/04\/symbols-know-700x697.jpg 700w, https:\/\/hypertension.idlwebclients.com\/wp-content\/uploads\/2023\/04\/symbols-know.jpg 703w\" sizes=\"(max-width: 200px) 100vw, 200px\" \/><\/div><\/div><\/div><\/div><\/div><div class=\"vc_col-sm-10 wpb_column vc_column_container\"><div class=\"vc_column-inner\"><div class=\"wpb_wrapper\"><div class=\"wpb_text_column us_custom_4a1fed07\"><div class=\"wpb_wrapper\"><p><strong>L\u2019hypertension (pression art\u00e9rielle \u00e9lev\u00e9e) est le facteur de risque le plus important <\/strong><strong>de d\u00e9c\u00e8s pr\u00e9matur\u00e9 et d\u2019invalidit\u00e9 dans le monde.<\/strong><\/p>\n<\/div><\/div><\/div><\/div><\/div><\/div><\/div><\/section><section class=\"l-section wpb_row us_custom_e11ab399 height_medium\"><div class=\"l-section-h i-cf\"><div class=\"g-cols vc_row via_flex valign_top type_default stacking_default\"><div class=\"vc_col-sm-12 wpb_column vc_column_container\"><div class=\"vc_column-inner\"><div class=\"wpb_wrapper\"><div class=\"wpb_text_column\"><div class=\"wpb_wrapper\"><p><strong>Notre vision<\/strong> est une pression art\u00e9rielle saine pour chaque Canadien.<\/p>\n<p><strong>Notre mission<\/strong> est de faire progresser les soins de sant\u00e9 des Canadiens en permettant la d\u00e9tection, la pr\u00e9vention et le contr\u00f4le de l\u2019hypertension art\u00e9rielle et de ses complications<\/p>\n<p>Avec plus de 40\u00a0ans de b\u00e9n\u00e9voles et de professionnels d\u00e9vou\u00e9s qui incarnent cette vision et cette mission pour le bien-\u00eatre des Canadiens et des individus dans le monde entier, nous avons r\u00e9ussi \u00e0 <a href=\"\/wp-content\/uploads\/2023\/04\/v46e1412002.pdf\" target=\"_blank\" rel=\"noopener\"><span style=\"text-decoration: underline;\">am\u00e9liorer le taux de contr\u00f4le et de pr\u00e9vention de l\u2019hypertension art\u00e9rielle<\/span><\/a>. Tout comme les 40\u00a0derni\u00e8res ann\u00e9es, nous ne pouvons pas et ne voudrions pas le faire seuls.<\/p>\n<p>Votre soutien est important et essentiel \u00e0 notre r\u00e9ussite en nous aidant \u00e0\u00a0:<\/p>\n<ul>\n<li>Cr\u00e9er et distribuer des ressources pour la sensibilisation au diagnostic et au traitement pr\u00e9coces<\/li>\n<li>Fa\u00e7onner des programmes d\u2019\u00e9ducation pour les professionnels de la sant\u00e9 afin de vous soutenir plus efficacement<\/li>\n<li>Obtenir de pr\u00e9cieuses occasions de recherche pour faire progresser notre action<\/li>\n<li>R\u00e9compenser et reconna\u00eetre nos \u00e9tudiants pour un avenir meilleur pour tous<\/li>\n<\/ul>\n<p><strong>Si vous avez une demande de don sp\u00e9cifique, n\u2019h\u00e9sitez pas \u00e0 communiquer avec nous \u00e0 l\u2019adresse <\/strong><a href=\"mailto:info@hypertension.idlwebclients.com\"><strong>info@hypertension.idlwebclients.com<\/strong><\/a><\/p>\n<p>BN\u00a0: 897016275RR0001<\/p>\n<\/div><\/div><\/div><\/div><\/div><\/div><\/div><\/section><section class=\"l-section wpb_row us_custom_8d45c27c height_medium width_full\"><div class=\"l-section-h i-cf\"><div class=\"g-cols vc_row via_flex valign_top type_default stacking_default\"><div class=\"vc_col-sm-12 wpb_column vc_column_container\"><div class=\"vc_column-inner us_custom_b03640aa\"><div class=\"wpb_wrapper\"><div class=\"w-html\"><script id=\"ch_cdn_embed\" type=\"text\/javascript\" data-page-id=\"8408\" data-cfasync=\"false\" src=\"https:\/\/www.canadahelps.org\/services\/wa\/js\/apps\/donatenow\/embed.min.js\"><\/script><\/div><\/div><\/div><\/div><\/div><\/div><\/section>\n<\/div>","protected":false},"excerpt":{"rendered":"Faire une diff\u00e9rence L\u2019hypertension (pression art\u00e9rielle \u00e9lev\u00e9e) est le facteur de risque le plus important de d\u00e9c\u00e8s pr\u00e9matur\u00e9 et d\u2019invalidit\u00e9 dans le monde. Notre vision est une pression art\u00e9rielle saine pour chaque Canadien. Notre mission est de faire progresser les soins de sant\u00e9 des Canadiens en permettant la d\u00e9tection, la pr\u00e9vention et le contr\u00f4le de...","protected":false},"author":1,"featured_media":0,"parent":0,"menu_order":0,"comment_status":"closed","ping_status":"closed","template":"","meta":{"_acf_changed":false,"footnotes":""},"class_list":["post-50701","page","type-page","status-publish","hentry"],"acf":[],"_links":{"self":[{"href":"https:\/\/hypertension.idlwebclients.com\/fr\/wp-json\/wp\/v2\/pages\/50701","targetHints":{"allow":["GET"]}}],"collection":[{"href":"https:\/\/hypertension.idlwebclients.com\/fr\/wp-json\/wp\/v2\/pages"}],"about":[{"href":"https:\/\/hypertension.idlwebclients.com\/fr\/wp-json\/wp\/v2\/types\/page"}],"author":[{"embeddable":true,"href":"https:\/\/hypertension.idlwebclients.com\/fr\/wp-json\/wp\/v2\/users\/1"}],"replies":[{"embeddable":true,"href":"https:\/\/hypertension.idlwebclients.com\/fr\/wp-json\/wp\/v2\/comments?post=50701"}],"version-history":[{"count":5,"href":"https:\/\/hypertension.idlwebclients.com\/fr\/wp-json\/wp\/v2\/pages\/50701\/revisions"}],"predecessor-version":[{"id":50892,"href":"https:\/\/hypertension.idlwebclients.com\/fr\/wp-json\/wp\/v2\/pages\/50701\/revisions\/50892"}],"wp:attachment":[{"href":"https:\/\/hypertension.idlwebclients.com\/fr\/wp-json\/wp\/v2\/media?parent=50701"}],"curies":[{"name":"wp","href":"https:\/\/api.w.org\/{rel}","templated":true}]}}