{"id":50688,"date":"2023-09-22T14:14:29","date_gmt":"2023-09-22T18:14:29","guid":{"rendered":"https:\/\/hypertension.ca\/page-daccueil-publique\/"},"modified":"2024-01-04T12:47:36","modified_gmt":"2024-01-04T17:47:36","slug":"page-daccueil-publique","status":"publish","type":"page","link":"https:\/\/hypertension.idlwebclients.com\/fr\/page-daccueil-publique\/","title":{"rendered":"Page d\u2019accueil publique"},"content":{"rendered":"<div id=\"modal-ready\"><section class=\"l-section wpb_row us_custom_278d8c57 slider-banner height_medium width_full\"><div class=\"l-section-h i-cf\"><div class=\"g-cols vc_row via_flex valign_top type_default stacking_default\"><div class=\"vc_col-sm-12 wpb_column vc_column_container\"><div class=\"vc_column-inner\"><div class=\"wpb_wrapper\"><\/div><\/div><\/div><\/div><\/div><\/section><section class=\"l-section wpb_row us_custom_a3dda067 height_medium\"><div class=\"l-section-h i-cf\"><div class=\"g-cols vc_row via_flex valign_top type_default stacking_default\"><div class=\"vc_col-sm-12 wpb_column vc_column_container\"><div class=\"vc_column-inner\"><div class=\"wpb_wrapper\"><div class=\"wpb_text_column us_custom_8255d7e1 title-underline has_text_color\"><div class=\"wpb_wrapper\"><h1>Hypertension = pression art\u00e9rielle \u00e9lev\u00e9e<\/h1>\n<\/div><\/div><\/div><\/div><\/div><div class=\"vc_col-sm-12 wpb_column vc_column_container\"><div class=\"vc_column-inner\"><div class=\"wpb_wrapper\"><div class=\"g-cols wpb_row via_flex valign_top type_default stacking_default\"><div class=\"vc_col-sm-3 wpb_column vc_column_container\"><div class=\"vc_column-inner\"><div class=\"wpb_wrapper\"><div class=\"w-image us_custom_a833bf3c align_center\"><a title=\"Je crains avoir une pression art\u00e9rielle \u00e9lev\u00e9e, que dois-je savoir?\" href=\"\/fr\/je-crains-avoir-une-pression-arterielle-elevee-que-dois-je-savoir\/\" aria-label=\"Lien\" class=\"w-image-h\"><img decoding=\"async\" width=\"200\" height=\"200\" src=\"https:\/\/hypertension.idlwebclients.com\/wp-content\/uploads\/2023\/04\/record.png\" class=\"attachment-us_200_200 size-us_200_200\" alt=\"\" srcset=\"https:\/\/hypertension.idlwebclients.com\/wp-content\/uploads\/2023\/04\/record.png 282w, https:\/\/hypertension.idlwebclients.com\/wp-content\/uploads\/2023\/04\/record-150x150.png 150w\" sizes=\"(max-width: 200px) 100vw, 200px\" \/><\/a><\/div><div class=\"wpb_text_column us_custom_13485028 underline-none has_text_color\"><div class=\"wpb_wrapper\"><p style=\"text-align: center;\"><a href=\"\/fr\/je-crains-avoir-une-pression-arterielle-elevee-que-dois-je-savoir\/\"><strong>Je crains avoir une pression art\u00e9rielle \u00e9lev\u00e9e, que dois-je savoir?<\/strong><\/a><\/p>\n<\/div><\/div><\/div><\/div><\/div><div class=\"vc_col-sm-3 wpb_column vc_column_container\"><div class=\"vc_column-inner\"><div class=\"wpb_wrapper\"><div class=\"w-image us_custom_a833bf3c align_center\"><a title=\"Comment puis-je surveiller ma pression art\u00e9rielle?\" href=\"https:\/\/hypertension.idlwebclients.com\/fr\/comment-puis-je-surveiller-ma-pression-arterielle\/\" aria-label=\"Lien\" class=\"w-image-h\"><img decoding=\"async\" width=\"200\" height=\"200\" src=\"https:\/\/hypertension.idlwebclients.com\/wp-content\/uploads\/2023\/04\/bpmachine.png\" class=\"attachment-us_200_200 size-us_200_200\" alt=\"\" srcset=\"https:\/\/hypertension.idlwebclients.com\/wp-content\/uploads\/2023\/04\/bpmachine.png 282w, https:\/\/hypertension.idlwebclients.com\/wp-content\/uploads\/2023\/04\/bpmachine-150x150.png 150w\" sizes=\"(max-width: 200px) 100vw, 200px\" \/><\/a><\/div><div class=\"wpb_text_column us_custom_13485028 underline-none has_text_color\"><div class=\"wpb_wrapper\"><p style=\"text-align: center;\"><strong><a href=\"https:\/\/hypertension.idlwebclients.com\/fr\/comment-puis-je-surveiller-ma-pression-arterielle\/\">Comment puis-je surveiller ma pression art\u00e9rielle?<\/a><br \/>\n<\/strong><\/p>\n<\/div><\/div><\/div><\/div><\/div><div class=\"vc_col-sm-3 wpb_column vc_column_container\"><div class=\"vc_column-inner\"><div class=\"wpb_wrapper\"><div class=\"w-image us_custom_a833bf3c align_center\"><a title=\"Comment puis-je maintenir une pression art\u00e9rielle saine?\" href=\"https:\/\/hypertension.idlwebclients.com\/fr\/comment-puis-je-maintenir-une-pression-arterielle-saine\/\" aria-label=\"Lien\" class=\"w-image-h\"><img decoding=\"async\" width=\"200\" height=\"200\" src=\"https:\/\/hypertension.idlwebclients.com\/wp-content\/uploads\/2023\/04\/heartrate.png\" class=\"attachment-us_200_200 size-us_200_200\" alt=\"\" srcset=\"https:\/\/hypertension.idlwebclients.com\/wp-content\/uploads\/2023\/04\/heartrate.png 282w, https:\/\/hypertension.idlwebclients.com\/wp-content\/uploads\/2023\/04\/heartrate-150x150.png 150w\" sizes=\"(max-width: 200px) 100vw, 200px\" \/><\/a><\/div><div class=\"wpb_text_column us_custom_13485028 underline-none has_text_color\"><div class=\"wpb_wrapper\"><p style=\"text-align: center;\"><a href=\"https:\/\/hypertension.idlwebclients.com\/fr\/comment-puis-je-maintenir-une-pression-arterielle-saine\/\"><strong>Comment puis-je maintenir une pression art\u00e9rielle saine?<\/strong><\/a><\/p>\n<\/div><\/div><\/div><\/div><\/div><div class=\"vc_col-sm-3 wpb_column vc_column_container\"><div class=\"vc_column-inner\"><div class=\"wpb_wrapper\"><div class=\"w-image us_custom_a833bf3c align_center\"><a title=\"Une pression art\u00e9rielle \u00e9lev\u00e9e et moi\" href=\"\/fr\/lhypertension-arterielle-et-moi\/\" aria-label=\"Lien\" class=\"w-image-h\"><img loading=\"lazy\" decoding=\"async\" width=\"200\" height=\"200\" src=\"https:\/\/hypertension.idlwebclients.com\/wp-content\/uploads\/2023\/04\/people.png\" class=\"attachment-us_200_200 size-us_200_200\" alt=\"\" srcset=\"https:\/\/hypertension.idlwebclients.com\/wp-content\/uploads\/2023\/04\/people.png 282w, https:\/\/hypertension.idlwebclients.com\/wp-content\/uploads\/2023\/04\/people-150x150.png 150w\" sizes=\"(max-width: 200px) 100vw, 200px\" \/><\/a><\/div><div class=\"wpb_text_column us_custom_13485028 underline-none has_text_color\"><div class=\"wpb_wrapper\"><p style=\"text-align: center;\"><a href=\"\/fr\/lhypertension-arterielle-et-moi\/\"><strong>Une pression art\u00e9rielle \u00e9lev\u00e9e et moi<\/strong><\/a><\/p>\n<\/div><\/div><\/div><\/div><\/div><\/div><\/div><\/div><\/div><\/div><\/div><\/section>\n<\/div>","protected":false},"excerpt":{"rendered":"Hypertension = pression art\u00e9rielle \u00e9lev\u00e9e Je crains avoir une pression art\u00e9rielle \u00e9lev\u00e9e, que dois-je savoir? Comment puis-je surveiller ma pression art\u00e9rielle? Comment puis-je maintenir une pression art\u00e9rielle saine? Une pression art\u00e9rielle \u00e9lev\u00e9e et moi","protected":false},"author":4209,"featured_media":0,"parent":0,"menu_order":0,"comment_status":"closed","ping_status":"closed","template":"","meta":{"_acf_changed":false,"footnotes":""},"class_list":["post-50688","page","type-page","status-publish","hentry"],"acf":[],"_links":{"self":[{"href":"https:\/\/hypertension.idlwebclients.com\/fr\/wp-json\/wp\/v2\/pages\/50688","targetHints":{"allow":["GET"]}}],"collection":[{"href":"https:\/\/hypertension.idlwebclients.com\/fr\/wp-json\/wp\/v2\/pages"}],"about":[{"href":"https:\/\/hypertension.idlwebclients.com\/fr\/wp-json\/wp\/v2\/types\/page"}],"author":[{"embeddable":true,"href":"https:\/\/hypertension.idlwebclients.com\/fr\/wp-json\/wp\/v2\/users\/4209"}],"replies":[{"embeddable":true,"href":"https:\/\/hypertension.idlwebclients.com\/fr\/wp-json\/wp\/v2\/comments?post=50688"}],"version-history":[{"count":8,"href":"https:\/\/hypertension.idlwebclients.com\/fr\/wp-json\/wp\/v2\/pages\/50688\/revisions"}],"predecessor-version":[{"id":51693,"href":"https:\/\/hypertension.idlwebclients.com\/fr\/wp-json\/wp\/v2\/pages\/50688\/revisions\/51693"}],"wp:attachment":[{"href":"https:\/\/hypertension.idlwebclients.com\/fr\/wp-json\/wp\/v2\/media?parent=50688"}],"curies":[{"name":"wp","href":"https:\/\/api.w.org\/{rel}","templated":true}]}}