{"id":50686,"date":"2023-09-22T14:14:24","date_gmt":"2023-09-22T18:14:24","guid":{"rendered":"https:\/\/hypertension.ca\/adhesion\/"},"modified":"2023-12-27T12:10:13","modified_gmt":"2023-12-27T17:10:13","slug":"adhesion","status":"publish","type":"page","link":"https:\/\/hypertension.idlwebclients.com\/fr\/adhesion\/","title":{"rendered":"Adh\u00e9sion"},"content":{"rendered":"<div id=\"modal-ready\"><section class=\"l-section wpb_row us_custom_9e96d0eb height_medium width_full\"><div class=\"l-section-h i-cf\"><div class=\"g-cols vc_row via_flex valign_top type_default stacking_default\"><div class=\"vc_col-sm-12 wpb_column vc_column_container\"><div class=\"vc_column-inner\"><div class=\"wpb_wrapper\"><div class=\"w-image img-w-100 has_ratio align_center\"><div class=\"w-image-h\"><div style=\"padding-bottom:21.0526%\"><\/div><img fetchpriority=\"high\" decoding=\"async\" width=\"1366\" height=\"491\" src=\"https:\/\/hypertension.idlwebclients.com\/wp-content\/uploads\/2023\/05\/memership-banner.png\" class=\"attachment-full size-full\" alt=\"\" srcset=\"https:\/\/hypertension.idlwebclients.com\/wp-content\/uploads\/2023\/05\/memership-banner.png 1366w, https:\/\/hypertension.idlwebclients.com\/wp-content\/uploads\/2023\/05\/memership-banner-300x108.png 300w, https:\/\/hypertension.idlwebclients.com\/wp-content\/uploads\/2023\/05\/memership-banner-1024x368.png 1024w, https:\/\/hypertension.idlwebclients.com\/wp-content\/uploads\/2023\/05\/memership-banner-200x72.png 200w, https:\/\/hypertension.idlwebclients.com\/wp-content\/uploads\/2023\/05\/memership-banner-600x216.png 600w, https:\/\/hypertension.idlwebclients.com\/wp-content\/uploads\/2023\/05\/memership-banner-1000x359.png 1000w, https:\/\/hypertension.idlwebclients.com\/wp-content\/uploads\/2023\/05\/memership-banner-500x180.png 500w, https:\/\/hypertension.idlwebclients.com\/wp-content\/uploads\/2023\/05\/memership-banner-700x252.png 700w\" sizes=\"(max-width: 1366px) 100vw, 1366px\" \/><\/div><\/div><\/div><\/div><\/div><\/div><\/div><\/section><section class=\"l-section wpb_row us_custom_e11ab399 margin-0-auto height_medium\"><div class=\"l-section-h i-cf\"><div class=\"g-cols vc_row via_flex valign_top type_default stacking_default\"><div class=\"vc_col-sm-12 wpb_column vc_column_container margin-0-auto\"><div class=\"vc_column-inner us_custom_1f257949\"><div class=\"wpb_wrapper\"><h1 class=\"w-post-elm post_title us_custom_78aec323 title-underline has_text_color entry-title color_link_inherit\">Adh\u00e9sion<\/h1><div class=\"wpb_text_column\"><div class=\"wpb_wrapper\"><p>Joignez-vous \u00e0 Hypertension Canada pour recevoir les derni\u00e8res nouvelles sur l\u2019hypertension. Vous appara\u00eetrez en vedette dans nos publications et vous recevrez des rabais exclusifs sur les ressources \u00e9ducatives. L\u2019adh\u00e9sion dure un an et est ouverte \u00e0 tous les professionnels de la sant\u00e9 actuels et anciens, et \u00e0 tous les membres du public.<\/p>\n<p>Nous vous invitons \u00e9galement \u00e0 faire partie d\u2019un comit\u00e9 d\u2019Hypertension Canada ou \u00e0 participer \u00e0 un projet particulier. Voil\u00e0 une belle fa\u00e7on de changer les choses, d\u2019\u00e9largir votre r\u00e9seau professionnel et de valoriser le plus possible votre adh\u00e9sion! Si vous d\u00e9sirez devenir b\u00e9n\u00e9vole, veuillez remplir le formulaire affich\u00e9 <a href=\"\/wp-content\/uploads\/2023\/04\/HC-2023VolunteerApplicationForm.pdf\" target=\"_blank\" rel=\"noopener\">ici<\/a> et le transmettre par courriel \u00e0 <a href=\"mailto:info@hypertension.idlwebclients.com\">info@hypertension.idlwebclients.com<\/a>.<\/p>\n<\/div><\/div><div class=\"w-btn-wrapper align_center\"><a class=\"w-btn us-btn-style_1 us_custom_cdf14ffd\" target=\"_blank\" href=\"https:\/\/hypertension.member365.ca\/\" rel=\"noopener\"><span class=\"w-btn-label\">Vous \u00eates d\u00e9j\u00e0 membre? Cliquez ici pour vous connecter<\/span><\/a><\/div><\/div><\/div><\/div><\/div><\/div><\/section><section class=\"l-section wpb_row height_medium\"><div class=\"l-section-h i-cf\"><div class=\"g-cols vc_row via_flex valign_top type_default stacking_default\"><div class=\"vc_col-sm-12 wpb_column vc_column_container\"><div class=\"vc_column-inner\"><div class=\"wpb_wrapper\"><div class=\"wpb_text_column us_custom_044ba9b1 sub-title has_text_color\"><div class=\"wpb_wrapper\"><h2>Options d\u2019adh\u00e9sion<\/h2>\n<\/div><\/div><div class=\"g-cols wpb_row us_custom_907517f1 via_flex valign_middle type_default stacking_default\"><div class=\"vc_col-sm-3 wpb_column vc_column_container\"><div class=\"vc_column-inner us_custom_aac60c19\"><div class=\"wpb_wrapper\">[vc_custom_heading text=\u00a0\u00bb100 $\u00a0\u00bb use_theme_fonts=\u00a0\u00bbyes\u00a0\u00bb]<div class=\"wpb_text_column\"><div class=\"wpb_wrapper\"><p><strong>Adh\u00e9sion individuelle<\/strong><\/p>\n<\/div><\/div><\/div><\/div><\/div><div class=\"vc_col-sm-6 wpb_column vc_column_container\"><div class=\"vc_column-inner\"><div class=\"wpb_wrapper\"><div class=\"wpb_text_column\"><div class=\"wpb_wrapper\"><ul>\n<li>Assister \u00e0 toutes les assembl\u00e9es <strong>g\u00e9n\u00e9rales avec droit de vote<\/strong><\/li>\n<li>Jusqu\u2019\u00e0 <strong>30\u00a0copies de ressources \u00e9ducatives imprim\u00e9es gratuites<\/strong><\/li>\n<li>Publications r\u00e9centes soulign\u00e9es dans notre bulletin eINFO<\/li>\n<li>Admissible aux subventions et concours d\u2019Hypertension Canada<\/li>\n<li>Inscription \u00e0 un \u00e9v\u00e9nement \u00e0 prix r\u00e9duit<\/li>\n<\/ul>\n<\/div><\/div><\/div><\/div><\/div><div class=\"vc_col-sm-3 wpb_column vc_column_container\"><div class=\"vc_column-inner\"><div class=\"wpb_wrapper\"><div class=\"w-btn-wrapper align_justify\"><a class=\"w-btn us-btn-style_1\" href=\"https:\/\/hypertension.member365.ca\/public\/login\/membership\/7a89e8384facf3f545de526929d4b47fd3f10f6e\"><span class=\"w-btn-label\">INSCRIVEZ-VOUS MAINTENANT<\/span><\/a><\/div><\/div><\/div><\/div><\/div><div class=\"g-cols wpb_row us_custom_907517f1 via_flex valign_middle type_default stacking_default\"><div class=\"vc_col-sm-3 wpb_column vc_column_container\"><div class=\"vc_column-inner us_custom_aac60c19\"><div class=\"wpb_wrapper\">[vc_custom_heading text=\u00a0\u00bb25 $\u00a0\u00bb use_theme_fonts=\u00a0\u00bbyes\u00a0\u00bb]<div class=\"wpb_text_column\"><div class=\"wpb_wrapper\"><p><strong>Adh\u00e9sion des associ\u00e9s<\/strong><\/p>\n<\/div><\/div><div class=\"wpb_text_column\"><div class=\"wpb_wrapper\"><p>(Formation des \u00e9tudiants, des boursiers ou des r\u00e9sidents pour pratiquer dans le domaine de l\u2019hypertension)<\/p>\n<\/div><\/div><\/div><\/div><\/div><div class=\"vc_col-sm-6 wpb_column vc_column_container\"><div class=\"vc_column-inner\"><div class=\"wpb_wrapper\"><div class=\"wpb_text_column\"><div class=\"wpb_wrapper\"><ul>\n<li>Assister \u00e0 toutes les assembl\u00e9es g\u00e9n\u00e9rales sans droit de vote<\/li>\n<li>Publications r\u00e9centes soulign\u00e9es dans notre bulletin eINFO<\/li>\n<li>Admissible aux subventions et concours d\u2019Hypertension Canada<\/li>\n<li>Inscription \u00e0 des prix r\u00e9duits pour les \u00e9v\u00e9nements d\u2019Hypertension Canada<\/li>\n<li>Recevez des mises \u00e0 jour r\u00e9guli\u00e8res pour rester inform\u00e9<\/li>\n<\/ul>\n<\/div><\/div><\/div><\/div><\/div><div class=\"vc_col-sm-3 wpb_column vc_column_container\"><div class=\"vc_column-inner\"><div class=\"wpb_wrapper\"><div class=\"w-btn-wrapper align_justify\"><a class=\"w-btn us-btn-style_1\" href=\"https:\/\/hypertension.member365.ca\/public\/login\/membership\/3486355468c939bdb48c952810790c4847956637\"><span class=\"w-btn-label\">INSCRIVEZ-VOUS MAINTENANT<\/span><\/a><\/div><\/div><\/div><\/div><\/div><div class=\"g-cols wpb_row us_custom_907517f1 via_flex valign_middle type_default stacking_default\"><div class=\"vc_col-sm-3 wpb_column vc_column_container\"><div class=\"vc_column-inner us_custom_aac60c19\"><div class=\"wpb_wrapper\">[vc_custom_heading text=\u00a0\u00bb525 $\u00a0\u00bb use_theme_fonts=\u00a0\u00bbyes\u00a0\u00bb]<div class=\"wpb_text_column\"><div class=\"wpb_wrapper\"><p><strong>Adh\u00e9sion des pharmacies, petites entreprises et universit\u00e9s<\/strong><\/p>\n<\/div><\/div><\/div><\/div><\/div><div class=\"vc_col-sm-6 wpb_column vc_column_container\"><div class=\"vc_column-inner\"><div class=\"wpb_wrapper\"><div class=\"wpb_text_column\"><div class=\"wpb_wrapper\"><ul>\n<li>Le personnel peut assister \u00e0 toutes les r\u00e9unions g\u00e9n\u00e9rales en tant que membres sans droit de vote<\/li>\n<li>Jusqu\u2019\u00e0 <strong>200\u00a0copies de ressources \u00e9ducatives imprim\u00e9es gratuites<\/strong><\/li>\n<li><strong>Reconnaissance du logo<\/strong> avec un lien vers votre organisation sur notre site Web<\/li>\n<li>Jusqu\u2019\u00e0 <strong>3\u00a0inscriptions CHC \u00e0 prix<\/strong> r\u00e9duit par an<\/li>\n<li>Jusqu\u2019\u00e0 <strong>3\u00a0inscriptions \u00e0 rabais<\/strong> pour certains programmes d\u2019\u00e9ducation professionnelle en ligne<\/li>\n<\/ul>\n<\/div><\/div><\/div><\/div><\/div><div class=\"vc_col-sm-3 wpb_column vc_column_container\"><div class=\"vc_column-inner\"><div class=\"wpb_wrapper\"><div class=\"w-btn-wrapper align_justify\"><a class=\"w-btn us-btn-style_1\" href=\"https:\/\/hypertension.member365.ca\/public\/login\/membership\/33c4074fe9db9de5068c5d8f258f1d34b1907b12\"><span class=\"w-btn-label\">INSCRIVEZ-VOUS MAINTENANT<\/span><\/a><\/div><\/div><\/div><\/div><\/div><div class=\"g-cols wpb_row us_custom_907517f1 via_flex valign_middle type_default stacking_default\"><div class=\"vc_col-sm-3 wpb_column vc_column_container\"><div class=\"vc_column-inner us_custom_aac60c19\"><div class=\"wpb_wrapper\">[vc_custom_heading text=\u00a0\u00bb625 $\u00a0\u00bb use_theme_fonts=\u00a0\u00bbyes\u00a0\u00bb]<div class=\"wpb_text_column\"><div class=\"wpb_wrapper\"><p><strong>Adh\u00e9sion pour h\u00f4pitaux et cliniques<\/strong><\/p>\n<\/div><\/div><\/div><\/div><\/div><div class=\"vc_col-sm-6 wpb_column vc_column_container\"><div class=\"vc_column-inner\"><div class=\"wpb_wrapper\"><div class=\"wpb_text_column\"><div class=\"wpb_wrapper\"><ul>\n<li>Le personnel peut assister \u00e0 toutes les r\u00e9unions g\u00e9n\u00e9rales en tant que membres sans droit de vote<\/li>\n<li>Jusqu\u2019\u00e0 <strong>200\u00a0copies de ressources \u00e9ducatives imprim\u00e9es gratuites<\/strong><\/li>\n<li><strong>Reconnaissance du logo<\/strong> avec un lien vers votre organisation sur notre site Web<\/li>\n<li>Jusqu\u2019\u00e0 <strong>5\u00a0inscriptions CHC \u00e0 prix r\u00e9duit<\/strong> par an<\/li>\n<li>Jusqu\u2019\u00e0 <strong>5\u00a0inscriptions \u00e0 rabais<\/strong> pour certains programmes d\u2019\u00e9ducation professionnelle en ligne<\/li>\n<\/ul>\n<\/div><\/div><\/div><\/div><\/div><div class=\"vc_col-sm-3 wpb_column vc_column_container\"><div class=\"vc_column-inner\"><div class=\"wpb_wrapper\"><div class=\"w-btn-wrapper align_justify\"><a class=\"w-btn us-btn-style_1\" href=\"https:\/\/hypertension.member365.ca\/public\/login\/membership\/1ede0c6d81405f46ab70954861363eadaaae0d47\"><span class=\"w-btn-label\">INSCRIVEZ-VOUS MAINTENANT<\/span><\/a><\/div><\/div><\/div><\/div><\/div><\/div><\/div><\/div><\/div><\/div><\/section>\n<\/div>","protected":false},"excerpt":{"rendered":"Adh\u00e9sionJoignez-vous \u00e0 Hypertension Canada pour recevoir les derni\u00e8res nouvelles sur l\u2019hypertension. Vous appara\u00eetrez en vedette dans nos publications et vous recevrez des rabais exclusifs sur les ressources \u00e9ducatives. L\u2019adh\u00e9sion dure un an et est ouverte \u00e0 tous les professionnels de la sant\u00e9 actuels et anciens, et \u00e0 tous les membres du public. Nous vous invitons...","protected":false},"author":4209,"featured_media":0,"parent":0,"menu_order":0,"comment_status":"closed","ping_status":"closed","template":"","meta":{"_acf_changed":false,"footnotes":""},"class_list":["post-50686","page","type-page","status-publish","hentry"],"acf":[],"_links":{"self":[{"href":"https:\/\/hypertension.idlwebclients.com\/fr\/wp-json\/wp\/v2\/pages\/50686","targetHints":{"allow":["GET"]}}],"collection":[{"href":"https:\/\/hypertension.idlwebclients.com\/fr\/wp-json\/wp\/v2\/pages"}],"about":[{"href":"https:\/\/hypertension.idlwebclients.com\/fr\/wp-json\/wp\/v2\/types\/page"}],"author":[{"embeddable":true,"href":"https:\/\/hypertension.idlwebclients.com\/fr\/wp-json\/wp\/v2\/users\/4209"}],"replies":[{"embeddable":true,"href":"https:\/\/hypertension.idlwebclients.com\/fr\/wp-json\/wp\/v2\/comments?post=50686"}],"version-history":[{"count":4,"href":"https:\/\/hypertension.idlwebclients.com\/fr\/wp-json\/wp\/v2\/pages\/50686\/revisions"}],"predecessor-version":[{"id":51593,"href":"https:\/\/hypertension.idlwebclients.com\/fr\/wp-json\/wp\/v2\/pages\/50686\/revisions\/51593"}],"wp:attachment":[{"href":"https:\/\/hypertension.idlwebclients.com\/fr\/wp-json\/wp\/v2\/media?parent=50686"}],"curies":[{"name":"wp","href":"https:\/\/api.w.org\/{rel}","templated":true}]}}