{"id":50682,"date":"2023-09-22T14:14:16","date_gmt":"2023-09-22T18:14:16","guid":{"rendered":"https:\/\/hypertension.ca\/ressources\/ressources-educatives\/"},"modified":"2023-10-10T12:19:44","modified_gmt":"2023-10-10T16:19:44","slug":"ressources-educatives","status":"publish","type":"page","link":"https:\/\/hypertension.idlwebclients.com\/fr\/ressources\/ressources-educatives\/","title":{"rendered":"Ressources \u00e9ducatives"},"content":{"rendered":"<div id=\"modal-ready\"><section class=\"l-section wpb_row us_custom_5c31ec89 event-banner-section height_medium width_full\"><div class=\"l-section-h i-cf\"><div class=\"g-cols vc_row via_flex valign_top type_default stacking_default\"><div class=\"vc_col-sm-12 wpb_column vc_column_container\"><div class=\"vc_column-inner us_custom_461a6918\"><div class=\"wpb_wrapper\"><div class=\"w-image img-w-100 align_center\"><div class=\"w-image-h\"><img fetchpriority=\"high\" decoding=\"async\" width=\"1920\" height=\"350\" src=\"https:\/\/hypertension.idlwebclients.com\/wp-content\/uploads\/2023\/05\/HC-public.png\" class=\"attachment-full size-full\" alt=\"\" srcset=\"https:\/\/hypertension.idlwebclients.com\/wp-content\/uploads\/2023\/05\/HC-public.png 1920w, https:\/\/hypertension.idlwebclients.com\/wp-content\/uploads\/2023\/05\/HC-public-300x55.png 300w, https:\/\/hypertension.idlwebclients.com\/wp-content\/uploads\/2023\/05\/HC-public-1024x187.png 1024w, https:\/\/hypertension.idlwebclients.com\/wp-content\/uploads\/2023\/05\/HC-public-200x36.png 200w, https:\/\/hypertension.idlwebclients.com\/wp-content\/uploads\/2023\/05\/HC-public-600x109.png 600w, https:\/\/hypertension.idlwebclients.com\/wp-content\/uploads\/2023\/05\/HC-public-1000x182.png 1000w, https:\/\/hypertension.idlwebclients.com\/wp-content\/uploads\/2023\/05\/HC-public-500x91.png 500w, https:\/\/hypertension.idlwebclients.com\/wp-content\/uploads\/2023\/05\/HC-public-700x128.png 700w\" sizes=\"(max-width: 1920px) 100vw, 1920px\" \/><\/div><\/div><\/div><\/div><\/div><\/div><\/div><\/section><section class=\"l-section wpb_row height_medium\"><div class=\"l-section-h i-cf\"><div class=\"g-cols vc_row via_flex valign_top type_default stacking_default\"><div class=\"vc_col-sm-12 wpb_column vc_column_container\"><div class=\"vc_column-inner\"><div class=\"wpb_wrapper\"><h1 class=\"w-post-elm post_title us_custom_83a03b96 title-underline small-underline has_text_color entry-title color_link_inherit\">Ressources \u00e9ducatives<\/h1><\/div><\/div><\/div><\/div><\/div><\/section><section class=\"l-section wpb_row us_custom_018c6457 height_medium\"><div class=\"l-section-h i-cf\"><div class=\"g-cols vc_row via_flex valign_top type_default stacking_default\"><div class=\"vc_col-sm-3 wpb_column vc_column_container\"><div class=\"vc_column-inner\"><div class=\"wpb_wrapper\"><div class=\"w-menu us_custom_094729a3 guidelines-sidebar-menu ul-side-menu layout_ver style_links us_menu_1 with_children\" style=\"--main-gap:0.2rem;--main-ver-indent:0.8em;--main-hor-indent:0.8em;--main-color:inherit;\"><ul id=\"menu-educational-resource-sidebar-fr\" class=\"menu\"><li id=\"menu-item-51603\" class=\"menu-item menu-item-type-post_type menu-item-object-page menu-item-has-children menu-item-51603\"><a href=\"https:\/\/hypertension.idlwebclients.com\/fr\/ressources\/ressources-educatives\/\">Ressources \u00e9ducatives<\/a><ul class=\"sub-menu\"><li id=\"menu-item-51604\" class=\"menu-item menu-item-type-custom menu-item-object-custom menu-item-51604\"><a target=\"_blank\" href=\"\/wp-content\/uploads\/2024\/01\/2020-Guidelines-Highlights-French.pdf\">Lignes directrices 2020 &#8211; Points forts<\/a><\/li><li id=\"menu-item-51605\" class=\"menu-item menu-item-type-custom menu-item-object-custom menu-item-51605\"><a target=\"_blank\" href=\"\/wp-content\/uploads\/2024\/01\/2020-Guidelines-PowerPoint-French.pptx\">Lignes directrices 2020 &#8211; PowerPoint<\/a><\/li><li id=\"menu-item-51606\" class=\"menu-item menu-item-type-custom menu-item-object-custom menu-item-51606\"><a target=\"_blank\" href=\"\/wp-content\/uploads\/2023\/05\/2020-Pharmacy-Curriculum-PowerPoint.pptx\">Programme d&rsquo;\u00e9tudes en pharmacie 2020 &#8211; PowerPoint<\/a><\/li><li id=\"menu-item-51607\" class=\"menu-item menu-item-type-custom menu-item-object-custom menu-item-51607\"><a target=\"_blank\" href=\"https:\/\/campus.paho.org\/fr\/cours\/cours-virtuel-sur-la-mesure-automatique-correcte-de-la-tension-arterielle\">Cours virtuel sur la mesure automatis\u00e9e et pr\u00e9cise de la pression art\u00e9rielle<\/a><\/li><\/ul><\/li><li id=\"menu-item-51600\" class=\"menu-item menu-item-type-post_type menu-item-object-page menu-item-51600\"><a href=\"https:\/\/hypertension.idlwebclients.com\/fr\/workshops-and-webinars\/\">Ateliers et webinaires<\/a><\/li><li id=\"menu-item-51601\" class=\"menu-item menu-item-type-post_type menu-item-object-page menu-item-51601\"><a href=\"https:\/\/hypertension.idlwebclients.com\/fr\/order-resources\/\">Commander des ressources \u00e9ducatives<\/a><\/li><\/ul><style>@media ( max-width:600px ){.us_menu_1 .menu{display:block!important}.us_menu_1 .menu>li{margin:0 0 var(--main-gap,0.2rem)!important}}<\/style><\/div><\/div><\/div><\/div><div class=\"vc_col-sm-9 wpb_column vc_column_container sub-title\"><div class=\"vc_column-inner\"><div class=\"wpb_wrapper\"><div class=\"wpb_text_column\"><div class=\"wpb_wrapper\"><p>Chez Hypertension Canada, nous croyons qu\u2019il est essentiel d\u2019\u00e9duquer tout le monde sur l\u2019hypertension art\u00e9rielle et les dangers qu\u2019elle pose. \u00c0 gauche, vous trouverez des liens vers nos ressources \u00e9ducatives pour les professionnels, ainsi que notre page avec les ateliers et les webinaires que nous avons organis\u00e9s dans le pass\u00e9. Vous trouverez \u00e9galement le lien vers notre page o\u00f9 vous pouvez acheter des copies physiques des brochures, des affiches et des journaux de pression art\u00e9rielle qui sont exp\u00e9di\u00e9s directement \u00e0 votre porte.<\/p>\n<\/div><\/div><\/div><\/div><\/div><\/div><\/div><\/section>\n<\/div>","protected":false},"excerpt":{"rendered":"Ressources \u00e9ducativesRessources \u00e9ducativesLignes directrices 2020 &#8211; Points fortsLignes directrices 2020 &#8211; PowerPointProgramme d&rsquo;\u00e9tudes en pharmacie 2020 &#8211; PowerPointCours virtuel sur la mesure automatis\u00e9e et pr\u00e9cise de la pression art\u00e9rielleAteliers et webinairesCommander des ressources \u00e9ducativesChez Hypertension Canada, nous croyons qu\u2019il est essentiel d\u2019\u00e9duquer tout le monde sur l\u2019hypertension art\u00e9rielle et les dangers qu\u2019elle pose. \u00c0 gauche,...","protected":false},"author":1,"featured_media":0,"parent":50675,"menu_order":0,"comment_status":"closed","ping_status":"closed","template":"","meta":{"_acf_changed":false,"footnotes":""},"class_list":["post-50682","page","type-page","status-publish","hentry"],"acf":[],"_links":{"self":[{"href":"https:\/\/hypertension.idlwebclients.com\/fr\/wp-json\/wp\/v2\/pages\/50682","targetHints":{"allow":["GET"]}}],"collection":[{"href":"https:\/\/hypertension.idlwebclients.com\/fr\/wp-json\/wp\/v2\/pages"}],"about":[{"href":"https:\/\/hypertension.idlwebclients.com\/fr\/wp-json\/wp\/v2\/types\/page"}],"author":[{"embeddable":true,"href":"https:\/\/hypertension.idlwebclients.com\/fr\/wp-json\/wp\/v2\/users\/1"}],"replies":[{"embeddable":true,"href":"https:\/\/hypertension.idlwebclients.com\/fr\/wp-json\/wp\/v2\/comments?post=50682"}],"version-history":[{"count":3,"href":"https:\/\/hypertension.idlwebclients.com\/fr\/wp-json\/wp\/v2\/pages\/50682\/revisions"}],"predecessor-version":[{"id":50812,"href":"https:\/\/hypertension.idlwebclients.com\/fr\/wp-json\/wp\/v2\/pages\/50682\/revisions\/50812"}],"up":[{"embeddable":true,"href":"https:\/\/hypertension.idlwebclients.com\/fr\/wp-json\/wp\/v2\/pages\/50675"}],"wp:attachment":[{"href":"https:\/\/hypertension.idlwebclients.com\/fr\/wp-json\/wp\/v2\/media?parent=50682"}],"curies":[{"name":"wp","href":"https:\/\/api.w.org\/{rel}","templated":true}]}}