{"id":50678,"date":"2023-09-22T14:14:08","date_gmt":"2023-09-22T18:14:08","guid":{"rendered":"https:\/\/hypertension.ca\/page-daccueil\/"},"modified":"2024-01-04T12:57:20","modified_gmt":"2024-01-04T17:57:20","slug":"page-daccueil","status":"publish","type":"page","link":"https:\/\/hypertension.idlwebclients.com\/fr\/","title":{"rendered":"Page d\u2019accueil"},"content":{"rendered":"<div id=\"modal-ready\"><section class=\"l-section wpb_row us_custom_2758d8a3 landing-section height_medium width_full\"><div class=\"l-section-h i-cf\"><div class=\"g-cols vc_row via_flex valign_bottom type_default stacking_default\"><div class=\"vc_col-sm-6 wpb_column vc_column_container has_bg_color\"><div class=\"vc_column-inner us_custom_3f641f08\"><div class=\"wpb_wrapper\"><div class=\"g-cols wpb_row us_custom_99f74c2c via_flex valign_top type_default stacking_default\"><div class=\"vc_col-sm-12 wpb_column vc_column_container\"><div class=\"vc_column-inner\"><div class=\"wpb_wrapper\"><div class=\"w-btn-wrapper align_justify\"><a class=\"w-btn us-btn-style_5 us_custom_e3bf7ff8 float-right\" title=\"Professionnels de la sant\u00e9\" href=\"\/fr\/healthcare-professionals\"><span class=\"w-btn-label\">Professionnels de la sant\u00e9<\/span><\/a><\/div><\/div><\/div><\/div><\/div><\/div><\/div><\/div><div class=\"vc_col-sm-6 wpb_column vc_column_container has_bg_color\"><div class=\"vc_column-inner us_custom_f7f14440\"><div class=\"wpb_wrapper\"><div class=\"g-cols wpb_row us_custom_99f74c2c via_flex valign_top type_default stacking_default\"><div class=\"vc_col-sm-12 wpb_column vc_column_container\"><div class=\"vc_column-inner\"><div class=\"wpb_wrapper\"><div class=\"w-btn-wrapper align_justify\"><a class=\"w-btn us-btn-style_6 us_custom_6c12f6f4 float-left\" href=\"\/fr\/public\"><span class=\"w-btn-label\">Publique<\/span><\/a><\/div><\/div><\/div><\/div><\/div><\/div><\/div><\/div><\/div><\/div><\/section><section class=\"l-section wpb_row height_medium\"><div class=\"l-section-h i-cf\"><div class=\"g-cols vc_row via_flex valign_top type_default stacking_default\"><div class=\"vc_col-sm-12 wpb_column vc_column_container\"><div class=\"vc_column-inner\"><div class=\"wpb_wrapper\"><div class=\"wpb_text_column\"><div class=\"wpb_wrapper\"><p style=\"text-align: center;\">Hypertension Canada est le seul organisme canadien qui se consacre uniquement \u00e0 la pr\u00e9vention et au contr\u00f4le de l\u2019hypertension (pression art\u00e9rielle \u00e9lev\u00e9e) et de ses complications.<\/p>\n<p style=\"text-align: center;\">Nous travaillons avec des experts pour faire progresser la recherche sur l\u2019hypertension art\u00e9rielle. Nous pr\u00f4nons \u00e9galement l\u2019\u00e9ducation du public et des professionnels de la sant\u00e9 pour nous assurer que les Canadiens peuvent \u00e9viter les complications potentiellement mortelles de l\u2019hypertension art\u00e9rielle.<\/p>\n<\/div><\/div><div class=\"w-btn-wrapper align_center\"><a class=\"w-btn us-btn-style_3 us_custom_71600ea3\" title=\"\u00c0 propos de nous\" href=\"\/fr\/a-propos-de-nous\/\"><span class=\"w-btn-label\">\u00c0 propos de nous<\/span><\/a><\/div><\/div><\/div><\/div><\/div><\/div><\/section>\n<\/div>","protected":false},"excerpt":{"rendered":"Professionnels de la sant\u00e9PubliqueHypertension Canada est le seul organisme canadien qui se consacre uniquement \u00e0 la pr\u00e9vention et au contr\u00f4le de l\u2019hypertension (pression art\u00e9rielle \u00e9lev\u00e9e) et de ses complications. Nous travaillons avec des experts pour faire progresser la recherche sur l\u2019hypertension art\u00e9rielle. Nous pr\u00f4nons \u00e9galement l\u2019\u00e9ducation du public et des professionnels de la sant\u00e9 pour...","protected":false},"author":4209,"featured_media":0,"parent":0,"menu_order":0,"comment_status":"closed","ping_status":"closed","template":"","meta":{"_acf_changed":false,"footnotes":""},"class_list":["post-50678","page","type-page","status-publish","hentry"],"acf":[],"_links":{"self":[{"href":"https:\/\/hypertension.idlwebclients.com\/fr\/wp-json\/wp\/v2\/pages\/50678","targetHints":{"allow":["GET"]}}],"collection":[{"href":"https:\/\/hypertension.idlwebclients.com\/fr\/wp-json\/wp\/v2\/pages"}],"about":[{"href":"https:\/\/hypertension.idlwebclients.com\/fr\/wp-json\/wp\/v2\/types\/page"}],"author":[{"embeddable":true,"href":"https:\/\/hypertension.idlwebclients.com\/fr\/wp-json\/wp\/v2\/users\/4209"}],"replies":[{"embeddable":true,"href":"https:\/\/hypertension.idlwebclients.com\/fr\/wp-json\/wp\/v2\/comments?post=50678"}],"version-history":[{"count":8,"href":"https:\/\/hypertension.idlwebclients.com\/fr\/wp-json\/wp\/v2\/pages\/50678\/revisions"}],"predecessor-version":[{"id":51697,"href":"https:\/\/hypertension.idlwebclients.com\/fr\/wp-json\/wp\/v2\/pages\/50678\/revisions\/51697"}],"wp:attachment":[{"href":"https:\/\/hypertension.idlwebclients.com\/fr\/wp-json\/wp\/v2\/media?parent=50678"}],"curies":[{"name":"wp","href":"https:\/\/api.w.org\/{rel}","templated":true}]}}