{"id":50673,"date":"2023-09-22T14:14:00","date_gmt":"2023-09-22T18:14:00","guid":{"rendered":"https:\/\/hypertension.ca\/prevention-et-traitement\/traitement-de-lhypertension-associee-a-une-maladie-renale-chronique-non-diabetique\/"},"modified":"2023-10-10T12:19:44","modified_gmt":"2023-10-10T16:19:44","slug":"traitement-de-lhypertension-associee-a-une-maladie-renale-chronique-non-diabetique","status":"publish","type":"page","link":"https:\/\/hypertension.idlwebclients.com\/fr\/lignes-directrices\/prevention-et-traitement\/traitement-de-lhypertension-associee-a-une-maladie-renale-chronique-non-diabetique\/","title":{"rendered":"Traitement de l\u2019hypertension associ\u00e9e \u00e0 une maladie r\u00e9nale chronique non diab\u00e9tique"},"content":{"rendered":"<div id=\"modal-ready\"><section class=\"l-section wpb_row us_custom_5c31ec89 event-banner-section height_medium width_full\"><div class=\"l-section-h i-cf\"><div class=\"g-cols vc_row via_flex valign_top type_default stacking_default\"><div class=\"vc_col-sm-12 wpb_column vc_column_container\"><div class=\"vc_column-inner us_custom_461a6918\"><div class=\"wpb_wrapper\"><div class=\"w-image img-w-100 align_center\"><div class=\"w-image-h\"><img fetchpriority=\"high\" decoding=\"async\" width=\"1440\" height=\"252\" src=\"https:\/\/hypertension.idlwebclients.com\/wp-content\/uploads\/2023\/04\/HC-Guidelines-Credits-Page.jpg\" class=\"attachment-full size-full\" alt=\"\" srcset=\"https:\/\/hypertension.idlwebclients.com\/wp-content\/uploads\/2023\/04\/HC-Guidelines-Credits-Page.jpg 1440w, https:\/\/hypertension.idlwebclients.com\/wp-content\/uploads\/2023\/04\/HC-Guidelines-Credits-Page-300x53.jpg 300w, https:\/\/hypertension.idlwebclients.com\/wp-content\/uploads\/2023\/04\/HC-Guidelines-Credits-Page-1024x179.jpg 1024w, https:\/\/hypertension.idlwebclients.com\/wp-content\/uploads\/2023\/04\/HC-Guidelines-Credits-Page-200x35.jpg 200w, https:\/\/hypertension.idlwebclients.com\/wp-content\/uploads\/2023\/04\/HC-Guidelines-Credits-Page-600x105.jpg 600w, https:\/\/hypertension.idlwebclients.com\/wp-content\/uploads\/2023\/04\/HC-Guidelines-Credits-Page-1000x175.jpg 1000w, https:\/\/hypertension.idlwebclients.com\/wp-content\/uploads\/2023\/04\/HC-Guidelines-Credits-Page-500x88.jpg 500w, https:\/\/hypertension.idlwebclients.com\/wp-content\/uploads\/2023\/04\/HC-Guidelines-Credits-Page-700x123.jpg 700w\" sizes=\"(max-width: 1440px) 100vw, 1440px\" \/><\/div><\/div><\/div><\/div><\/div><\/div><\/div><\/section><section class=\"l-section wpb_row height_medium\"><div class=\"l-section-h i-cf\"><div class=\"g-cols vc_row via_flex valign_top type_default stacking_default\"><div class=\"vc_col-sm-12 wpb_column vc_column_container\"><div class=\"vc_column-inner\"><div class=\"wpb_wrapper\"><h1 class=\"w-post-elm post_title us_custom_83a03b96 title-underline small-underline has_text_color entry-title color_link_inherit\">Traitement de l\u2019hypertension associ\u00e9e \u00e0 une maladie r\u00e9nale chronique non diab\u00e9tique<\/h1><\/div><\/div><\/div><\/div><\/div><\/section><section class=\"l-section wpb_row us_custom_887a049b height_medium\"><div class=\"l-section-h i-cf\"><div class=\"g-cols vc_row via_flex valign_top type_default stacking_default\"><div class=\"vc_col-sm-12 wpb_column vc_column_container\"><div class=\"vc_column-inner\"><div class=\"wpb_wrapper\"><div class=\"wpb_text_column sub-title\"><div class=\"wpb_wrapper\"><h2>Recommandations<\/h2>\n<\/div><\/div>[vc_empty_space height=\u00a0\u00bb20px\u00a0\u00bb]<div class=\"wpb_text_column\"><div class=\"wpb_wrapper\"><ul>\n<li>Pour les patients hypertendus et atteints d\u2019une maladie r\u00e9nale chronique prot\u00e9inurique (taux de prot\u00e9ines urinaires > 150\u00a0mg en 24\u00a0heures ou rapport albumine\/cr\u00e9atinine > 30\u00a0mg\/mmol), le traitement initial doit \u00eatre par un inhibiteur ECA (grade A) ou un ARA (grade B; recommandation r\u00e9vis\u00e9e).<\/li>\n<li>Dans la plupart des cas, un traitement d\u2019association avec d\u2019autres antihypertenseurs pourrait \u00eatre n\u00e9cessaire pour atteindre les taux de PA cibles (grade D).<\/li>\n<li>L\u2019association d\u2019un inhibiteur ECA et d\u2019un ARA n\u2019est pas recommand\u00e9e chez les patients atteints d\u2019une maladie r\u00e9nale chronique (grade B; recommandation r\u00e9vis\u00e9e).<\/li>\n<\/ul>\n<\/div><\/div><\/div><\/div><\/div><\/div><\/div><\/section>\n<\/div>","protected":false},"excerpt":{"rendered":"Traitement de l\u2019hypertension associ\u00e9e \u00e0 une maladie r\u00e9nale chronique non diab\u00e9tique Recommandations [vc_empty_space height=\"20px\"] Pour les patients hypertendus et atteints d\u2019une maladie r\u00e9nale chronique prot\u00e9inurique (taux de prot\u00e9ines urinaires > 150\u00a0mg en 24\u00a0heures ou rapport albumine\/cr\u00e9atinine > 30\u00a0mg\/mmol), le traitement initial doit \u00eatre par un inhibiteur ECA (grade A) ou un ARA (grade B; recommandation...","protected":false},"author":4209,"featured_media":0,"parent":50665,"menu_order":0,"comment_status":"closed","ping_status":"closed","template":"","meta":{"_acf_changed":false,"footnotes":""},"class_list":["post-50673","page","type-page","status-publish","hentry"],"acf":[],"_links":{"self":[{"href":"https:\/\/hypertension.idlwebclients.com\/fr\/wp-json\/wp\/v2\/pages\/50673","targetHints":{"allow":["GET"]}}],"collection":[{"href":"https:\/\/hypertension.idlwebclients.com\/fr\/wp-json\/wp\/v2\/pages"}],"about":[{"href":"https:\/\/hypertension.idlwebclients.com\/fr\/wp-json\/wp\/v2\/types\/page"}],"author":[{"embeddable":true,"href":"https:\/\/hypertension.idlwebclients.com\/fr\/wp-json\/wp\/v2\/users\/4209"}],"replies":[{"embeddable":true,"href":"https:\/\/hypertension.idlwebclients.com\/fr\/wp-json\/wp\/v2\/comments?post=50673"}],"version-history":[{"count":3,"href":"https:\/\/hypertension.idlwebclients.com\/fr\/wp-json\/wp\/v2\/pages\/50673\/revisions"}],"predecessor-version":[{"id":50803,"href":"https:\/\/hypertension.idlwebclients.com\/fr\/wp-json\/wp\/v2\/pages\/50673\/revisions\/50803"}],"up":[{"embeddable":true,"href":"https:\/\/hypertension.idlwebclients.com\/fr\/wp-json\/wp\/v2\/pages\/50665"}],"wp:attachment":[{"href":"https:\/\/hypertension.idlwebclients.com\/fr\/wp-json\/wp\/v2\/media?parent=50673"}],"curies":[{"name":"wp","href":"https:\/\/api.w.org\/{rel}","templated":true}]}}