{"id":50665,"date":"2023-09-22T14:13:47","date_gmt":"2023-09-22T18:13:47","guid":{"rendered":"https:\/\/hypertension.ca\/prevention-et-traitement\/"},"modified":"2023-12-20T08:50:47","modified_gmt":"2023-12-20T13:50:47","slug":"prevention-et-traitement","status":"publish","type":"page","link":"https:\/\/hypertension.idlwebclients.com\/fr\/lignes-directrices\/prevention-et-traitement\/","title":{"rendered":"Pr\u00e9vention et traitement"},"content":{"rendered":"<div id=\"modal-ready\"><section class=\"l-section wpb_row us_custom_5c31ec89 event-banner-section height_medium width_full\"><div class=\"l-section-h i-cf\"><div class=\"g-cols vc_row via_flex valign_top type_default stacking_default\"><div class=\"vc_col-sm-12 wpb_column vc_column_container\"><div class=\"vc_column-inner us_custom_461a6918\"><div class=\"wpb_wrapper\"><div class=\"w-image img-w-100 align_center\"><div class=\"w-image-h\"><img fetchpriority=\"high\" decoding=\"async\" width=\"1440\" height=\"252\" src=\"https:\/\/hypertension.idlwebclients.com\/wp-content\/uploads\/2023\/04\/HC-Guidelines-Credits-Page.jpg\" class=\"attachment-full size-full\" alt=\"\" srcset=\"https:\/\/hypertension.idlwebclients.com\/wp-content\/uploads\/2023\/04\/HC-Guidelines-Credits-Page.jpg 1440w, https:\/\/hypertension.idlwebclients.com\/wp-content\/uploads\/2023\/04\/HC-Guidelines-Credits-Page-300x53.jpg 300w, https:\/\/hypertension.idlwebclients.com\/wp-content\/uploads\/2023\/04\/HC-Guidelines-Credits-Page-1024x179.jpg 1024w, https:\/\/hypertension.idlwebclients.com\/wp-content\/uploads\/2023\/04\/HC-Guidelines-Credits-Page-200x35.jpg 200w, https:\/\/hypertension.idlwebclients.com\/wp-content\/uploads\/2023\/04\/HC-Guidelines-Credits-Page-600x105.jpg 600w, https:\/\/hypertension.idlwebclients.com\/wp-content\/uploads\/2023\/04\/HC-Guidelines-Credits-Page-1000x175.jpg 1000w, https:\/\/hypertension.idlwebclients.com\/wp-content\/uploads\/2023\/04\/HC-Guidelines-Credits-Page-500x88.jpg 500w, https:\/\/hypertension.idlwebclients.com\/wp-content\/uploads\/2023\/04\/HC-Guidelines-Credits-Page-700x123.jpg 700w\" sizes=\"(max-width: 1440px) 100vw, 1440px\" \/><\/div><\/div><\/div><\/div><\/div><\/div><\/div><\/section><section class=\"l-section wpb_row height_medium\"><div class=\"l-section-h i-cf\"><div class=\"g-cols vc_row via_flex valign_top type_default stacking_default\"><div class=\"vc_col-sm-12 wpb_column vc_column_container\"><div class=\"vc_column-inner\"><div class=\"wpb_wrapper\"><h1 class=\"w-post-elm post_title us_custom_83a03b96 title-underline small-underline has_text_color entry-title color_link_inherit\">Pr\u00e9vention et traitement<\/h1><\/div><\/div><\/div><\/div><\/div><\/section><section class=\"l-section wpb_row us_custom_887a049b height_medium\"><div class=\"l-section-h i-cf\"><div class=\"g-cols vc_row via_flex valign_top type_default stacking_default\"><div class=\"vc_col-sm-12 wpb_column vc_column_container\"><div class=\"vc_column-inner\"><div class=\"wpb_wrapper\"><div class=\"wpb_text_column sub-title\"><div class=\"wpb_wrapper\"><h2>Table des mati\u00e8res<\/h2>\n<\/div><\/div>[vc_empty_space height=\u00a0\u00bb20px\u00a0\u00bb]<div class=\"wpb_text_column\"><div class=\"wpb_wrapper\"><ul>\n<li><a href=\"\/fr\/lignes-directrices\/prevention-et-traitement\/traitement-global-de-protection-vasculaire-pour-les-adultes-atteints-dhypertension-sans-indications-convaincantes-pour-des-medicaments-specifiques\/\">Traitement global de protection vasculaire pour les adultes atteints d\u2019hypertension sans indications convaincantes pour des m\u00e9dicaments sp\u00e9cifiques<\/a><\/li>\n<li><a href=\"\/fr\/lignes-directrices\/prevention-et-traitement\/gestion-du-comportement-en-matiere-de-sante\/\">Gestion du comportement en mati\u00e8re de sant\u00e9<\/a><\/li>\n<li><a href=\"\/fr\/lignes-directrices\/prevention-et-traitement\/indications-pour-le-traitement-medicamenteux-chez-les-adultes-atteints-dhypertension-sans\/\">Indications pour le traitement m\u00e9dicamenteux chez les adultes atteints d\u2019hypertension sans<\/a><\/li>\n<li><a href=\"\/fr\/lignes-directrices\/prevention-et-traitement\/choix-de-traitement-pour-les-adultes-atteints-dhypertension-sans-indications-convaincantes-pour-des-agents-specifiques\/\">Choix de traitement pour les adultes atteints d\u2019hypertension sans indications convaincantes pour des agents sp\u00e9cifiques<\/a><\/li>\n<li><a href=\"\/fr\/lignes-directrices\/prevention-et-traitement\/traitement-de-lhypertension-associee-au-diabete-sucre\/\">Traitement de l\u2019hypertension associ\u00e9e au diab\u00e8te sucr\u00e9<\/a><\/li>\n<li><a href=\"\/fr\/lignes-directrices\/prevention-et-traitement\/traitement-de-lhypertension-associee-a-une-maladie-renale-chronique-non-diabetique\/\">Traitement de l\u2019hypertension associ\u00e9e \u00e0 une maladie r\u00e9nale chronique non diab\u00e9tique<\/a><\/li>\n<li><a href=\"\/fr\/lignes-directrices\/prevention-et-traitement\/traitement-de-lhypertension-associee-a-un-accident-vasculaire-cerebral\/\">Traitement de l\u2019hypertension associ\u00e9e \u00e0 un accident vasculaire c\u00e9r\u00e9bral<\/a><\/li>\n<li><a href=\"\/fr\/lignes-directrices\/prevention-et-traitement\/traitement-de-lhypertension-associee-a-une-cardiopathie-ischemique\/\">Traitement de l\u2019hypertension associ\u00e9e \u00e0 une cardiopathie isch\u00e9mique<\/a><\/li>\n<li><a href=\"\/fr\/lignes-directrices\/prevention-et-traitement\/traitement-de-lhypertension-associee-a-linsuffisance-cardiaque\/\">Traitement de l\u2019hypertension associ\u00e9e \u00e0 l\u2019insuffisance cardiaque<\/a><\/li>\n<li><a href=\"\/fr\/lignes-directrices\/prevention-et-traitement\/traitement-de-lhypertension-en-association-avec-une-hypertrophie-ventriculaire-gauche\/\">Traitement de l\u2019hypertension en association avec une hypertrophie ventriculaire gauche<\/a><\/li>\n<li><a href=\"\/fr\/lignes-directrices\/prevention-et-traitement\/hypertension-resistante\/\">Hypertension r\u00e9sistante<\/a><\/li>\n<li><a href=\"\/fr\/lignes-directrices\/prevention-et-traitement\/hypertension-with-renovascular-disease\/\">Traitement de l\u2019hypertension en association avec une maladie r\u00e9novasculaire<\/a><\/li>\n<li><a href=\"\/fr\/lignes-directrices\/prevention-et-traitement\/hypertension-endocrine-causes\/\">Traitement de l\u2019hypertension secondaire d\u2019origine endocrinienne<\/a><\/li>\n<li><a href=\"\/fr\/lignes-directrices\/prevention-et-traitement\/adherence\/\">Strat\u00e9gies d\u2019adh\u00e9sion pour les patients<\/a><\/li>\n<li><a href=\"\/fr\/lignes-directrices\/supplementary-tables\/\">Tableaux suppl\u00e9mentaires<\/a><\/li>\n<\/ul>\n<\/div><\/div><\/div><\/div><\/div><\/div><\/div><\/section>\n<\/div>","protected":false},"excerpt":{"rendered":"Pr\u00e9vention et traitementTable des mati\u00e8res [vc_empty_space height=\"20px\"] Traitement global de protection vasculaire pour les adultes atteints d\u2019hypertension sans indications convaincantes pour des m\u00e9dicaments sp\u00e9cifiques Gestion du comportement en mati\u00e8re de sant\u00e9 Indications pour le traitement m\u00e9dicamenteux chez les adultes atteints d\u2019hypertension sans Choix de traitement pour les adultes atteints d\u2019hypertension sans indications convaincantes pour des...","protected":false},"author":4209,"featured_media":0,"parent":50718,"menu_order":0,"comment_status":"closed","ping_status":"closed","template":"","meta":{"_acf_changed":false,"footnotes":""},"class_list":["post-50665","page","type-page","status-publish","hentry"],"acf":[],"_links":{"self":[{"href":"https:\/\/hypertension.idlwebclients.com\/fr\/wp-json\/wp\/v2\/pages\/50665","targetHints":{"allow":["GET"]}}],"collection":[{"href":"https:\/\/hypertension.idlwebclients.com\/fr\/wp-json\/wp\/v2\/pages"}],"about":[{"href":"https:\/\/hypertension.idlwebclients.com\/fr\/wp-json\/wp\/v2\/types\/page"}],"author":[{"embeddable":true,"href":"https:\/\/hypertension.idlwebclients.com\/fr\/wp-json\/wp\/v2\/users\/4209"}],"replies":[{"embeddable":true,"href":"https:\/\/hypertension.idlwebclients.com\/fr\/wp-json\/wp\/v2\/comments?post=50665"}],"version-history":[{"count":4,"href":"https:\/\/hypertension.idlwebclients.com\/fr\/wp-json\/wp\/v2\/pages\/50665\/revisions"}],"predecessor-version":[{"id":51467,"href":"https:\/\/hypertension.idlwebclients.com\/fr\/wp-json\/wp\/v2\/pages\/50665\/revisions\/51467"}],"up":[{"embeddable":true,"href":"https:\/\/hypertension.idlwebclients.com\/fr\/wp-json\/wp\/v2\/pages\/50718"}],"wp:attachment":[{"href":"https:\/\/hypertension.idlwebclients.com\/fr\/wp-json\/wp\/v2\/media?parent=50665"}],"curies":[{"name":"wp","href":"https:\/\/api.w.org\/{rel}","templated":true}]}}