{"id":50663,"date":"2023-09-22T14:13:45","date_gmt":"2023-09-22T18:13:45","guid":{"rendered":"https:\/\/hypertension.ca\/traitement-de-lhypertension-associee-a-un-accident-vasculaire-cerebral\/"},"modified":"2023-10-10T12:19:44","modified_gmt":"2023-10-10T16:19:44","slug":"traitement-de-lhypertension-associee-a-un-accident-vasculaire-cerebral","status":"publish","type":"page","link":"https:\/\/hypertension.idlwebclients.com\/fr\/lignes-directrices\/prevention-et-traitement\/traitement-de-lhypertension-associee-a-un-accident-vasculaire-cerebral\/","title":{"rendered":"Traitement de l\u2019hypertension associ\u00e9e \u00e0 un accident vasculaire c\u00e9r\u00e9bral"},"content":{"rendered":"<div id=\"modal-ready\"><section class=\"l-section wpb_row us_custom_5c31ec89 event-banner-section height_medium width_full\"><div class=\"l-section-h i-cf\"><div class=\"g-cols vc_row via_flex valign_top type_default stacking_default\"><div class=\"vc_col-sm-12 wpb_column vc_column_container\"><div class=\"vc_column-inner us_custom_461a6918\"><div class=\"wpb_wrapper\"><div class=\"w-image img-w-100 align_center\"><div class=\"w-image-h\"><img fetchpriority=\"high\" decoding=\"async\" width=\"1440\" height=\"252\" src=\"https:\/\/hypertension.idlwebclients.com\/wp-content\/uploads\/2023\/04\/HC-Guidelines-Credits-Page.jpg\" class=\"attachment-full size-full\" alt=\"\" srcset=\"https:\/\/hypertension.idlwebclients.com\/wp-content\/uploads\/2023\/04\/HC-Guidelines-Credits-Page.jpg 1440w, https:\/\/hypertension.idlwebclients.com\/wp-content\/uploads\/2023\/04\/HC-Guidelines-Credits-Page-300x53.jpg 300w, https:\/\/hypertension.idlwebclients.com\/wp-content\/uploads\/2023\/04\/HC-Guidelines-Credits-Page-1024x179.jpg 1024w, https:\/\/hypertension.idlwebclients.com\/wp-content\/uploads\/2023\/04\/HC-Guidelines-Credits-Page-200x35.jpg 200w, https:\/\/hypertension.idlwebclients.com\/wp-content\/uploads\/2023\/04\/HC-Guidelines-Credits-Page-600x105.jpg 600w, https:\/\/hypertension.idlwebclients.com\/wp-content\/uploads\/2023\/04\/HC-Guidelines-Credits-Page-1000x175.jpg 1000w, https:\/\/hypertension.idlwebclients.com\/wp-content\/uploads\/2023\/04\/HC-Guidelines-Credits-Page-500x88.jpg 500w, https:\/\/hypertension.idlwebclients.com\/wp-content\/uploads\/2023\/04\/HC-Guidelines-Credits-Page-700x123.jpg 700w\" sizes=\"(max-width: 1440px) 100vw, 1440px\" \/><\/div><\/div><\/div><\/div><\/div><\/div><\/div><\/section><section class=\"l-section wpb_row height_medium\"><div class=\"l-section-h i-cf\"><div class=\"g-cols vc_row via_flex valign_top type_default stacking_default\"><div class=\"vc_col-sm-12 wpb_column vc_column_container\"><div class=\"vc_column-inner\"><div class=\"wpb_wrapper\"><h1 class=\"w-post-elm post_title us_custom_83a03b96 title-underline small-underline has_text_color entry-title color_link_inherit\">Traitement de l\u2019hypertension associ\u00e9e \u00e0 un accident vasculaire c\u00e9r\u00e9bral<\/h1><\/div><\/div><\/div><\/div><\/div><\/section><section class=\"l-section wpb_row us_custom_887a049b height_medium\"><div class=\"l-section-h i-cf\"><div class=\"g-cols vc_row via_flex valign_top type_default stacking_default\"><div class=\"vc_col-sm-12 wpb_column vc_column_container\"><div class=\"vc_column-inner\"><div class=\"wpb_wrapper\"><div class=\"wpb_text_column sub-title\"><div class=\"wpb_wrapper\"><h2>Recommandations<\/h2>\n<\/div><\/div>[vc_empty_space height=\u00a0\u00bb20px\u00a0\u00bb][vc_custom_heading text=\u00a0\u00bbPrise en charge de la PA en cas d\u2019AVC isch\u00e9mique aigu (d\u2019apparition \u00e0 72\u00a0heures)\u00a0\u00bb font_container=\u00a0\u00bbtag:h4|text_align:left\u00a0\u00bb use_theme_fonts=\u00a0\u00bbyes\u00a0\u00bb css=\u00a0\u00bb%7B%22default%22%3A%7B%22color%22%3A%22_content_primary%22%2C%22font-size%22%3A%2218px%22%2C%22font-weight%22%3A%22700%22%7D%7D\u00a0\u00bb]<div class=\"wpb_text_column\"><div class=\"wpb_wrapper\"><ul>\n<li>Pour obtenir des lignes directrices sur la prise en charge de la PA en cas d\u2019AVC isch\u00e9mique en phase aigu\u00eb, consultez les recommandations actuelles sur les pratiques exemplaires en mati\u00e8re d\u2019AVC au Canada (www.strokebestpractices.ca\/recommandations).<\/li>\n<\/ul>\n<\/div><\/div>[vc_empty_space height=\u00a0\u00bb20px\u00a0\u00bb][vc_custom_heading text=\u00a0\u00bbPrise en charge de la PA apr\u00e8s un AVC isch\u00e9mique aigu\u00a0\u00bb font_container=\u00a0\u00bbtag:h4|text_align:left\u00a0\u00bb use_theme_fonts=\u00a0\u00bbyes\u00a0\u00bb css=\u00a0\u00bb%7B%22default%22%3A%7B%22color%22%3A%22_content_primary%22%2C%22font-size%22%3A%2218px%22%2C%22font-weight%22%3A%22700%22%7D%7D\u00a0\u00bb]<div class=\"wpb_text_column\"><div class=\"wpb_wrapper\"><ul>\n<li>Il faut envisager fortement l\u2019instauration d\u2019un traitement antihypertenseur apr\u00e8s la phase aigu\u00eb d\u2019un accident vasculaire c\u00e9r\u00e9bral ou d\u2019un accident isch\u00e9mique transitoire (grade A).<\/li>\n<li>Apr\u00e8s la phase aigu\u00eb d\u2019un AVC, un traitement hypotenseur est recommand\u00e9 pour atteindre une cible constante < 140\/90\u00a0mmHg (grade C).<\/li>\n<li>Un traitement par un inhibiteur ECA et une association diur\u00e9tique de type thiazide\/thiazide est pr\u00e9f\u00e9rable (grade A).<\/li>\n<li>Chez les patients ayant subi un AVC, l\u2019utilisation d\u2019un inhibiteur ECA avec un ARA n\u2019est pas recommand\u00e9e (grade B).<\/li>\n<\/ul>\n<\/div><\/div>[vc_empty_space height=\u00a0\u00bb20px\u00a0\u00bb][vc_custom_heading text=\u00a0\u00bbPrise en charge de la PA en cas d\u2019AVC h\u00e9morragique (d\u2019apparition \u00e0 72\u00a0heures)\u00a0\u00bb font_container=\u00a0\u00bbtag:h4|text_align:left\u00a0\u00bb use_theme_fonts=\u00a0\u00bbyes\u00a0\u00bb css=\u00a0\u00bb%7B%22default%22%3A%7B%22color%22%3A%22_content_primary%22%2C%22font-size%22%3A%2218px%22%2C%22font-weight%22%3A%22700%22%7D%7D\u00a0\u00bb]<div class=\"wpb_text_column\"><div class=\"wpb_wrapper\"><ul>\n<li>Pour obtenir des lignes directrices sur la prise en charge de la PA dans les cas d\u2019AVC h\u00e9morrhagique aigu, consultez les recommandations canadiennes actuelles sur les pratiques exemplaires en mati\u00e8re d\u2019AVC (www.strokebestpractices.ca\/recommandations).<\/li>\n<\/ul>\n<\/div><\/div><\/div><\/div><\/div><\/div><\/div><\/section>\n<\/div>","protected":false},"excerpt":{"rendered":"Traitement de l\u2019hypertension associ\u00e9e \u00e0 un accident vasculaire c\u00e9r\u00e9bral Recommandations [vc_empty_space height=\"20px\"][vc_custom_heading text=\"Prise en charge de la PA en cas d\u2019AVC isch\u00e9mique aigu (d\u2019apparition \u00e0 72\u00a0heures)\" font_container=\"tag:h4|text_align:left\" use_theme_fonts=\"yes\" css=\"%7B%22default%22%3A%7B%22color%22%3A%22_content_primary%22%2C%22font-size%22%3A%2218px%22%2C%22font-weight%22%3A%22700%22%7D%7D\"] Pour obtenir des lignes directrices sur la prise en charge de la PA en cas d\u2019AVC isch\u00e9mique en phase aigu\u00eb, consultez les recommandations actuelles sur les...","protected":false},"author":4209,"featured_media":0,"parent":50665,"menu_order":0,"comment_status":"closed","ping_status":"closed","template":"","meta":{"_acf_changed":false,"footnotes":""},"class_list":["post-50663","page","type-page","status-publish","hentry"],"acf":[],"_links":{"self":[{"href":"https:\/\/hypertension.idlwebclients.com\/fr\/wp-json\/wp\/v2\/pages\/50663","targetHints":{"allow":["GET"]}}],"collection":[{"href":"https:\/\/hypertension.idlwebclients.com\/fr\/wp-json\/wp\/v2\/pages"}],"about":[{"href":"https:\/\/hypertension.idlwebclients.com\/fr\/wp-json\/wp\/v2\/types\/page"}],"author":[{"embeddable":true,"href":"https:\/\/hypertension.idlwebclients.com\/fr\/wp-json\/wp\/v2\/users\/4209"}],"replies":[{"embeddable":true,"href":"https:\/\/hypertension.idlwebclients.com\/fr\/wp-json\/wp\/v2\/comments?post=50663"}],"version-history":[{"count":3,"href":"https:\/\/hypertension.idlwebclients.com\/fr\/wp-json\/wp\/v2\/pages\/50663\/revisions"}],"predecessor-version":[{"id":50793,"href":"https:\/\/hypertension.idlwebclients.com\/fr\/wp-json\/wp\/v2\/pages\/50663\/revisions\/50793"}],"up":[{"embeddable":true,"href":"https:\/\/hypertension.idlwebclients.com\/fr\/wp-json\/wp\/v2\/pages\/50665"}],"wp:attachment":[{"href":"https:\/\/hypertension.idlwebclients.com\/fr\/wp-json\/wp\/v2\/media?parent=50663"}],"curies":[{"name":"wp","href":"https:\/\/api.w.org\/{rel}","templated":true}]}}