{"id":50653,"date":"2023-09-22T14:13:34","date_gmt":"2023-09-22T18:13:34","guid":{"rendered":"https:\/\/hypertension.ca\/indications-pour-le-traitement-medicamenteux-chez-les-adultes-atteints-dhypertension-sans\/"},"modified":"2023-12-20T06:19:54","modified_gmt":"2023-12-20T11:19:54","slug":"indications-pour-le-traitement-medicamenteux-chez-les-adultes-atteints-dhypertension-sans","status":"publish","type":"page","link":"https:\/\/hypertension.idlwebclients.com\/fr\/lignes-directrices\/prevention-et-traitement\/indications-pour-le-traitement-medicamenteux-chez-les-adultes-atteints-dhypertension-sans\/","title":{"rendered":"Indications pour le traitement m\u00e9dicamenteux chez les adultes atteints d\u2019hypertension sans"},"content":{"rendered":"<div id=\"modal-ready\"><section class=\"l-section wpb_row us_custom_5c31ec89 event-banner-section height_medium width_full\"><div class=\"l-section-h i-cf\"><div class=\"g-cols vc_row via_flex valign_top type_default stacking_default\"><div class=\"vc_col-sm-12 wpb_column vc_column_container\"><div class=\"vc_column-inner us_custom_461a6918\"><div class=\"wpb_wrapper\"><div class=\"w-image img-w-100 align_center\"><div class=\"w-image-h\"><img fetchpriority=\"high\" decoding=\"async\" width=\"1440\" height=\"252\" src=\"https:\/\/hypertension.idlwebclients.com\/wp-content\/uploads\/2023\/04\/HC-Guidelines-Credits-Page.jpg\" class=\"attachment-full size-full\" alt=\"\" srcset=\"https:\/\/hypertension.idlwebclients.com\/wp-content\/uploads\/2023\/04\/HC-Guidelines-Credits-Page.jpg 1440w, https:\/\/hypertension.idlwebclients.com\/wp-content\/uploads\/2023\/04\/HC-Guidelines-Credits-Page-300x53.jpg 300w, https:\/\/hypertension.idlwebclients.com\/wp-content\/uploads\/2023\/04\/HC-Guidelines-Credits-Page-1024x179.jpg 1024w, https:\/\/hypertension.idlwebclients.com\/wp-content\/uploads\/2023\/04\/HC-Guidelines-Credits-Page-200x35.jpg 200w, https:\/\/hypertension.idlwebclients.com\/wp-content\/uploads\/2023\/04\/HC-Guidelines-Credits-Page-600x105.jpg 600w, https:\/\/hypertension.idlwebclients.com\/wp-content\/uploads\/2023\/04\/HC-Guidelines-Credits-Page-1000x175.jpg 1000w, https:\/\/hypertension.idlwebclients.com\/wp-content\/uploads\/2023\/04\/HC-Guidelines-Credits-Page-500x88.jpg 500w, https:\/\/hypertension.idlwebclients.com\/wp-content\/uploads\/2023\/04\/HC-Guidelines-Credits-Page-700x123.jpg 700w\" sizes=\"(max-width: 1440px) 100vw, 1440px\" \/><\/div><\/div><\/div><\/div><\/div><\/div><\/div><\/section><section class=\"l-section wpb_row height_medium\"><div class=\"l-section-h i-cf\"><div class=\"g-cols vc_row via_flex valign_top type_default stacking_default\"><div class=\"vc_col-sm-12 wpb_column vc_column_container\"><div class=\"vc_column-inner\"><div class=\"wpb_wrapper\"><h1 class=\"w-post-elm post_title us_custom_83a03b96 title-underline small-underline has_text_color entry-title color_link_inherit\">Indications pour le traitement m\u00e9dicamenteux chez les adultes atteints d\u2019hypertension sans<\/h1><\/div><\/div><\/div><\/div><\/div><\/section><section class=\"l-section wpb_row us_custom_887a049b height_medium\"><div class=\"l-section-h i-cf\"><div class=\"g-cols vc_row via_flex valign_top type_default stacking_default\"><div class=\"vc_col-sm-12 wpb_column vc_column_container\"><div class=\"vc_column-inner\"><div class=\"wpb_wrapper\"><div class=\"wpb_text_column sub-title\"><div class=\"wpb_wrapper\"><h2>Recommandations<\/h2>\n<\/div><\/div>[vc_empty_space height=\u00a0\u00bb20px\u00a0\u00bb]<div class=\"wpb_text_column us_custom_50cc7d67\"><div class=\"wpb_wrapper\"><ul>\n<li>Un traitement antihypertenseur doit \u00eatre prescrit en cas de mesure moyenne de la PAD de 100 mm Hg (grade A ; objectif \u00e9tabli \u00e0 l&rsquo;aide de la MPO) ou de mesure moyenne de la PAS de 160 mm Hg (grade A ; objectif \u00e9tabli \u00e0 l&rsquo;aide de la MPO) chez les patients ne pr\u00e9sentant pas de l\u00e9sions macrovasculaires des organes cibles ou d&rsquo;autres facteurs de risque cardiovasculaire.<\/li>\n<li>Un traitement antihypertenseur doit \u00eatre fortement envisag\u00e9 en cas de lecture moyenne de la PAD \u00e0 90 mm Hg (grade A) ou de lecture moyenne de la PAS \u00e0 140 mm Hg (grade B pour 140-160 mm Hg ; grade A pour &gt; 160 mm Hg ; cibles \u00e9tablies \u00e0 l&rsquo;aide de la MPO) en pr\u00e9sence de l\u00e9sions macrovasculaires des organes cibles ou d&rsquo;autres facteurs de risque cardiovasculaire ind\u00e9pendants.<\/li>\n<li>Pour les patients \u00e0 haut risque (tableau 5), \u00e2g\u00e9s de 50 ans ou plus, avec des niveaux de PAS de 130 mm Hg, une prise en charge intensive visant \u00e0 obtenir une PAS &lt; 120 mm Hg doit \u00eatre envisag\u00e9e. La prise en charge intensive doit \u00eatre guid\u00e9e par les mesures de la PAO (voir la section I. Mesure pr\u00e9cise de la PA, et la section Technique recommand\u00e9e pour la mesure automatis\u00e9e de la pression art\u00e9rielle au cabinet m\u00e9dical du tableau suppl\u00e9mentaire S1). Il est recommand\u00e9 de s\u00e9lectionner les patients pour une prise en charge intensive et de faire preuve de prudence dans certains groupes \u00e0 haut risque (Tableau 8 ; Grade B).<\/li>\n<\/ul>\n<\/div><\/div><\/div><\/div><\/div><\/div><\/div><\/section>\n<\/div>","protected":false},"excerpt":{"rendered":"Indications pour le traitement m\u00e9dicamenteux chez les adultes atteints d\u2019hypertension sansRecommandations [vc_empty_space height=\"20px\"] Un traitement antihypertenseur doit \u00eatre prescrit en cas de mesure moyenne de la PAD de 100 mm Hg (grade A ; objectif \u00e9tabli \u00e0 l&rsquo;aide de la MPO) ou de mesure moyenne de la PAS de 160 mm Hg (grade A ;...","protected":false},"author":4209,"featured_media":0,"parent":50665,"menu_order":0,"comment_status":"closed","ping_status":"closed","template":"","meta":{"_acf_changed":false,"footnotes":""},"class_list":["post-50653","page","type-page","status-publish","hentry"],"acf":[],"_links":{"self":[{"href":"https:\/\/hypertension.idlwebclients.com\/fr\/wp-json\/wp\/v2\/pages\/50653","targetHints":{"allow":["GET"]}}],"collection":[{"href":"https:\/\/hypertension.idlwebclients.com\/fr\/wp-json\/wp\/v2\/pages"}],"about":[{"href":"https:\/\/hypertension.idlwebclients.com\/fr\/wp-json\/wp\/v2\/types\/page"}],"author":[{"embeddable":true,"href":"https:\/\/hypertension.idlwebclients.com\/fr\/wp-json\/wp\/v2\/users\/4209"}],"replies":[{"embeddable":true,"href":"https:\/\/hypertension.idlwebclients.com\/fr\/wp-json\/wp\/v2\/comments?post=50653"}],"version-history":[{"count":5,"href":"https:\/\/hypertension.idlwebclients.com\/fr\/wp-json\/wp\/v2\/pages\/50653\/revisions"}],"predecessor-version":[{"id":51425,"href":"https:\/\/hypertension.idlwebclients.com\/fr\/wp-json\/wp\/v2\/pages\/50653\/revisions\/51425"}],"up":[{"embeddable":true,"href":"https:\/\/hypertension.idlwebclients.com\/fr\/wp-json\/wp\/v2\/pages\/50665"}],"wp:attachment":[{"href":"https:\/\/hypertension.idlwebclients.com\/fr\/wp-json\/wp\/v2\/media?parent=50653"}],"curies":[{"name":"wp","href":"https:\/\/api.w.org\/{rel}","templated":true}]}}