{"id":50639,"date":"2023-09-22T14:13:27","date_gmt":"2023-09-22T18:13:27","guid":{"rendered":"https:\/\/hypertension.ca\/je-crains-avoir-une-pression-arterielle-elevee-que-dois-je-savoir\/"},"modified":"2023-12-27T09:19:48","modified_gmt":"2023-12-27T14:19:48","slug":"je-crains-avoir-une-pression-arterielle-elevee-que-dois-je-savoir","status":"publish","type":"page","link":"https:\/\/hypertension.idlwebclients.com\/fr\/je-crains-avoir-une-pression-arterielle-elevee-que-dois-je-savoir\/","title":{"rendered":"Je crains avoir une pression art\u00e9rielle \u00e9lev\u00e9e, <br\/>Que dois-je savoir?"},"content":{"rendered":"<div id=\"modal-ready\"><section class=\"l-section wpb_row us_custom_5c31ec89 event-banner-section height_medium width_full\"><div class=\"l-section-h i-cf\"><div class=\"g-cols vc_row via_flex valign_top type_default stacking_default\"><div class=\"vc_col-sm-12 wpb_column vc_column_container\"><div class=\"vc_column-inner us_custom_461a6918\"><div class=\"wpb_wrapper\"><div class=\"w-image img-w-100 align_center\"><div class=\"w-image-h\"><img fetchpriority=\"high\" decoding=\"async\" width=\"1920\" height=\"350\" src=\"https:\/\/hypertension.idlwebclients.com\/wp-content\/uploads\/2023\/05\/concern.png\" class=\"attachment-full size-full\" alt=\"\" srcset=\"https:\/\/hypertension.idlwebclients.com\/wp-content\/uploads\/2023\/05\/concern.png 1920w, https:\/\/hypertension.idlwebclients.com\/wp-content\/uploads\/2023\/05\/concern-300x55.png 300w, https:\/\/hypertension.idlwebclients.com\/wp-content\/uploads\/2023\/05\/concern-1024x187.png 1024w, https:\/\/hypertension.idlwebclients.com\/wp-content\/uploads\/2023\/05\/concern-200x36.png 200w, https:\/\/hypertension.idlwebclients.com\/wp-content\/uploads\/2023\/05\/concern-600x109.png 600w, https:\/\/hypertension.idlwebclients.com\/wp-content\/uploads\/2023\/05\/concern-1000x182.png 1000w, https:\/\/hypertension.idlwebclients.com\/wp-content\/uploads\/2023\/05\/concern-500x91.png 500w, https:\/\/hypertension.idlwebclients.com\/wp-content\/uploads\/2023\/05\/concern-700x128.png 700w\" sizes=\"(max-width: 1920px) 100vw, 1920px\" \/><\/div><\/div><\/div><\/div><\/div><\/div><\/div><\/section><section class=\"l-section wpb_row height_medium\"><div class=\"l-section-h i-cf\"><div class=\"g-cols vc_row via_flex valign_top type_default stacking_default\"><div class=\"vc_col-sm-12 wpb_column vc_column_container\"><div class=\"vc_column-inner\"><div class=\"wpb_wrapper\"><h1 class=\"w-post-elm post_title us_custom_83a03b96 title-underline small-underline has_text_color entry-title color_link_inherit\">Je crains avoir une pression art\u00e9rielle \u00e9lev\u00e9e, <br\/>Que dois-je savoir?<\/h1><\/div><\/div><\/div><\/div><\/div><\/section><section class=\"l-section wpb_row us_custom_21df0923 height_medium\"><div class=\"l-section-h i-cf\"><div class=\"g-cols vc_row via_flex valign_top type_default stacking_default\"><div class=\"vc_col-sm-3 wpb_column vc_column_container\"><div class=\"vc_column-inner\"><div class=\"wpb_wrapper\"><div class=\"w-menu us_custom_094729a3 guidelines-sidebar-menu ul-side-menu layout_ver style_links us_menu_1\" style=\"--main-gap:0.2rem;--main-ver-indent:0.8em;--main-hor-indent:0.8em;--main-color:inherit;\"><ul id=\"menu-public-sidebar-fr\" class=\"menu\"><li id=\"menu-item-51576\" class=\"menu-item menu-item-type-custom menu-item-object-custom menu-item-51576\"><a href=\"https:\/\/hypertension.idlwebclients.com\/fr\/je-crains-avoir-une-pression-arterielle-elevee-que-dois-je-savoir#what-is-high-bp\">Qu&rsquo;est-ce que l&rsquo;hypertension art\u00e9rielle ?<\/a><\/li><li id=\"menu-item-51577\" class=\"menu-item menu-item-type-custom menu-item-object-custom menu-item-51577\"><a href=\"https:\/\/hypertension.idlwebclients.com\/fr\/je-crains-avoir-une-pression-arterielle-elevee-que-dois-je-savoir#how-develop-high-bp\">Comment se d\u00e9veloppe l&rsquo;hypertension art\u00e9rielle ?<\/a><\/li><li id=\"menu-item-51578\" class=\"menu-item menu-item-type-custom menu-item-object-custom menu-item-51578\"><a href=\"https:\/\/hypertension.idlwebclients.com\/fr\/je-crains-avoir-une-pression-arterielle-elevee-que-dois-je-savoir#high-bp-mean\">Que signifie ma tension art\u00e9rielle ?<\/a><\/li><li id=\"menu-item-51579\" class=\"menu-item menu-item-type-custom menu-item-object-custom menu-item-51579\"><a href=\"https:\/\/hypertension.idlwebclients.com\/fr\/je-crains-avoir-une-pression-arterielle-elevee-que-dois-je-savoir#why-care-high-bp\">Pourquoi devrais-je me pr\u00e9occuper de l&rsquo;hypertension art\u00e9rielle ?<\/a><\/li><\/ul><style>@media ( max-width:600px ){.us_menu_1 .menu{display:block!important}.us_menu_1 .menu>li{margin:0 0 var(--main-gap,0.2rem)!important}}<\/style><\/div><\/div><\/div><\/div><div class=\"vc_col-sm-9 wpb_column vc_column_container sub-title\"><div class=\"vc_column-inner\"><div class=\"wpb_wrapper\"><div id=\"ultimate-heading-642769f77f1251a2d\" class=\"uvc-heading ult-adjust-bottom-margin ultimate-heading-642769f77f1251a2d uvc-2260 text-center\" data-hspacer=\"no_spacer\"  data-halign=\"center\" style=\"text-align:center\"><div class=\"uvc-heading-spacer no_spacer\" style=\"top\"><\/div><div class=\"uvc-main-heading ult-responsive\"  data-ultimate-target='.uvc-heading.ultimate-heading-642769f77f1251a2d h2'  data-responsive-json-new='{\"font-size\":\"\",\"line-height\":\"\"}' ><h2 style=\"font-weight:bold;color:#b21f2a;\">Vid\u00e9o \u00e9ducative sur la pression art\u00e9rielle<\/h2><\/div><\/div><div class=\"w-video align_none ratio_16x9 has_iframe\"><div class=\"w-video-h\"><iframe title=\"Youtube video player\" src=\"\/\/www.youtube.com\/embed\/Ni2cdJdz5hw?origin=https:\/\/hypertension.idlwebclients.com&controls=1\" allowfullscreen=\"1\" loading=\"lazy\"><\/iframe><\/div><div class=\"w-video-icon\" style=\"font-size:1.5rem;background:rgba(0,0,0,0.5);color:#fff\"><\/div><\/div><\/div><\/div><\/div><\/div><\/div><\/section><section class=\"l-section wpb_row us_custom_b48b2d62 height_medium\" id=\"what-is-high-bp\"><div class=\"l-section-h i-cf\"><div class=\"g-cols vc_row via_flex valign_top type_default stacking_default\"><div class=\"vc_col-sm-12 wpb_column vc_column_container sub-title\"><div class=\"vc_column-inner\"><div class=\"wpb_wrapper\"><div class=\"wpb_text_column\"><div class=\"wpb_wrapper\"><h2>Qu\u2019est-ce que l\u2019hypertension art\u00e9rielle\u00a0?<\/h2>\n<p>La pression art\u00e9rielle est la force exerc\u00e9e par le sang pomp\u00e9 par le c\u0153ur sur les vaisseaux sanguins. Cette force permet au sang de circuler et d&rsquo;apporter des nutriments et de l&rsquo;oxyg\u00e8ne aux organes et aux tissus de l&rsquo;ensemble du corps.<\/p>\n<p>L&rsquo;hypertension art\u00e9rielle se produit lorsqu&rsquo;il y a trop de pression dans les vaisseaux sanguins. Cette pression peut endommager les vaisseaux sanguins et provoquer des probl\u00e8mes de sant\u00e9. L&rsquo;hypertension art\u00e9rielle peut toucher tout le monde, mais elle est plus fr\u00e9quente avec l&rsquo;\u00e2ge.<\/p>\n<p><em><strong>L&rsquo;hypertension art\u00e9rielle est comparable \u00e0 un exc\u00e8s d&rsquo;air dans un pneu ou un ballon.<\/strong><\/em><\/p>\n<\/div><\/div><\/div><\/div><\/div><\/div><\/div><\/section><section class=\"l-section wpb_row us_custom_b48b2d62 height_medium\" id=\"how-develop-high-bp\"><div class=\"l-section-h i-cf\"><div class=\"g-cols vc_row via_flex valign_top type_default stacking_default\"><div class=\"vc_col-sm-12 wpb_column vc_column_container sub-title\"><div class=\"vc_column-inner\"><div class=\"wpb_wrapper\"><div class=\"wpb_text_column\"><div class=\"wpb_wrapper\"><h2>Comment se d\u00e9veloppe l&rsquo;hypertension art\u00e9rielle ?<\/h2>\n<p>Certaines causes de l&rsquo;hypertension art\u00e9rielle peuvent \u00eatre g\u00e9r\u00e9es, d&rsquo;autres sont ind\u00e9pendantes de votre volont\u00e9. Consultez votre m\u00e9decin pour en savoir plus sur ce que vous pouvez faire.<\/p>\n<h4><em>Les causes que vous pouvez contr\u00f4ler :<\/em><\/h4>\n<\/div><\/div><div class=\"g-cols wpb_row us_custom_887a049b via_flex valign_top type_default stacking_default\"><div class=\"vc_col-sm-4 wpb_column vc_column_container\"><div class=\"vc_column-inner\"><div class=\"wpb_wrapper\"><div class=\"wpb_text_column\"><div class=\"wpb_wrapper\"><ul>\n<li>Facteurs li\u00e9s au mode de vie<\/li>\n<li>Fumer<\/li>\n<li>Consommation excessive d&rsquo;alcool<\/li>\n<li>Le stress<\/li>\n<li>Diab\u00e8te<\/li>\n<li>Apn\u00e9e du sommeil<\/li>\n<\/ul>\n<\/div><\/div><\/div><\/div><\/div><div class=\"vc_col-sm-4 wpb_column vc_column_container\"><div class=\"vc_column-inner\"><div class=\"wpb_wrapper\"><div class=\"wpb_text_column\"><div class=\"wpb_wrapper\"><ul>\n<li>R\u00e9gime alimentaire malsain<\/li>\n<li>Ob\u00e9sit\u00e9<\/li>\n<li>Mode de vie s\u00e9dentaire<\/li>\n<li>les probl\u00e8mes de sant\u00e9 (s&rsquo;ils sont correctement pris en charge, ils peuvent contribuer \u00e0 abaisser la tension art\u00e9rielle)<\/li>\n<li>Maladie r\u00e9nale<\/li>\n<\/ul>\n<\/div><\/div><\/div><\/div><\/div><div class=\"vc_col-sm-4 wpb_column vc_column_container\"><div class=\"vc_column-inner\"><div class=\"wpb_wrapper\"><\/div><\/div><\/div><\/div><div class=\"wpb_text_column us_custom_3188818e\"><div class=\"wpb_wrapper\"><h4><em>Les causes que vous ne pouvez pas contr\u00f4ler :<\/em><\/h4>\n<ul>\n<li>L&rsquo;\u00e2ge<\/li>\n<li>Ant\u00e9c\u00e9dents familiaux (g\u00e9n\u00e9tique)<\/li>\n<\/ul>\n<\/div><\/div><\/div><\/div><\/div><\/div><\/div><\/section><section class=\"l-section wpb_row us_custom_b48b2d62 height_medium\" id=\"high-bp-mean\"><div class=\"l-section-h i-cf\"><div class=\"g-cols vc_row via_flex valign_top type_default stacking_default\"><div class=\"vc_col-sm-12 wpb_column vc_column_container sub-title\"><div class=\"vc_column-inner\"><div class=\"wpb_wrapper\"><div class=\"wpb_text_column\"><div class=\"wpb_wrapper\"><h2>Quel est le chiffre de ma tension art\u00e9rielle et que signifie-t-il ?<\/h2>\n<p>La premi\u00e8re \u00e9tape pour comprendre l&rsquo;hypertension art\u00e9rielle est d&rsquo;apprendre ce que signifient les chiffres. La tension art\u00e9rielle est mesur\u00e9e \u00e0 l&rsquo;aide de deux chiffres : la tension systolique (le chiffre le plus \u00e9lev\u00e9) et la tension diastolique (le chiffre le plus bas) (par exemple, 120\/80 mmHg) :<\/p>\n<ul>\n<li>La pression systolique se produit lorsque le c\u0153ur se contracte.<\/li>\n<li>La pression diastolique se produit lorsque le c\u0153ur se d\u00e9tend et se remplit de sang.<\/li>\n<li>La pression art\u00e9rielle est mesur\u00e9e en millim\u00e8tres de mercure (mmHg), qui est une mesure standardis\u00e9e de la pression.<\/li>\n<\/ul>\n<p>Plus la tension art\u00e9rielle systolique ou diastolique est \u00e9lev\u00e9e &#8211; et plus longtemps elle reste \u00e9lev\u00e9e &#8211; plus les dommages potentiels aux vaisseaux sanguins sont importants.<\/p>\n<\/div><\/div><\/div><\/div><\/div><\/div><\/div><\/section><section class=\"l-section wpb_row us_custom_b48b2d62 maintain-bp-page height_medium\"><div class=\"l-section-h i-cf\"><div class=\"g-cols vc_row via_flex valign_top type_default stacking_default\"><div class=\"vc_col-sm-12 wpb_column vc_column_container\"><div class=\"vc_column-inner\"><div class=\"wpb_wrapper\"><div class=\"wpb_text_column\"><div class=\"wpb_wrapper\"><p><strong>Objectifs de pression art\u00e9rielle<\/strong><\/p>\n<table>\n<thead>\n<tr>\n<th width=\"30%\">Systolique<\/th>\n<th width=\"30%\">Diastolique<\/th>\n<th>Description<\/th>\n<\/tr>\n<\/thead>\n<tbody>\n<tr>\n<td>Moins de 140 mmHg<\/td>\n<td>Moins de 90 mmHg<\/td>\n<td>Il s&rsquo;agit de la tension art\u00e9rielle cible pour la plupart des personnes (voir ci-dessous pour les exceptions).<\/td>\n<\/tr>\n<tr>\n<td>Moins de 130 mmHg<\/td>\n<td>Moins de 90 mmHg<\/td>\n<td>Cible sp\u00e9ciale pour les personnes souffrant de diab\u00e8te.<\/td>\n<\/tr>\n<tr>\n<td>Moins de 120 mmHg<\/td>\n<td>&#8212;<\/td>\n<td>Chez certaines personnes pr\u00e9sentant un risque \u00e9lev\u00e9 de maladie cardiaque (personnes \u00e2g\u00e9es de plus de 75 ans ou souffrant d&rsquo;une maladie cardiaque ou r\u00e9nale ou pr\u00e9sentant plusieurs facteurs de risque).<\/td>\n<\/tr>\n<\/tbody>\n<\/table>\n<p><em>Ces objectifs doivent \u00eatre discut\u00e9s avec votre fournisseur de soins de sant\u00e9.<\/em><\/p>\n<\/div><\/div><\/div><\/div><\/div><\/div><\/div><\/section><section class=\"l-section wpb_row us_custom_c9f82b3a height_medium\" id=\"why-care-high-bp\"><div class=\"l-section-h i-cf\"><div class=\"g-cols vc_row via_flex valign_top type_default stacking_default\"><div class=\"vc_col-sm-12 wpb_column vc_column_container sub-title\"><div class=\"vc_column-inner\"><div class=\"wpb_wrapper\"><div class=\"wpb_text_column\"><div class=\"wpb_wrapper\"><h2>Pourquoi devrais-je me pr\u00e9occuper de l&rsquo;hypertension art\u00e9rielle ?<\/h2>\n<p>Si votre tension art\u00e9rielle n&rsquo;est pas bien contr\u00f4l\u00e9e, elle peut pr\u00e9senter de graves risques pour la sant\u00e9. L&rsquo;hypertension art\u00e9rielle augmente le risque de :<\/p>\n<\/div><\/div><div class=\"g-cols wpb_row us_custom_79be9bf9 via_flex valign_top type_default stacking_default\"><div class=\"vc_col-sm-4 wpb_column vc_column_container\"><div class=\"vc_column-inner\"><div class=\"wpb_wrapper\"><div class=\"wpb_text_column\"><div class=\"wpb_wrapper\"><ul>\n<li>Accident vasculaire c\u00e9r\u00e9bral<\/li>\n<li>Crise cardiaque<\/li>\n<li>Probl\u00e8mes oculaires<\/li>\n<li>D\u00e9mence<\/li>\n<\/ul>\n<\/div><\/div><\/div><\/div><\/div><div class=\"vc_col-sm-4 wpb_column vc_column_container\"><div class=\"vc_column-inner\"><div class=\"wpb_wrapper\"><div class=\"wpb_text_column\"><div class=\"wpb_wrapper\"><ul>\n<li>Maladies r\u00e9nales<\/li>\n<li>Insuffisance cardiaque<\/li>\n<li>Dysfonctionnement \u00e9rectile<\/li>\n<\/ul>\n<\/div><\/div><\/div><\/div><\/div><div class=\"vc_col-sm-4 wpb_column vc_column_container\"><div class=\"vc_column-inner\"><div class=\"wpb_wrapper\"><\/div><\/div><\/div><\/div><div class=\"wpb_text_column\"><div class=\"wpb_wrapper\"><h4>L&rsquo;hypertension art\u00e9rielle est fr\u00e9quente, mais la plupart des gens ne savent m\u00eame pas qu&rsquo;ils en souffrent ! Agissez d\u00e8s aujourd&rsquo;hui :<\/h4>\n<ul>\n<li>V\u00e9rifiez votre tension art\u00e9rielle \u00e0 la maison avec un <a href=\"\/fr\/page-daccueil-publique\/recommended-devices-public\/\">moniteur de tension art\u00e9rielle<\/a> ou demandez \u00e0 votre fournisseur de soins de sant\u00e9 de le faire pour vous au cabinet de votre m\u00e9decin ou \u00e0 la pharmacie.<\/li>\n<li>Travaillez avec votre m\u00e9decin pour \u00e9laborer un plan de contr\u00f4le de votre tension art\u00e9rielle afin de rester en bonne sant\u00e9 et de r\u00e9duire le risque de probl\u00e8mes de sant\u00e9 graves. <a href=\"\/fr\/comment-puis-je-maintenir-une-pression-arterielle-saine\/#bp-medication\">Cliquez ici<\/a> pour en savoir plus sur les m\u00e9dicaments<\/li>\n<\/ul>\n<h5><a href=\"https:\/\/hypertension.idlwebclients.com\/fr\/ressources\/educational-resources-public\/\">Cliquez ici<\/a> pour acc\u00e9der \u00e0 notre page contenant d&rsquo;autres ressources \u00e9ducatives que vous pouvez t\u00e9l\u00e9charger gratuitement<\/h5>\n<\/div><\/div><\/div><\/div><\/div><\/div><\/div><\/section>\n<\/div>","protected":false},"excerpt":{"rendered":"Je crains avoir une pression art\u00e9rielle \u00e9lev\u00e9e, Que dois-je savoir?Qu&rsquo;est-ce que l&rsquo;hypertension art\u00e9rielle ?Comment se d\u00e9veloppe l&rsquo;hypertension art\u00e9rielle ?Que signifie ma tension art\u00e9rielle ?Pourquoi devrais-je me pr\u00e9occuper de l&rsquo;hypertension art\u00e9rielle ?Vid\u00e9o \u00e9ducative sur la pression art\u00e9rielleQu\u2019est-ce que l\u2019hypertension art\u00e9rielle\u00a0? La pression art\u00e9rielle est la force exerc\u00e9e par le sang pomp\u00e9 par le c\u0153ur sur les...","protected":false},"author":4209,"featured_media":0,"parent":0,"menu_order":0,"comment_status":"closed","ping_status":"closed","template":"","meta":{"_acf_changed":false,"footnotes":""},"class_list":["post-50639","page","type-page","status-publish","hentry"],"acf":[],"_links":{"self":[{"href":"https:\/\/hypertension.idlwebclients.com\/fr\/wp-json\/wp\/v2\/pages\/50639","targetHints":{"allow":["GET"]}}],"collection":[{"href":"https:\/\/hypertension.idlwebclients.com\/fr\/wp-json\/wp\/v2\/pages"}],"about":[{"href":"https:\/\/hypertension.idlwebclients.com\/fr\/wp-json\/wp\/v2\/types\/page"}],"author":[{"embeddable":true,"href":"https:\/\/hypertension.idlwebclients.com\/fr\/wp-json\/wp\/v2\/users\/4209"}],"replies":[{"embeddable":true,"href":"https:\/\/hypertension.idlwebclients.com\/fr\/wp-json\/wp\/v2\/comments?post=50639"}],"version-history":[{"count":6,"href":"https:\/\/hypertension.idlwebclients.com\/fr\/wp-json\/wp\/v2\/pages\/50639\/revisions"}],"predecessor-version":[{"id":51575,"href":"https:\/\/hypertension.idlwebclients.com\/fr\/wp-json\/wp\/v2\/pages\/50639\/revisions\/51575"}],"wp:attachment":[{"href":"https:\/\/hypertension.idlwebclients.com\/fr\/wp-json\/wp\/v2\/media?parent=50639"}],"curies":[{"name":"wp","href":"https:\/\/api.w.org\/{rel}","templated":true}]}}